{"id":5774,"date":"2025-09-29T21:12:00","date_gmt":"2025-09-29T18:12:00","guid":{"rendered":"https:\/\/drsuleymanozer.com\/ueber\/"},"modified":"2025-12-23T18:58:37","modified_gmt":"2025-12-23T15:58:37","slug":"ueber","status":"publish","type":"page","link":"https:\/\/drsuleymanozer.com\/de\/ueber\/","title":{"rendered":"\u00dcber"},"content":{"rendered":"<section class=\"l-section wpb_row height_large\"><div class=\"l-section-h i-cf\"><div class=\"g-cols vc_row via_grid cols_1 laptops-cols_inherit tablets-cols_inherit mobiles-cols_1 valign_top type_default stacking_default\"><div class=\"wpb_column vc_column_container\"><div class=\"vc_column-inner\"><div class=\"g-cols wpb_row us_custom_de69c693 via_grid cols_2 laptops-cols_inherit tablets-cols_inherit mobiles-cols_1 valign_middle type_default reversed stacking_default\" style=\"--columns-gap:3rem;\"><div class=\"wpb_column vc_column_container\"><div class=\"vc_column-inner\"><div class=\"wpb_text_column us_custom_a5c88937\"><div class=\"wpb_wrapper\"><p><strong>S\u00fcleyman \u00d6zer<\/strong> schloss sein Medizinstudium an der Universit\u00e4t Istanbul, Medizinische Fakult\u00e4t Istanbul, mit dem Titel eines Doktors der Medizin ab.<\/p>\n<p>Nach seinem Abschluss hat er sein Fachwissen in der \u00e4sthetischen Medizin durch verschiedene nationale und internationale Schulungen weiter vertieft. Durch die Kombination von modernen Technologien, innovativen Produkten und seiner gro\u00dfen klinischen Erfahrung bietet er personalisierte, sichere und nat\u00fcrlich aussehende Behandlungen. <\/p>\n<p>Heute bietet er weiterhin qualitativ hochwertige, patientenorientierte \u00e4sthetische L\u00f6sungen an, wobei er sich zu Spitzenleistungen und st\u00e4ndiger Verbesserung verpflichtet.<\/p>\n<\/div><\/div><\/div><\/div><div class=\"wpb_column vc_column_container\"><div class=\"vc_column-inner\"><div class=\"w-slider style_none fit_cover nav_none has_ratio count_3\" style=\"--aspect-ratio: 1\/1;\"><div class=\"w-slider-h\"><div class=\"royalSlider\"><div class=\"rsContent\"><a class=\"rsImg\" data-rsw=\"2560\" data-rsh=\"1707\" data-rsBigImg=\"https:\/\/drsuleymanozer.com\/wp-content\/uploads\/2025\/11\/Dr-Suleyman-Ozer-scaled.jpg\" href=\"https:\/\/drsuleymanozer.com\/wp-content\/uploads\/2025\/11\/Dr-Suleyman-Ozer-scaled.jpg\"><span data-alt=\"\"><\/span><\/a><\/div><div class=\"rsContent\"><a class=\"rsImg\" data-rsw=\"1705\" data-rsh=\"1730\" data-rsBigImg=\"https:\/\/drsuleymanozer.com\/wp-content\/uploads\/2025\/11\/Dr-Suleyman-Ozer-2-scaled-e1763377753983.webp\" href=\"https:\/\/drsuleymanozer.com\/wp-content\/uploads\/2025\/11\/Dr-Suleyman-Ozer-2-scaled-e1763377753983.webp\"><span data-alt=\"\"><\/span><\/a><\/div><div class=\"rsContent\"><a class=\"rsImg\" data-rsw=\"1550\" data-rsh=\"1813\" data-rsBigImg=\"https:\/\/drsuleymanozer.com\/wp-content\/uploads\/2025\/11\/Dr-Suleyman-Ozer-1-scaled-e1763376546145.webp\" href=\"https:\/\/drsuleymanozer.com\/wp-content\/uploads\/2025\/11\/Dr-Suleyman-Ozer-1-scaled-e1763376546145.webp\"><span data-alt=\"\"><\/span><\/a><\/div><\/div><img decoding=\"async\" src=\"https:\/\/drsuleymanozer.com\/wp-content\/uploads\/2025\/11\/Dr-Suleyman-Ozer-scaled.jpg\" width=\"2560\" height=\"1707\" loading=\"lazy\" alt=\"\" title=\"\"><\/div><div class=\"w-slider-json\" onclick='return {&quot;autoScaleSlider&quot;:false,&quot;addActiveClass&quot;:true,&quot;loop&quot;:true,&quot;fadeInLoadedSlide&quot;:false,&quot;slidesSpacing&quot;:0,&quot;imageScalePadding&quot;:0,&quot;numImagesToPreload&quot;:2,&quot;arrowsNav&quot;:true,&quot;arrowsNavAutoHide&quot;:false,&quot;transitionType&quot;:&quot;move&quot;,&quot;transitionSpeed&quot;:250,&quot;block&quot;:{&quot;moveEffect&quot;:&quot;none&quot;,&quot;speed&quot;:300},&quot;thumbs&quot;:{&quot;fitInViewport&quot;:false,&quot;firstMargin&quot;:false,&quot;spacing&quot;:4},&quot;controlNavigation&quot;:&quot;none&quot;,&quot;fullscreen&quot;:{&quot;enabled&quot;:true}}'><\/div><\/div><\/div><\/div><\/div><\/div><\/div><\/div><\/div><\/section><section class=\"l-section wpb_row us_custom_ab7619de height_large\"><div class=\"l-section-h i-cf\"><div class=\"g-cols vc_row via_grid cols_1 laptops-cols_inherit tablets-cols_inherit mobiles-cols_1 valign_top type_default stacking_default\"><div class=\"wpb_column vc_column_container\"><div class=\"vc_column-inner\"><div class=\"g-cols wpb_row us_custom_eb849559 via_grid cols_1 laptops-cols_inherit tablets-cols_inherit mobiles-cols_1 valign_top type_default stacking_default\" style=\"--columns-gap:3rem;\"><div class=\"wpb_column vc_column_container\"><div class=\"vc_column-inner\"><div class=\"w-tabs layout_hor style_timeline switch_hover has_scrolling\" style=\"--sections-title-size:18px\"><div class=\"w-tabs-list items_8 align_center\"><div class=\"w-tabs-list-h\"><button class=\"w-tabs-item active\" aria-controls=\"content-k75d\" aria-expanded=\"false\"><span class=\"w-tabs-item-title\">1994<\/span><\/button><button class=\"w-tabs-item\" aria-controls=\"content-z8b8\" aria-expanded=\"false\"><span class=\"w-tabs-item-title\">2005<\/span><\/button><button class=\"w-tabs-item\" aria-controls=\"content-ya49\" aria-expanded=\"false\"><span class=\"w-tabs-item-title\">2011<\/span><\/button><button class=\"w-tabs-item\" aria-controls=\"content-bc0c\" aria-expanded=\"false\"><span class=\"w-tabs-item-title\">2012<\/span><\/button><button class=\"w-tabs-item\" aria-controls=\"content-nd7c\" aria-expanded=\"false\"><span class=\"w-tabs-item-title\">2013<\/span><\/button><button class=\"w-tabs-item\" aria-controls=\"content-heb7\" aria-expanded=\"false\"><span class=\"w-tabs-item-title\">2014<\/span><\/button><button class=\"w-tabs-item\" aria-controls=\"content-w012\" aria-expanded=\"false\"><span class=\"w-tabs-item-title\">2020<\/span><\/button><button class=\"w-tabs-item\" aria-controls=\"content-z151\" aria-expanded=\"false\"><span class=\"w-tabs-item-title\">2021<\/span><\/button><\/div><\/div><div class=\"w-tabs-sections titles-align_none icon_chevron cpos_right\"><div class=\"w-tabs-section active\" id=\"k75d\"><button class=\"w-tabs-section-header active\" aria-controls=\"content-k75d\" aria-expanded=\"true\"><div class=\"w-tabs-section-title\">1994<\/div><div class=\"w-tabs-section-control\"><\/div><\/button><div  class=\"w-tabs-section-content\" id=\"content-k75d\"><div class=\"w-tabs-section-content-h i-cf\"><div class=\"wpb_text_column\"><div class=\"wpb_wrapper\"><p>1994 &#8211; 2005 &#8211; Grundschul-, Sekundarschul- und Hochschulausbildung -\u015eanl\u0131urfa<\/p>\n<\/div><\/div><\/div><\/div><\/div><div class=\"w-tabs-section\" id=\"z8b8\"><button class=\"w-tabs-section-header\" aria-controls=\"content-z8b8\" aria-expanded=\"false\"><div class=\"w-tabs-section-title\">2005<\/div><div class=\"w-tabs-section-control\"><\/div><\/button><div  class=\"w-tabs-section-content\" id=\"content-z8b8\"><div class=\"w-tabs-section-content-h i-cf\"><div class=\"wpb_text_column\"><div class=\"wpb_wrapper\"><p>2005 &#8211; 2011 &#8211; Medizinische Fakult\u00e4t der Universit\u00e4t Istanbul &#8211; Istanbul<\/p>\n<\/div><\/div><\/div><\/div><\/div><div class=\"w-tabs-section\" id=\"ya49\"><button class=\"w-tabs-section-header\" aria-controls=\"content-ya49\" aria-expanded=\"false\"><div class=\"w-tabs-section-title\">2011<\/div><div class=\"w-tabs-section-control\"><\/div><\/button><div  class=\"w-tabs-section-content\" id=\"content-ya49\"><div class=\"w-tabs-section-content-h i-cf\"><div class=\"wpb_text_column\"><div class=\"wpb_wrapper\"><p>2011 &#8211; Gesundheitszentrum der Gemeinde Nusaybin<\/p>\n<\/div><\/div><\/div><\/div><\/div><div class=\"w-tabs-section\" id=\"bc0c\"><button class=\"w-tabs-section-header\" aria-controls=\"content-bc0c\" aria-expanded=\"false\"><div class=\"w-tabs-section-title\">2012<\/div><div class=\"w-tabs-section-control\"><\/div><\/button><div  class=\"w-tabs-section-content\" id=\"content-bc0c\"><div class=\"w-tabs-section-content-h i-cf\"><div class=\"wpb_text_column\"><div class=\"wpb_wrapper\"><p>2012 &#8211; Nusaybin State Hospital, Notarzt, Nusaybin State Hospital Heimpflegezentren verantwortlicher Arzt &#8211; Mardin<\/p>\n<\/div><\/div><\/div><\/div><\/div><div class=\"w-tabs-section\" id=\"nd7c\"><button class=\"w-tabs-section-header\" aria-controls=\"content-nd7c\" aria-expanded=\"false\"><div class=\"w-tabs-section-title\">2013<\/div><div class=\"w-tabs-section-control\"><\/div><\/button><div  class=\"w-tabs-section-content\" id=\"content-nd7c\"><div class=\"w-tabs-section-content-h i-cf\"><div class=\"wpb_text_column\"><div class=\"wpb_wrapper\"><p>2013 &#8211; Gaziantep University Faculty of Medicine Department of Public Health Res. siehe Dr.<\/p>\n<\/div><\/div><\/div><\/div><\/div><div class=\"w-tabs-section\" id=\"heb7\"><button class=\"w-tabs-section-header\" aria-controls=\"content-heb7\" aria-expanded=\"false\"><div class=\"w-tabs-section-title\">2014<\/div><div class=\"w-tabs-section-control\"><\/div><\/button><div  class=\"w-tabs-section-content\" id=\"content-heb7\"><div class=\"w-tabs-section-content-h i-cf\"><div class=\"wpb_text_column\"><div class=\"wpb_wrapper\"><p>2014 &#8211; 2019 &#8211; Spezialisierungsausbildung in Medizin; Medizinische Fakult\u00e4t der Ufuk Universit\u00e4t, Abteilung f\u00fcr Plastische, Rekonstruktive und \u00c4sthetische Chirurgie, Res. Dr. Ankara<\/p>\n<\/div><\/div><\/div><\/div><\/div><div class=\"w-tabs-section\" id=\"w012\"><button class=\"w-tabs-section-header\" aria-controls=\"content-w012\" aria-expanded=\"false\"><div class=\"w-tabs-section-title\">2020<\/div><div class=\"w-tabs-section-control\"><\/div><\/button><div  class=\"w-tabs-section-content\" id=\"content-w012\"><div class=\"w-tabs-section-content-h i-cf\"><div class=\"wpb_text_column\"><div class=\"wpb_wrapper\"><p>2020 &#8211; Ba\u015fak\u015fehir \u00c7am und Sakura Hospital Facharzt f\u00fcr Plastische,<br \/>\nRekonstruktive und \u00c4sthetische Chirurgie<\/p>\n<\/div><\/div><\/div><\/div><\/div><div class=\"w-tabs-section\" id=\"z151\"><button class=\"w-tabs-section-header\" aria-controls=\"content-z151\" aria-expanded=\"false\"><div class=\"w-tabs-section-title\">2021<\/div><div class=\"w-tabs-section-control\"><\/div><\/button><div  class=\"w-tabs-section-content\" id=\"content-z151\"><div class=\"w-tabs-section-content-h i-cf\"><div class=\"wpb_text_column\"><div class=\"wpb_wrapper\"><p>Schulen \/ Ausbildungen: 2021 &#8211; Privatklinik<\/p>\n<\/div><\/div><\/div><\/div><\/div><\/div><\/div><\/div><\/div><\/div><\/div><\/div><\/div><\/div><\/section><section class=\"l-section wpb_row height_large\"><div class=\"l-section-h i-cf\"><div class=\"g-cols vc_row via_grid cols_1 laptops-cols_inherit tablets-cols_inherit mobiles-cols_1 valign_top type_default stacking_default\"><div class=\"wpb_column vc_column_container\"><div class=\"vc_column-inner\"><div class=\"g-cols wpb_row us_custom_de69c693 via_grid cols_2 laptops-cols_inherit tablets-cols_inherit mobiles-cols_1 valign_middle type_default stacking_default\" style=\"--columns-gap:3rem;\"><div class=\"wpb_column vc_column_container\"><div class=\"vc_column-inner\"><div class=\"wpb_text_column\"><div class=\"wpb_wrapper\"><p><strong>Expertise in verschiedenen Operationen:<\/strong><br \/>\nDie Expertise von Dr. \u00d6zer umfasst ein breites Spektrum an plastischen und \u00e4sthetischen Operationen, einschlie\u00dflich Gesichtsverj\u00fcngung, K\u00f6rperkonturierung, Brustoperationen und mehr. Sein Engagement f\u00fcr Innovation gew\u00e4hrleistet den Zugang zu den neuesten Techniken f\u00fcr optimale Ergebnisse. <\/p>\n<p><strong>\u00c4sthetische Meisterschaft:<\/strong><br \/>\nMit einem scharfen Auge f\u00fcr Sch\u00f6nheit und einem tiefen Verst\u00e4ndnis der Anatomie betrachtet Dr. \u00d6zer jeden Eingriff als ein individuelles Kunstwerk. Ob er nun die Gesichtsz\u00fcge modelliert oder die K\u00f6rperkonturen verfeinert, er strebt nach harmonischen, nat\u00fcrlich aussehenden Ergebnissen. <\/p>\n<p><strong>Patientenzentrierte Behandlung:<\/strong><br \/>\nDie patientenzentrierte Philosophie von Dr. \u00d6zer basiert auf offener Kommunikation, Mitgef\u00fchl und Vertrauen. Er h\u00f6rt sich Ihre Ziele an und f\u00f6rdert eine partnerschaftliche Beziehung, die eine ma\u00dfgeschneiderte und zufriedenstellende Erfahrung w\u00e4hrend Ihrer \u00e4sthetischen Reise gew\u00e4hrleistet. <\/p>\n<p><strong>Wegweisende Technologie:<\/strong><br \/>\nDr. \u00d6zer steht an der Spitze des technologischen Fortschritts und integriert modernste Innovationen in seine Praxis. Von Kollegen und Patienten gleicherma\u00dfen anerkannt, ist er weiterhin f\u00fchrend bei der Einf\u00fchrung modernster Technologie, um die chirurgische Pr\u00e4zision und die Ergebnisse f\u00fcr die Patienten zu verbessern. <\/p>\n<p>Begeben Sie sich auf eine transformative Reise mit Dr. S\u00fcleyman \u00d6zer, wo Fachwissen in den Bereichen Gesichts-, K\u00f6rper- und Brustchirurgie und mehr mit modernster Technologie zusammenkommt, um Ihre nat\u00fcrliche Sch\u00f6nheit neu zu definieren. Vertrauen Sie sich den H\u00e4nden eines wahren Kunsthandwerkers an und erleben Sie die Zuversicht, die mit der Verwirklichung Ihrer \u00e4sthetischen Tr\u00e4ume einhergeht.<\/p>\n<\/div><\/div><\/div><\/div><div class=\"wpb_column vc_column_container\"><div class=\"vc_column-inner\"><div class=\"w-image us_custom_9cf479d2 align_none\"><div class=\"w-image-h\"><img decoding=\"async\" width=\"683\" height=\"1024\" src=\"https:\/\/drsuleymanozer.com\/wp-content\/uploads\/2025\/10\/DR-Suleyman-Ozer-9-683x1024.webp\" class=\"attachment-large size-large\" alt=\"\" loading=\"lazy\" srcset=\"https:\/\/drsuleymanozer.com\/wp-content\/uploads\/2025\/10\/DR-Suleyman-Ozer-9-683x1024.webp 683w, https:\/\/drsuleymanozer.com\/wp-content\/uploads\/2025\/10\/DR-Suleyman-Ozer-9-200x300.webp 200w, https:\/\/drsuleymanozer.com\/wp-content\/uploads\/2025\/10\/DR-Suleyman-Ozer-9.webp 1000w\" sizes=\"auto, (max-width: 683px) 100vw, 683px\" title=\"\"><\/div><\/div><\/div><\/div><\/div><\/div><\/div><\/div><\/div><\/section><section class=\"l-section wpb_row us_custom_ab7619de height_large\"><div class=\"l-section-h i-cf\"><div class=\"g-cols vc_row via_grid cols_1 laptops-cols_inherit tablets-cols_inherit mobiles-cols_1 valign_top type_default stacking_default\"><div class=\"wpb_column vc_column_container\"><div class=\"vc_column-inner\"><div class=\"wpb_text_column\"><div class=\"wpb_wrapper\"><h2 style=\"text-align: center;\">Zertifikate<\/h2>\n<\/div><\/div><div class=\"w-separator size_medium with_line width_30 thick_1 style_solid color_border align_center\"><div class=\"w-separator-h\"><\/div><\/div><div class=\"w-gallery fit_cover type_grid action_popup_image ratio_4x3 count_9\" style=\"--columns:3;--items-gap:10px;\"><div class=\"w-gallery-list\"><div class=\"w-gallery-item\"><div class=\"w-gallery-item-img\"><img loading=\"lazy\" decoding=\"async\" width=\"1024\" height=\"761\" src=\"https:\/\/drsuleymanozer.com\/wp-content\/uploads\/2025\/11\/b-9-1024x761.webp\" class=\"attachment-large size-large\" alt=\"\" srcset=\"https:\/\/drsuleymanozer.com\/wp-content\/uploads\/2025\/11\/b-9-1024x761.webp 1024w, https:\/\/drsuleymanozer.com\/wp-content\/uploads\/2025\/11\/b-9-300x223.webp 300w\" sizes=\"auto, (max-width: 1024px) 100vw, 1024px\" title=\"\"><\/div><a class=\"w-gallery-item-link\" aria-label=\"b-9\" href=\"https:\/\/drsuleymanozer.com\/wp-content\/uploads\/2025\/11\/b-9-scaled.webp\"><\/a><\/div><div class=\"w-gallery-item\"><div class=\"w-gallery-item-img\"><img loading=\"lazy\" decoding=\"async\" width=\"1024\" height=\"761\" src=\"https:\/\/drsuleymanozer.com\/wp-content\/uploads\/2025\/11\/b-10-1024x761.webp\" class=\"attachment-large size-large\" alt=\"\" srcset=\"https:\/\/drsuleymanozer.com\/wp-content\/uploads\/2025\/11\/b-10-1024x761.webp 1024w, https:\/\/drsuleymanozer.com\/wp-content\/uploads\/2025\/11\/b-10-300x223.webp 300w\" sizes=\"auto, (max-width: 1024px) 100vw, 1024px\" title=\"\"><\/div><a class=\"w-gallery-item-link\" aria-label=\"b-10\" href=\"https:\/\/drsuleymanozer.com\/wp-content\/uploads\/2025\/11\/b-10-scaled.webp\"><\/a><\/div><div class=\"w-gallery-item\"><div class=\"w-gallery-item-img\"><img loading=\"lazy\" decoding=\"async\" width=\"1024\" height=\"724\" src=\"https:\/\/drsuleymanozer.com\/wp-content\/uploads\/2025\/11\/b-3-1024x724.webp\" class=\"attachment-large size-large\" alt=\"\" srcset=\"https:\/\/drsuleymanozer.com\/wp-content\/uploads\/2025\/11\/b-3-1024x724.webp 1024w, https:\/\/drsuleymanozer.com\/wp-content\/uploads\/2025\/11\/b-3-300x212.webp 300w\" sizes=\"auto, (max-width: 1024px) 100vw, 1024px\" title=\"\"><\/div><a class=\"w-gallery-item-link\" aria-label=\"b-3\" href=\"https:\/\/drsuleymanozer.com\/wp-content\/uploads\/2025\/11\/b-3-scaled.webp\"><\/a><\/div><div class=\"w-gallery-item\"><div class=\"w-gallery-item-img\"><img loading=\"lazy\" decoding=\"async\" width=\"1024\" height=\"812\" src=\"https:\/\/drsuleymanozer.com\/wp-content\/uploads\/2025\/11\/b-8-1024x812.webp\" class=\"attachment-large size-large\" alt=\"\" srcset=\"https:\/\/drsuleymanozer.com\/wp-content\/uploads\/2025\/11\/b-8-1024x812.webp 1024w, https:\/\/drsuleymanozer.com\/wp-content\/uploads\/2025\/11\/b-8-300x238.webp 300w\" sizes=\"auto, (max-width: 1024px) 100vw, 1024px\" title=\"\"><\/div><a class=\"w-gallery-item-link\" aria-label=\"b-8\" href=\"https:\/\/drsuleymanozer.com\/wp-content\/uploads\/2025\/11\/b-8-scaled.webp\"><\/a><\/div><div class=\"w-gallery-item\"><div class=\"w-gallery-item-img\"><img loading=\"lazy\" decoding=\"async\" width=\"1024\" height=\"724\" src=\"https:\/\/drsuleymanozer.com\/wp-content\/uploads\/2025\/11\/b-7-1024x724.webp\" class=\"attachment-large size-large\" alt=\"\" srcset=\"https:\/\/drsuleymanozer.com\/wp-content\/uploads\/2025\/11\/b-7-1024x724.webp 1024w, https:\/\/drsuleymanozer.com\/wp-content\/uploads\/2025\/11\/b-7-300x212.webp 300w\" sizes=\"auto, (max-width: 1024px) 100vw, 1024px\" title=\"\"><\/div><a class=\"w-gallery-item-link\" aria-label=\"b-7\" href=\"https:\/\/drsuleymanozer.com\/wp-content\/uploads\/2025\/11\/b-7-scaled.webp\"><\/a><\/div><div class=\"w-gallery-item\"><div class=\"w-gallery-item-img\"><img loading=\"lazy\" decoding=\"async\" width=\"1024\" height=\"724\" src=\"https:\/\/drsuleymanozer.com\/wp-content\/uploads\/2025\/11\/b-6-1024x724.webp\" class=\"attachment-large size-large\" alt=\"\" srcset=\"https:\/\/drsuleymanozer.com\/wp-content\/uploads\/2025\/11\/b-6-1024x724.webp 1024w, https:\/\/drsuleymanozer.com\/wp-content\/uploads\/2025\/11\/b-6-300x212.webp 300w\" sizes=\"auto, (max-width: 1024px) 100vw, 1024px\" title=\"\"><\/div><a class=\"w-gallery-item-link\" aria-label=\"b-6\" href=\"https:\/\/drsuleymanozer.com\/wp-content\/uploads\/2025\/11\/b-6-scaled.webp\"><\/a><\/div><div class=\"w-gallery-item\"><div class=\"w-gallery-item-img\"><img loading=\"lazy\" decoding=\"async\" width=\"1024\" height=\"724\" src=\"https:\/\/drsuleymanozer.com\/wp-content\/uploads\/2025\/11\/b-5-1024x724.webp\" class=\"attachment-large size-large\" alt=\"\" srcset=\"https:\/\/drsuleymanozer.com\/wp-content\/uploads\/2025\/11\/b-5-1024x724.webp 1024w, https:\/\/drsuleymanozer.com\/wp-content\/uploads\/2025\/11\/b-5-300x212.webp 300w\" sizes=\"auto, (max-width: 1024px) 100vw, 1024px\" title=\"\"><\/div><a class=\"w-gallery-item-link\" aria-label=\"b-5\" href=\"https:\/\/drsuleymanozer.com\/wp-content\/uploads\/2025\/11\/b-5-scaled.webp\"><\/a><\/div><div class=\"w-gallery-item\"><div class=\"w-gallery-item-img\"><img loading=\"lazy\" decoding=\"async\" width=\"1024\" height=\"724\" src=\"https:\/\/drsuleymanozer.com\/wp-content\/uploads\/2025\/11\/b-4-1024x724.webp\" class=\"attachment-large size-large\" alt=\"\" srcset=\"https:\/\/drsuleymanozer.com\/wp-content\/uploads\/2025\/11\/b-4-1024x724.webp 1024w, https:\/\/drsuleymanozer.com\/wp-content\/uploads\/2025\/11\/b-4-300x212.webp 300w\" sizes=\"auto, (max-width: 1024px) 100vw, 1024px\" title=\"\"><\/div><a class=\"w-gallery-item-link\" aria-label=\"b-4\" href=\"https:\/\/drsuleymanozer.com\/wp-content\/uploads\/2025\/11\/b-4-scaled.webp\"><\/a><\/div><div class=\"w-gallery-item\"><div class=\"w-gallery-item-img\"><img loading=\"lazy\" decoding=\"async\" width=\"813\" height=\"1024\" src=\"https:\/\/drsuleymanozer.com\/wp-content\/uploads\/2025\/11\/b-1-scaled-e1762242273333-813x1024.webp\" class=\"attachment-large size-large\" alt=\"\" srcset=\"https:\/\/drsuleymanozer.com\/wp-content\/uploads\/2025\/11\/b-1-scaled-e1762242273333-813x1024.webp 813w, https:\/\/drsuleymanozer.com\/wp-content\/uploads\/2025\/11\/b-1-scaled-e1762242273333-238x300.webp 238w, https:\/\/drsuleymanozer.com\/wp-content\/uploads\/2025\/11\/b-1-scaled-e1762242273333.webp 2032w\" sizes=\"auto, (max-width: 813px) 100vw, 813px\" title=\"\"><\/div><a class=\"w-gallery-item-link\" aria-label=\"b-1\" href=\"https:\/\/drsuleymanozer.com\/wp-content\/uploads\/2025\/11\/b-1-scaled-e1762242273333.webp\"><\/a><\/div><\/div><\/div><\/div><\/div><\/div><\/div><\/section>\n","protected":false},"excerpt":{"rendered":"S\u00fcleyman \u00d6zer schloss sein Medizinstudium an der Universit\u00e4t Istanbul, Medizinische Fakult\u00e4t Istanbul, mit dem Titel eines Doktors der Medizin ab. Nach seinem Abschluss hat er sein Fachwissen in der \u00e4sthetischen Medizin durch verschiedene nationale und internationale Schulungen weiter vertieft. Durch die Kombination von modernen Technologien, innovativen Produkten und seiner gro\u00dfen klinischen Erfahrung bietet er personalisierte,...","protected":false},"author":1,"featured_media":0,"parent":0,"menu_order":0,"comment_status":"closed","ping_status":"closed","template":"","meta":{"footnotes":""},"class_list":["post-5774","page","type-page","status-publish","hentry"],"_links":{"self":[{"href":"https:\/\/drsuleymanozer.com\/de\/wp-json\/wp\/v2\/pages\/5774","targetHints":{"allow":["GET"]}}],"collection":[{"href":"https:\/\/drsuleymanozer.com\/de\/wp-json\/wp\/v2\/pages"}],"about":[{"href":"https:\/\/drsuleymanozer.com\/de\/wp-json\/wp\/v2\/types\/page"}],"author":[{"embeddable":true,"href":"https:\/\/drsuleymanozer.com\/de\/wp-json\/wp\/v2\/users\/1"}],"replies":[{"embeddable":true,"href":"https:\/\/drsuleymanozer.com\/de\/wp-json\/wp\/v2\/comments?post=5774"}],"version-history":[{"count":2,"href":"https:\/\/drsuleymanozer.com\/de\/wp-json\/wp\/v2\/pages\/5774\/revisions"}],"predecessor-version":[{"id":5810,"href":"https:\/\/drsuleymanozer.com\/de\/wp-json\/wp\/v2\/pages\/5774\/revisions\/5810"}],"wp:attachment":[{"href":"https:\/\/drsuleymanozer.com\/de\/wp-json\/wp\/v2\/media?parent=5774"}],"curies":[{"name":"wp","href":"https:\/\/api.w.org\/{rel}","templated":true}]}}