{"id":5965,"date":"2025-11-14T04:19:41","date_gmt":"2025-11-14T01:19:41","guid":{"rendered":"https:\/\/drsuleymanozer.com\/nasenkorrektur-chirurgie\/"},"modified":"2025-12-23T19:03:08","modified_gmt":"2025-12-23T16:03:08","slug":"nasenkorrektur-chirurgie","status":"publish","type":"page","link":"https:\/\/drsuleymanozer.com\/de\/nasenkorrektur-chirurgie\/","title":{"rendered":"Nasenkorrektur Chirurgie"},"content":{"rendered":"<section class=\"l-section wpb_row us_custom_e8723c1f has_text_color height_large\"><div class=\"l-section-h i-cf\"><div class=\"g-cols vc_row via_grid cols_1 laptops-cols_inherit tablets-cols_inherit mobiles-cols_1 valign_top type_default stacking_default\"><div class=\"wpb_column vc_column_container\"><div class=\"vc_column-inner\"><div class=\"wpb_text_column\"><div class=\"wpb_wrapper\"><h1 style=\"text-align: center;\">Nasenkorrektur Chirurgie<\/h1>\n<p style=\"text-align: center;\">Drehen Sie die Uhr zur\u00fcck und verbessern Sie Ihre nat\u00fcrliche Sch\u00f6nheit mit unseren Nasenkorrekturen. Ganz gleich, ob Sie die Form verfeinern, Asymmetrien korrigieren, die Atmung verbessern oder fr\u00fchere chirurgische Ergebnisse korrigieren m\u00f6chten, unsere erfahrenen Chirurgen in der T\u00fcrkei bieten Ihnen individuelle L\u00f6sungen, um eine nat\u00fcrliche, harmonische und \u00e4sthetisch ansprechende Nase zu erhalten. <\/p>\n<\/div><\/div><div class=\"w-separator size_medium\"><\/div><nav class=\"g-breadcrumbs us_custom_6df4bc3a has_text_color separator_icon align_center\" itemscope itemtype=\"http:\/\/schema.org\/BreadcrumbList\"><div class=\"g-breadcrumbs-item\" itemscope itemprop=\"itemListElement\" itemtype=\"http:\/\/schema.org\/ListItem\"><a itemprop=\"item\" href=\"https:\/\/drsuleymanozer.com\/de\/\"><span itemprop=\"name\">Startseite<\/span><\/a><meta itemprop=\"position\" content=\"1\"\/><\/div><div class=\"g-breadcrumbs-separator\"><i class=\"far fa-angle-right\"><\/i><\/div><div class=\"g-breadcrumbs-item\">Seiten<\/div><\/nav><\/div><\/div><\/div><\/div><\/section><section class=\"l-section wpb_row us_custom_44b472e0 height_large\"><div class=\"l-section-h i-cf\"><div class=\"g-cols vc_row via_grid cols_1 laptops-cols_inherit tablets-cols_inherit mobiles-cols_1 valign_top type_default stacking_default\"><div class=\"wpb_column vc_column_container\"><div class=\"vc_column-inner\"><div class=\"w-grid us_post_list type_grid layout_316 cols_5 preload_style_spinner ratio_3x4\" id=\"us_post_list_d16c\" style=\"--columns:5;--gap:10px;--item-ratio:1.33333;\"><style>@media (max-width:1024px){#us_post_list_d16c{--columns:2!important}}@media (max-width:600px){#us_post_list_d16c{--columns:2!important}}.layout_316 .w-grid-item-h{border-radius:1rem;box-shadow:0 0rem 0rem rgba(0,0,0,0.1),0 0rem 0rem rgba(0,0,0,0.1);transition-duration:0.3s}.no-touch .layout_316 .w-grid-item-h:hover{box-shadow:0 0.12rem 0.24rem rgba(0,0,0,0.1),0 0.4rem 1.2rem rgba(0,0,0,0.15);z-index:4}.layout_316 .usg_post_image_1{position:absolute!important}.layout_316 .usg_vwrapper_1{position:absolute!important;left:0!important;bottom:0!important;right:0!important;padding:15% 7% 15% 7%!important}.layout_316 .usg_post_title_1{color:#fff!important;text-align:center!important;font-size:1.4rem!important;font-weight:700!important}@media (min-width:1025px) and (max-width:1380px){.layout_316 .usg_post_title_1{color:#fff!important;text-align:center!important;font-size:1.4rem!important;font-weight:700!important}}@media (min-width:601px) and (max-width:1024px){.layout_316 .usg_post_title_1{color:#fff!important;text-align:center!important;font-size:1rem!important;font-weight:700!important}}@media (max-width:600px){.layout_316 .usg_post_title_1{color:#fff!important;text-align:center!important;font-size:1rem!important;font-weight:700!important}}<\/style><div class=\"w-grid-list\">\t<article class=\"w-grid-item size_1x1 post-5430 page type-page status-publish has-post-thumbnail hentry\" data-id=\"5430\">\r\n\t\t<div class=\"w-grid-item-h\">\r\n\t\t\t\t\t\t\t<a href=\"https:\/\/drsuleymanozer.com\/de\/\" class=\"w-grid-item-anchor\" aria-label=\"Dr. S\u00fcleyman \u00d6zer\"><\/a>\r\n\t\t\t\t\t\t<div class=\"w-post-elm post_image usg_post_image_1 has_ratio\"><img loading=\"lazy\" decoding=\"async\" width=\"431\" height=\"389\" src=\"https:\/\/drsuleymanozer.com\/wp-content\/uploads\/2025\/09\/screenshot.jpg\" class=\"attachment-full size-full wp-post-image\" alt=\"\" title=\"\"><div style=\"padding-bottom:133.3333%\"><\/div><\/div><div class=\"w-vwrapper usg_vwrapper_1 align_none valign_top\"><h2 class=\"w-post-elm post_title usg_post_title_1 has_text_color entry-title color_link_inherit\">Dr. S\u00fcleyman \u00d6zer<\/h2><\/div>\t\t<\/div>\r\n\t\t\t<\/article>\r\n\t<article class=\"w-grid-item size_1x1 post-5548 page type-page status-publish hentry\" data-id=\"5548\">\r\n\t\t<div class=\"w-grid-item-h\">\r\n\t\t\t\t\t\t\t<a href=\"https:\/\/drsuleymanozer.com\/de\/betrieb\/\" class=\"w-grid-item-anchor\" aria-label=\"Betrieb\"><\/a>\r\n\t\t\t\t\t\t<div class=\"w-vwrapper usg_vwrapper_1 align_none valign_top\"><h2 class=\"w-post-elm post_title usg_post_title_1 has_text_color entry-title color_link_inherit\">Betrieb<\/h2><\/div>\t\t<\/div>\r\n\t\t\t<\/article>\r\n\t<article class=\"w-grid-item size_1x1 post-5569 page type-page status-publish hentry\" data-id=\"5569\">\r\n\t\t<div class=\"w-grid-item-h\">\r\n\t\t\t\t\t\t\t<a href=\"https:\/\/drsuleymanozer.com\/de\/blog\/\" class=\"w-grid-item-anchor\" aria-label=\"Blog\"><\/a>\r\n\t\t\t\t\t\t<div class=\"w-vwrapper usg_vwrapper_1 align_none valign_top\"><h2 class=\"w-post-elm post_title usg_post_title_1 has_text_color entry-title color_link_inherit\">Blog<\/h2><\/div>\t\t<\/div>\r\n\t\t\t<\/article>\r\n\t<article class=\"w-grid-item size_1x1 post-5693 page type-page status-publish hentry\" data-id=\"5693\">\r\n\t\t<div class=\"w-grid-item-h\">\r\n\t\t\t\t\t\t\t<a href=\"https:\/\/drsuleymanozer.com\/de\/kontakt\/\" class=\"w-grid-item-anchor\" aria-label=\"Kontakt\"><\/a>\r\n\t\t\t\t\t\t<div class=\"w-vwrapper usg_vwrapper_1 align_none valign_top\"><h2 class=\"w-post-elm post_title usg_post_title_1 has_text_color entry-title color_link_inherit\">Kontakt<\/h2><\/div>\t\t<\/div>\r\n\t\t\t<\/article>\r\n\t<article class=\"w-grid-item size_1x1 post-5774 page type-page status-publish hentry\" data-id=\"5774\">\r\n\t\t<div class=\"w-grid-item-h\">\r\n\t\t\t\t\t\t\t<a href=\"https:\/\/drsuleymanozer.com\/de\/ueber\/\" class=\"w-grid-item-anchor\" aria-label=\"\u00dcber\"><\/a>\r\n\t\t\t\t\t\t<div class=\"w-vwrapper usg_vwrapper_1 align_none valign_top\"><h2 class=\"w-post-elm post_title usg_post_title_1 has_text_color entry-title color_link_inherit\">\u00dcber<\/h2><\/div>\t\t<\/div>\r\n\t\t\t<\/article>\r\n\t<article class=\"w-grid-item size_1x1 post-5694 page type-page status-publish hentry\" data-id=\"5694\">\r\n\t\t<div class=\"w-grid-item-h\">\r\n\t\t\t\t\t\t\t<a href=\"https:\/\/drsuleymanozer.com\/de\/medizinisches-team\/\" class=\"w-grid-item-anchor\" aria-label=\"Medizinisches Team\"><\/a>\r\n\t\t\t\t\t\t<div class=\"w-vwrapper usg_vwrapper_1 align_none valign_top\"><h2 class=\"w-post-elm post_title usg_post_title_1 has_text_color entry-title color_link_inherit\">Medizinisches Team<\/h2><\/div>\t\t<\/div>\r\n\t\t\t<\/article>\r\n\t<article class=\"w-grid-item size_1x1 post-5558 page type-page status-publish hentry\" data-id=\"5558\">\r\n\t\t<div class=\"w-grid-item-h\">\r\n\t\t\t\t\t\t\t<a href=\"https:\/\/drsuleymanozer.com\/de\/suche\/\" class=\"w-grid-item-anchor\" aria-label=\"Suche\"><\/a>\r\n\t\t\t\t\t\t<div class=\"w-vwrapper usg_vwrapper_1 align_none valign_top\"><h2 class=\"w-post-elm post_title usg_post_title_1 has_text_color entry-title color_link_inherit\">Suche<\/h2><\/div>\t\t<\/div>\r\n\t\t\t<\/article>\r\n\t<article class=\"w-grid-item size_1x1 post-7224 page type-page status-publish has-post-thumbnail hentry\" data-id=\"7224\">\r\n\t\t<div class=\"w-grid-item-h\">\r\n\t\t\t\t\t\t\t<a href=\"https:\/\/drsuleymanozer.com\/de\/gesicht-aesthetik\/\" class=\"w-grid-item-anchor\" aria-label=\"Gesicht \u00c4sthetik\"><\/a>\r\n\t\t\t\t\t\t<div class=\"w-post-elm post_image usg_post_image_1 has_ratio\"><img loading=\"lazy\" decoding=\"async\" width=\"400\" height=\"533\" src=\"https:\/\/drsuleymanozer.com\/wp-content\/uploads\/2025\/11\/Face-Aesthetic.jpg\" class=\"attachment-full size-full wp-post-image\" alt=\"\" title=\"\"><div style=\"padding-bottom:133.3333%\"><\/div><\/div><div class=\"w-vwrapper usg_vwrapper_1 align_none valign_top\"><h2 class=\"w-post-elm post_title usg_post_title_1 has_text_color entry-title color_link_inherit\">Gesicht \u00c4sthetik<\/h2><\/div>\t\t<\/div>\r\n\t\t\t<\/article>\r\n\t<article class=\"w-grid-item size_1x1 post-7047 page type-page status-publish has-post-thumbnail hentry\" data-id=\"7047\">\r\n\t\t<div class=\"w-grid-item-h\">\r\n\t\t\t\t\t\t\t<a href=\"https:\/\/drsuleymanozer.com\/de\/koerper-aesthetik\/\" class=\"w-grid-item-anchor\" aria-label=\"K\u00f6rper \u00c4sthetik\"><\/a>\r\n\t\t\t\t\t\t<div class=\"w-post-elm post_image usg_post_image_1 has_ratio\"><img loading=\"lazy\" decoding=\"async\" width=\"400\" height=\"533\" src=\"https:\/\/drsuleymanozer.com\/wp-content\/uploads\/2025\/11\/Body-Aesthetic.jpg\" class=\"attachment-full size-full wp-post-image\" alt=\"\" title=\"\"><div style=\"padding-bottom:133.3333%\"><\/div><\/div><div class=\"w-vwrapper usg_vwrapper_1 align_none valign_top\"><h2 class=\"w-post-elm post_title usg_post_title_1 has_text_color entry-title color_link_inherit\">K\u00f6rper \u00c4sthetik<\/h2><\/div>\t\t<\/div>\r\n\t\t\t<\/article>\r\n\t<article class=\"w-grid-item size_1x1 post-6660 page type-page status-publish has-post-thumbnail hentry\" data-id=\"6660\">\r\n\t\t<div class=\"w-grid-item-h\">\r\n\t\t\t\t\t\t\t<a href=\"https:\/\/drsuleymanozer.com\/de\/brust-aesthetik\/\" class=\"w-grid-item-anchor\" aria-label=\"Brust-\u00c4sthetik\"><\/a>\r\n\t\t\t\t\t\t<div class=\"w-post-elm post_image usg_post_image_1 has_ratio\"><img loading=\"lazy\" decoding=\"async\" width=\"400\" height=\"533\" src=\"https:\/\/drsuleymanozer.com\/wp-content\/uploads\/2025\/11\/Breast-Aesthetic.jpg\" class=\"attachment-full size-full wp-post-image\" alt=\"\" title=\"\"><div style=\"padding-bottom:133.3333%\"><\/div><\/div><div class=\"w-vwrapper usg_vwrapper_1 align_none valign_top\"><h2 class=\"w-post-elm post_title usg_post_title_1 has_text_color entry-title color_link_inherit\">Brust-\u00c4sthetik<\/h2><\/div>\t\t<\/div>\r\n\t\t\t<\/article>\r\n\t<article class=\"w-grid-item size_1x1 post-5566 page type-page status-publish hentry\" data-id=\"5566\">\r\n\t\t<div class=\"w-grid-item-h\">\r\n\t\t\t\t\t\t\t<a href=\"https:\/\/drsuleymanozer.com\/de\/karriere\/\" class=\"w-grid-item-anchor\" aria-label=\"Karriere\"><\/a>\r\n\t\t\t\t\t\t<div class=\"w-vwrapper usg_vwrapper_1 align_none valign_top\"><h2 class=\"w-post-elm post_title usg_post_title_1 has_text_color entry-title color_link_inherit\">Karriere<\/h2><\/div>\t\t<\/div>\r\n\t\t\t<\/article>\r\n\t<article class=\"w-grid-item size_1x1 post-5635 page type-page status-publish hentry\" data-id=\"5635\">\r\n\t\t<div class=\"w-grid-item-h\">\r\n\t\t\t\t\t\t\t<a href=\"https:\/\/drsuleymanozer.com\/de\/medienpaket\/\" class=\"w-grid-item-anchor\" aria-label=\"Medienpaket\"><\/a>\r\n\t\t\t\t\t\t<div class=\"w-vwrapper usg_vwrapper_1 align_none valign_top\"><h2 class=\"w-post-elm post_title usg_post_title_1 has_text_color entry-title color_link_inherit\">Medienpaket<\/h2><\/div>\t\t<\/div>\r\n\t\t\t<\/article>\r\n<\/div><div class=\"g-loadmore hidden\"><div class=\"g-preloader type_1\"><div><\/div><\/div><\/div><div class=\"w-grid-list-json hidden\" onclick='return {&quot;max_num_pages&quot;:0,&quot;paginationBase&quot;:&quot;page&quot;,&quot;pagination&quot;:&quot;none&quot;,&quot;paged&quot;:1,&quot;ajaxData&quot;:{&quot;action&quot;:&quot;us_ajax_post_list&quot;,&quot;meta_type&quot;:&quot;post&quot;,&quot;object_id&quot;:0,&quot;template_vars&quot;:{&quot;shortcode_base&quot;:&quot;us_post_list&quot;,&quot;paged&quot;:1,&quot;max_num_pages&quot;:0,&quot;no_results&quot;:false,&quot;us_post_content_design_css&quot;:[],&quot;found_posts&quot;:0,&quot;items_count&quot;:12,&quot;source&quot;:&quot;child_posts_of_current&quot;,&quot;ids&quot;:&quot;&quot;,&quot;post_type&quot;:&quot;post&quot;,&quot;attachment_ids&quot;:null,&quot;include_post_thumbnail&quot;:0,&quot;post_author&quot;:&quot;any&quot;,&quot;post_author_ids&quot;:&quot;&quot;,&quot;apply_url_params&quot;:0,&quot;exclude_children&quot;:0,&quot;exclude_current_post&quot;:1,&quot;exclude_prev_posts&quot;:0,&quot;enable_items_offset&quot;:0,&quot;items_offset&quot;:&quot;1&quot;,&quot;tax_query_relation&quot;:&quot;none&quot;,&quot;tax_query&quot;:[{&quot;operator&quot;:&quot;IN&quot;,&quot;taxonomy&quot;:&quot;category&quot;,&quot;terms&quot;:&quot;&quot;,&quot;include_children&quot;:0}],&quot;meta_query_relation&quot;:&quot;none&quot;,&quot;meta_query&quot;:[{&quot;key&quot;:&quot;custom_field_name&quot;,&quot;compare&quot;:&quot;=&quot;,&quot;value&quot;:&quot;&quot;}],&quot;orderby&quot;:&quot;date&quot;,&quot;orderby_custom_field&quot;:&quot;&quot;,&quot;orderby_custom_type&quot;:0,&quot;order_invert&quot;:0,&quot;show_all&quot;:0,&quot;quantity&quot;:&quot;12&quot;,&quot;posts_per_archive_page&quot;:0,&quot;no_items_action&quot;:&quot;message&quot;,&quot;no_items_message&quot;:&quot;Es wurden keine Ergebnisse gefunden.&quot;,&quot;no_items_page_block&quot;:&quot;&quot;,&quot;pagination&quot;:&quot;none&quot;,&quot;pagination_style&quot;:&quot;&quot;,&quot;pagination_btn_text&quot;:&quot;Mehr laden&quot;,&quot;pagination_btn_size&quot;:&quot;&quot;,&quot;pagination_btn_style&quot;:&quot;1&quot;,&quot;pagination_btn_fullwidth&quot;:0,&quot;items_layout&quot;:&quot;316&quot;,&quot;type&quot;:&quot;grid&quot;,&quot;items_valign&quot;:0,&quot;ignore_items_size&quot;:0,&quot;columns&quot;:&quot;5&quot;,&quot;items_gap&quot;:&quot;10px&quot;,&quot;load_animation&quot;:&quot;none&quot;,&quot;items_preload_style&quot;:&quot;spinner&quot;,&quot;img_size&quot;:&quot;default&quot;,&quot;title_size&quot;:&quot;&quot;,&quot;items_ratio&quot;:&quot;default&quot;,&quot;items_ratio_width&quot;:&quot;21&quot;,&quot;items_ratio_height&quot;:&quot;9&quot;,&quot;overriding_link&quot;:&quot;%7B%22type%22%3A%22post%22%7D&quot;,&quot;popup_page_template&quot;:&quot;0&quot;,&quot;popup_width&quot;:&quot;&quot;,&quot;popup_arrows&quot;:1,&quot;breakpoint_1_width&quot;:&quot;1381px&quot;,&quot;breakpoint_1_cols&quot;:&quot;default&quot;,&quot;breakpoint_1_quantity&quot;:&quot;&quot;,&quot;breakpoint_1_gap&quot;:&quot;&quot;,&quot;breakpoint_2_width&quot;:&quot;1025px&quot;,&quot;breakpoint_2_cols&quot;:&quot;2&quot;,&quot;breakpoint_2_quantity&quot;:&quot;&quot;,&quot;breakpoint_2_gap&quot;:&quot;&quot;,&quot;breakpoint_3_width&quot;:&quot;601px&quot;,&quot;breakpoint_3_cols&quot;:&quot;2&quot;,&quot;breakpoint_3_quantity&quot;:&quot;&quot;,&quot;breakpoint_3_gap&quot;:&quot;&quot;,&quot;conditions_operator&quot;:&quot;always&quot;,&quot;conditions&quot;:[],&quot;css&quot;:null,&quot;el_class&quot;:&quot;&quot;,&quot;el_id&quot;:&quot;&quot;,&quot;enable_custom_html_atts&quot;:0,&quot;custom_html_atts&quot;:null,&quot;hide_on_states&quot;:&quot;&quot;,&quot;hide_for_sticky&quot;:0,&quot;hide_for_not_sticky&quot;:0,&quot;hide_below&quot;:&quot;0px&quot;,&quot;hide_above&quot;:&quot;0px&quot;,&quot;classes&quot;:&quot;&quot;}},&quot;facetedFilter&quot;:[]}'><\/div><\/div><\/div><\/div><\/div><\/div><\/section><section class=\"l-section wpb_row height_large\"><div class=\"l-section-h i-cf\"><div class=\"g-cols vc_row via_grid cols_1 laptops-cols_inherit tablets-cols_inherit mobiles-cols_1 valign_top type_default stacking_default\"><div class=\"wpb_column vc_column_container\"><div class=\"vc_column-inner\"><div class=\"wpb_text_column\"><div class=\"wpb_wrapper\"><h2 style=\"text-align: center;\">H\u00e4ufig gestellte Fragen<br \/>\n\u00fcber Nasenkorrekturen<\/h2>\n<\/div><\/div><div class=\"w-separator size_medium\"><\/div><div class=\"w-tabs style_default switch_click accordion\" style=\"--sections-title-size:inherit\"><div class=\"w-tabs-sections titles-align_none icon_chevron cpos_right\"><div class=\"w-tabs-section\" id=\"q36d\"><button class=\"w-tabs-section-header\" aria-controls=\"content-q36d\" aria-expanded=\"false\"><div class=\"w-tabs-section-title\">Was ist eine Nasenkorrektur?<\/div><div class=\"w-tabs-section-control\"><\/div><\/button><div  class=\"w-tabs-section-content\" id=\"content-q36d\"><div class=\"w-tabs-section-content-h i-cf\"><div class=\"wpb_text_column\"><div class=\"wpb_wrapper\"><p>Die Rhinoplastik ist ein chirurgischer Eingriff, bei dem die Nase neu geformt wird, um ihr Aussehen zu verbessern, Deformierungen zu korrigieren oder ihre Funktion wiederherzustellen.<\/p>\n<\/div><\/div><\/div><\/div><\/div><div class=\"w-tabs-section\" id=\"e4b5\"><button class=\"w-tabs-section-header\" aria-controls=\"content-e4b5\" aria-expanded=\"false\"><div class=\"w-tabs-section-title\">Wie lange dauert eine Nasenkorrektur?<\/div><div class=\"w-tabs-section-control\"><\/div><\/button><div  class=\"w-tabs-section-content\" id=\"content-e4b5\"><div class=\"w-tabs-section-content-h i-cf\"><div class=\"wpb_text_column\"><div class=\"wpb_wrapper\"><p>Der Eingriff dauert in der Regel 2-4 Stunden, je nach Komplexit\u00e4t.<\/p>\n<\/div><\/div><\/div><\/div><\/div><div class=\"w-tabs-section\" id=\"y601\"><button class=\"w-tabs-section-header\" aria-controls=\"content-y601\" aria-expanded=\"false\"><div class=\"w-tabs-section-title\">Ist eine Nasenkorrektur schmerzhaft?<\/div><div class=\"w-tabs-section-control\"><\/div><\/button><div  class=\"w-tabs-section-content\" id=\"content-y601\"><div class=\"w-tabs-section-content-h i-cf\"><div class=\"wpb_text_column\"><div class=\"wpb_wrapper\"><p>Bei den meisten Patienten treten leichte Beschwerden auf, die mit verschriebenen Medikamenten behandelt werden. Die Vollnarkose sorgt f\u00fcr einen schmerzfreien Eingriff.<\/p>\n<\/div><\/div><\/div><\/div><\/div><div class=\"w-tabs-section\" id=\"j739\"><button class=\"w-tabs-section-header\" aria-controls=\"content-j739\" aria-expanded=\"false\"><div class=\"w-tabs-section-title\">Werde ich sichtbare Narben haben?<\/div><div class=\"w-tabs-section-control\"><\/div><\/button><div  class=\"w-tabs-section-content\" id=\"content-j739\"><div class=\"w-tabs-section-content-h i-cf\"><div class=\"wpb_text_column\"><div class=\"wpb_wrapper\"><p>Eine geschlossene Nasenkorrektur hinterl\u00e4sst keine \u00e4u\u00dferen Narben, w\u00e4hrend eine offene Nasenkorrektur einen kleinen, gut versteckten Schnitt unter der Nase hinterlassen kann.<\/p>\n<\/div><\/div><\/div><\/div><\/div><div class=\"w-tabs-section\" id=\"k86d\"><button class=\"w-tabs-section-header\" aria-controls=\"content-k86d\" aria-expanded=\"false\"><div class=\"w-tabs-section-title\">Wann kann ich zur Arbeit zur\u00fcckkehren?<\/div><div class=\"w-tabs-section-control\"><\/div><\/button><div  class=\"w-tabs-section-content\" id=\"content-k86d\"><div class=\"w-tabs-section-content-h i-cf\"><div class=\"wpb_text_column\"><div class=\"wpb_wrapper\"><p>Die meisten Patienten k\u00f6nnen je nach Ausma\u00df des Eingriffs innerhalb von 1-2 Wochen ihre t\u00e4glichen Aktivit\u00e4ten wieder aufnehmen.<\/p>\n<\/div><\/div><\/div><\/div><\/div><div class=\"w-tabs-section\" id=\"d9bf\"><button class=\"w-tabs-section-header\" aria-controls=\"content-d9bf\" aria-expanded=\"false\"><div class=\"w-tabs-section-title\">Wie lange dauert die Schwellung an?<\/div><div class=\"w-tabs-section-control\"><\/div><\/button><div  class=\"w-tabs-section-content\" id=\"content-d9bf\"><div class=\"w-tabs-section-content-h i-cf\"><div class=\"wpb_text_column\"><div class=\"wpb_wrapper\"><p>Die Schwellungen gehen \u00fcber mehrere Wochen allm\u00e4hlich zur\u00fcck, die endg\u00fcltige Verfeinerung ist nach 6-12 Monaten sichtbar.<\/p>\n<\/div><\/div><\/div><\/div><\/div><div class=\"w-tabs-section\" id=\"cafa\"><button class=\"w-tabs-section-header\" aria-controls=\"content-cafa\" aria-expanded=\"false\"><div class=\"w-tabs-section-title\">Kann eine Nasenkorrektur Atemprobleme beheben?<\/div><div class=\"w-tabs-section-control\"><\/div><\/button><div  class=\"w-tabs-section-content\" id=\"content-cafa\"><div class=\"w-tabs-section-content-h i-cf\"><div class=\"wpb_text_column\"><div class=\"wpb_wrapper\"><p>Ja, die funktionelle Rhinoplastik behandelt strukturelle Probleme, um den nasalen Luftstrom und die Atmung zu verbessern.<\/p>\n<\/div><\/div><\/div><\/div><\/div><div class=\"w-tabs-section\" id=\"xc29\"><button class=\"w-tabs-section-header\" aria-controls=\"content-xc29\" aria-expanded=\"false\"><div class=\"w-tabs-section-title\">Ist eine Nasenkorrektur f\u00fcr jeden geeignet?<\/div><div class=\"w-tabs-section-control\"><\/div><\/button><div  class=\"w-tabs-section-content\" id=\"content-xc29\"><div class=\"w-tabs-section-content-h i-cf\"><div class=\"wpb_text_column\"><div class=\"wpb_wrapper\"><p>Die Kandidaten sollten gesunde Erwachsene mit voll entwickelten Gesichtsstrukturen und realistischen Erwartungen sein.<\/p>\n<\/div><\/div><\/div><\/div><\/div><div class=\"w-tabs-section\" id=\"id71\"><button class=\"w-tabs-section-header\" aria-controls=\"content-id71\" aria-expanded=\"false\"><div class=\"w-tabs-section-title\">Kann eine Revisions-Rhinoplastik durchgef\u00fchrt werden?<\/div><div class=\"w-tabs-section-control\"><\/div><\/button><div  class=\"w-tabs-section-content\" id=\"content-id71\"><div class=\"w-tabs-section-content-h i-cf\"><div class=\"wpb_text_column\"><div class=\"wpb_wrapper\"><p>Ja, eine Revisions-Rhinoplastik kann fr\u00fchere chirurgische Ergebnisse oder Asymmetrien korrigieren, aber sie erfordert einen erfahrenen Chirurgen.<\/p>\n<\/div><\/div><\/div><\/div><\/div><div class=\"w-tabs-section\" id=\"peb4\"><button class=\"w-tabs-section-header\" aria-controls=\"content-peb4\" aria-expanded=\"false\"><div class=\"w-tabs-section-title\">Wie schnell werde ich die endg\u00fcltigen Ergebnisse sehen?<\/div><div class=\"w-tabs-section-control\"><\/div><\/button><div  class=\"w-tabs-section-content\" id=\"content-peb4\"><div class=\"w-tabs-section-content-h i-cf\"><div class=\"wpb_text_column\"><div class=\"wpb_wrapper\"><p>Die ersten Verbesserungen sind innerhalb weniger Wochen sichtbar, aber die Nase wird \u00fcber 6-12 Monate weiter verfeinert, um optimale Ergebnisse zu erzielen.<\/p>\n<\/div><\/div><\/div><\/div><\/div><\/div><\/div><\/div><\/div><\/div><\/div><\/section>\n","protected":false},"excerpt":{"rendered":"Greifen Sie auf unsere offiziellen Markenwerte zu. Diese Pressemappe enth\u00e4lt hochaufl\u00f6sende Logos, genehmigtes Bildmaterial und Markenrichtlinien, um eine korrekte Darstellung in allen Medienpublikationen und Partnerschaften zu gew\u00e4hrleisten. Dunkles Logo PNGHerunterladenWei\u00dfes Logo PNGHerunterladenGold Logo PNGHerunterladenDunkles Logo SVGHerunterladenWei\u00dfes Logo SVGHerunterladenGold Logo SVGHerunterladen","protected":false},"author":1,"featured_media":5966,"parent":0,"menu_order":0,"comment_status":"closed","ping_status":"closed","template":"","meta":{"footnotes":""},"class_list":["post-5965","page","type-page","status-publish","has-post-thumbnail","hentry"],"_links":{"self":[{"href":"https:\/\/drsuleymanozer.com\/de\/wp-json\/wp\/v2\/pages\/5965","targetHints":{"allow":["GET"]}}],"collection":[{"href":"https:\/\/drsuleymanozer.com\/de\/wp-json\/wp\/v2\/pages"}],"about":[{"href":"https:\/\/drsuleymanozer.com\/de\/wp-json\/wp\/v2\/types\/page"}],"author":[{"embeddable":true,"href":"https:\/\/drsuleymanozer.com\/de\/wp-json\/wp\/v2\/users\/1"}],"replies":[{"embeddable":true,"href":"https:\/\/drsuleymanozer.com\/de\/wp-json\/wp\/v2\/comments?post=5965"}],"version-history":[{"count":2,"href":"https:\/\/drsuleymanozer.com\/de\/wp-json\/wp\/v2\/pages\/5965\/revisions"}],"predecessor-version":[{"id":5970,"href":"https:\/\/drsuleymanozer.com\/de\/wp-json\/wp\/v2\/pages\/5965\/revisions\/5970"}],"wp:featuredmedia":[{"embeddable":true,"href":"https:\/\/drsuleymanozer.com\/de\/wp-json\/wp\/v2\/media\/5966"}],"wp:attachment":[{"href":"https:\/\/drsuleymanozer.com\/de\/wp-json\/wp\/v2\/media?parent=5965"}],"curies":[{"name":"wp","href":"https:\/\/api.w.org\/{rel}","templated":true}]}}