{"id":5619,"date":"2025-10-26T21:21:41","date_gmt":"2025-10-26T18:21:41","guid":{"rendered":"https:\/\/drsuleymanozer.com\/kit-de-prensa\/"},"modified":"2025-12-23T18:58:19","modified_gmt":"2025-12-23T15:58:19","slug":"kit-de-prensa","status":"publish","type":"page","link":"https:\/\/drsuleymanozer.com\/es\/kit-de-prensa\/","title":{"rendered":"Kit de prensa"},"content":{"rendered":"<section class=\"l-section wpb_row us_custom_282da87f has_text_color height_large\"><div class=\"l-section-h i-cf\"><div class=\"g-cols vc_row via_grid cols_1 laptops-cols_inherit tablets-cols_inherit mobiles-cols_1 valign_top type_default stacking_default\"><div class=\"wpb_column vc_column_container\"><div class=\"vc_column-inner\"><div class=\"wpb_text_column\"><div class=\"wpb_wrapper\"><h2 style=\"text-align: center;\"><span>Accede a nuestros activos de marca oficiales.  <\/span><\/h2>\n<p style=\"text-align: center;\"><span>Este kit de prensa contiene logotipos de alta resoluci\u00f3n, im\u00e1genes aprobadas y directrices de la marca para garantizar una representaci\u00f3n precisa en todas las publicaciones y colaboraciones con los medios de comunicaci\u00f3n.<\/span><\/p>\n<\/div><\/div><\/div><\/div><\/div><\/div><\/section><section class=\"l-section wpb_row us_custom_44b472e0 height_large\"><div class=\"l-section-h i-cf\"><div class=\"g-cols vc_row via_grid cols_1 laptops-cols_inherit tablets-cols_inherit mobiles-cols_1 valign_top type_default stacking_default\"><div class=\"wpb_column vc_column_container\"><div class=\"vc_column-inner\"><div class=\"g-cols wpb_row via_grid cols_3 laptops-cols_inherit tablets-cols_inherit mobiles-cols_1 valign_top type_default stacking_default\" style=\"--columns-gap:3rem;\"><div class=\"wpb_column vc_column_container\"><div class=\"vc_column-inner\"><div class=\"w-vwrapper us_custom_02760847 align_center valign_top\"><div class=\"w-iconbox iconpos_top style_default color_primary align_center no_text icontype_img\"><div class=\"w-iconbox-icon\" style=\"font-size:3rem;\"><img loading=\"lazy\" decoding=\"async\" width=\"1791\" height=\"2560\" src=\"https:\/\/drsuleymanozer.com\/wp-content\/uploads\/2025\/10\/Yesil-Transparan-Disi-Logo-scaled.png\" class=\"attachment-full size-full\" alt=\"\" srcset=\"https:\/\/drsuleymanozer.com\/wp-content\/uploads\/2025\/10\/Yesil-Transparan-Disi-Logo-scaled.png 1791w, https:\/\/drsuleymanozer.com\/wp-content\/uploads\/2025\/10\/Yesil-Transparan-Disi-Logo-210x300.png 210w, https:\/\/drsuleymanozer.com\/wp-content\/uploads\/2025\/10\/Yesil-Transparan-Disi-Logo-716x1024.png 716w\" sizes=\"auto, (max-width: 1791px) 100vw, 1791px\" title=\"\"><\/div><div class=\"w-iconbox-meta\"><h3 class=\"w-iconbox-title\">Logotipo oscuro PNG<\/h3><\/div><\/div><div class=\"w-btn-wrapper align_center\"><a class=\"w-btn us-btn-style_1 icon_atleft\" href=\"#\"><i class=\"fas fa-download\"><\/i><span class=\"w-btn-label\">Descarga<\/span><\/a><\/div><\/div><\/div><\/div><div class=\"wpb_column vc_column_container\"><div class=\"vc_column-inner\"><div class=\"w-vwrapper us_custom_4944e1ba align_center valign_top\"><div class=\"w-iconbox us_custom_6df4bc3a has_text_color iconpos_top style_default color_primary align_center no_text icontype_img\"><div class=\"w-iconbox-icon\" style=\"font-size:3rem;\"><img loading=\"lazy\" decoding=\"async\" width=\"1791\" height=\"2560\" src=\"https:\/\/drsuleymanozer.com\/wp-content\/uploads\/2025\/10\/dr-suleyman-ozer-white-logo-scaled.png\" class=\"attachment-full size-full\" alt=\"\" srcset=\"https:\/\/drsuleymanozer.com\/wp-content\/uploads\/2025\/10\/dr-suleyman-ozer-white-logo-scaled.png 1791w, https:\/\/drsuleymanozer.com\/wp-content\/uploads\/2025\/10\/dr-suleyman-ozer-white-logo-210x300.png 210w, https:\/\/drsuleymanozer.com\/wp-content\/uploads\/2025\/10\/dr-suleyman-ozer-white-logo-716x1024.png 716w\" sizes=\"auto, (max-width: 1791px) 100vw, 1791px\" title=\"\"><\/div><div class=\"w-iconbox-meta\"><h3 class=\"w-iconbox-title\">Logotipo blanco PNG<\/h3><\/div><\/div><div class=\"w-btn-wrapper align_center\"><a class=\"w-btn us-btn-style_2 icon_atleft\" href=\"#\"><i class=\"fas fa-download\"><\/i><span class=\"w-btn-label\">Descarga<\/span><\/a><\/div><\/div><\/div><\/div><div class=\"wpb_column vc_column_container\"><div class=\"vc_column-inner\"><div class=\"w-vwrapper us_custom_02760847 align_center valign_top\"><div class=\"w-iconbox iconpos_top style_default color_primary align_center no_text icontype_img\"><div class=\"w-iconbox-icon\" style=\"font-size:3rem;\"><img loading=\"lazy\" decoding=\"async\" width=\"1791\" height=\"2560\" src=\"https:\/\/drsuleymanozer.com\/wp-content\/uploads\/2025\/10\/dr-suleyan-ozer-gold-logo-1-scaled.png\" class=\"attachment-full size-full\" alt=\"\" srcset=\"https:\/\/drsuleymanozer.com\/wp-content\/uploads\/2025\/10\/dr-suleyan-ozer-gold-logo-1-scaled.png 1791w, https:\/\/drsuleymanozer.com\/wp-content\/uploads\/2025\/10\/dr-suleyan-ozer-gold-logo-1-210x300.png 210w, https:\/\/drsuleymanozer.com\/wp-content\/uploads\/2025\/10\/dr-suleyan-ozer-gold-logo-1-716x1024.png 716w\" sizes=\"auto, (max-width: 1791px) 100vw, 1791px\" title=\"\"><\/div><div class=\"w-iconbox-meta\"><h3 class=\"w-iconbox-title\">Logotipo dorado PNG<\/h3><\/div><\/div><div class=\"w-btn-wrapper align_center\"><a class=\"w-btn us-btn-style_1 icon_atleft\" href=\"#\"><i class=\"fas fa-download\"><\/i><span class=\"w-btn-label\">Descarga<\/span><\/a><\/div><\/div><\/div><\/div><\/div><div class=\"w-separator size_medium\"><\/div><div class=\"g-cols wpb_row via_grid cols_3 laptops-cols_inherit tablets-cols_inherit mobiles-cols_1 valign_top type_default stacking_default\" style=\"--columns-gap:3rem;\"><div class=\"wpb_column vc_column_container\"><div class=\"vc_column-inner\"><div class=\"w-vwrapper us_custom_02760847 align_center valign_top\"><div class=\"w-iconbox iconpos_top style_default color_primary align_center no_text icontype_img\"><div class=\"w-iconbox-icon\" style=\"font-size:3rem;\"><img loading=\"lazy\" decoding=\"async\" width=\"1791\" height=\"2560\" src=\"https:\/\/drsuleymanozer.com\/wp-content\/uploads\/2025\/10\/Yesil-Transparan-Disi-Logo-scaled.png\" class=\"attachment-full size-full\" alt=\"\" srcset=\"https:\/\/drsuleymanozer.com\/wp-content\/uploads\/2025\/10\/Yesil-Transparan-Disi-Logo-scaled.png 1791w, https:\/\/drsuleymanozer.com\/wp-content\/uploads\/2025\/10\/Yesil-Transparan-Disi-Logo-210x300.png 210w, https:\/\/drsuleymanozer.com\/wp-content\/uploads\/2025\/10\/Yesil-Transparan-Disi-Logo-716x1024.png 716w\" sizes=\"auto, (max-width: 1791px) 100vw, 1791px\" title=\"\"><\/div><div class=\"w-iconbox-meta\"><h3 class=\"w-iconbox-title\">Logotipo oscuro SVG<\/h3><\/div><\/div><div class=\"w-btn-wrapper align_center\"><a class=\"w-btn us-btn-style_1 icon_atleft\" href=\"#\"><i class=\"fas fa-download\"><\/i><span class=\"w-btn-label\">Descarga<\/span><\/a><\/div><\/div><\/div><\/div><div class=\"wpb_column vc_column_container\"><div class=\"vc_column-inner\"><div class=\"w-vwrapper us_custom_4944e1ba align_center valign_top\"><div class=\"w-iconbox us_custom_6df4bc3a has_text_color iconpos_top style_default color_primary align_center no_text icontype_img\"><div class=\"w-iconbox-icon\" style=\"font-size:3rem;\"><img loading=\"lazy\" decoding=\"async\" width=\"1791\" height=\"2560\" src=\"https:\/\/drsuleymanozer.com\/wp-content\/uploads\/2025\/10\/dr-suleyman-ozer-white-logo-scaled.png\" class=\"attachment-full size-full\" alt=\"\" srcset=\"https:\/\/drsuleymanozer.com\/wp-content\/uploads\/2025\/10\/dr-suleyman-ozer-white-logo-scaled.png 1791w, https:\/\/drsuleymanozer.com\/wp-content\/uploads\/2025\/10\/dr-suleyman-ozer-white-logo-210x300.png 210w, https:\/\/drsuleymanozer.com\/wp-content\/uploads\/2025\/10\/dr-suleyman-ozer-white-logo-716x1024.png 716w\" sizes=\"auto, (max-width: 1791px) 100vw, 1791px\" title=\"\"><\/div><div class=\"w-iconbox-meta\"><h3 class=\"w-iconbox-title\">Logotipo blanco SVG<\/h3><\/div><\/div><div class=\"w-btn-wrapper align_center\"><a class=\"w-btn us-btn-style_2 icon_atleft\" href=\"#\"><i class=\"fas fa-download\"><\/i><span class=\"w-btn-label\">Descarga<\/span><\/a><\/div><\/div><\/div><\/div><div class=\"wpb_column vc_column_container\"><div class=\"vc_column-inner\"><div class=\"w-vwrapper us_custom_02760847 align_center valign_top\"><div class=\"w-iconbox iconpos_top style_default color_primary align_center no_text icontype_img\"><div class=\"w-iconbox-icon\" style=\"font-size:3rem;\"><img loading=\"lazy\" decoding=\"async\" width=\"1791\" height=\"2560\" src=\"https:\/\/drsuleymanozer.com\/wp-content\/uploads\/2025\/10\/dr-suleyan-ozer-gold-logo-1-scaled.png\" class=\"attachment-full size-full\" alt=\"\" srcset=\"https:\/\/drsuleymanozer.com\/wp-content\/uploads\/2025\/10\/dr-suleyan-ozer-gold-logo-1-scaled.png 1791w, https:\/\/drsuleymanozer.com\/wp-content\/uploads\/2025\/10\/dr-suleyan-ozer-gold-logo-1-210x300.png 210w, https:\/\/drsuleymanozer.com\/wp-content\/uploads\/2025\/10\/dr-suleyan-ozer-gold-logo-1-716x1024.png 716w\" sizes=\"auto, (max-width: 1791px) 100vw, 1791px\" title=\"\"><\/div><div class=\"w-iconbox-meta\"><h3 class=\"w-iconbox-title\">Logotipo dorado SVG<\/h3><\/div><\/div><div class=\"w-btn-wrapper align_center\"><a class=\"w-btn us-btn-style_1 icon_atleft\" href=\"#\"><i class=\"fas fa-download\"><\/i><span class=\"w-btn-label\">Descarga<\/span><\/a><\/div><\/div><\/div><\/div><\/div><\/div><\/div><\/div><\/div><\/section>\n","protected":false},"excerpt":{"rendered":"Accede a nuestros activos de marca oficiales. Este kit de prensa contiene logotipos de alta resoluci\u00f3n, im\u00e1genes aprobadas y directrices de la marca para garantizar una representaci\u00f3n precisa en todas las publicaciones y colaboraciones con los medios de comunicaci\u00f3n. Logotipo oscuro PNGDescargaLogotipo blanco PNGDescargaLogotipo dorado PNGDescargaLogotipo oscuro SVGDescargaLogotipo blanco SVGDescargaLogotipo dorado SVGDescarga","protected":false},"author":1,"featured_media":0,"parent":0,"menu_order":0,"comment_status":"closed","ping_status":"closed","template":"","meta":{"footnotes":""},"class_list":["post-5619","page","type-page","status-publish","hentry"],"_links":{"self":[{"href":"https:\/\/drsuleymanozer.com\/es\/wp-json\/wp\/v2\/pages\/5619","targetHints":{"allow":["GET"]}}],"collection":[{"href":"https:\/\/drsuleymanozer.com\/es\/wp-json\/wp\/v2\/pages"}],"about":[{"href":"https:\/\/drsuleymanozer.com\/es\/wp-json\/wp\/v2\/types\/page"}],"author":[{"embeddable":true,"href":"https:\/\/drsuleymanozer.com\/es\/wp-json\/wp\/v2\/users\/1"}],"replies":[{"embeddable":true,"href":"https:\/\/drsuleymanozer.com\/es\/wp-json\/wp\/v2\/comments?post=5619"}],"version-history":[{"count":2,"href":"https:\/\/drsuleymanozer.com\/es\/wp-json\/wp\/v2\/pages\/5619\/revisions"}],"predecessor-version":[{"id":5634,"href":"https:\/\/drsuleymanozer.com\/es\/wp-json\/wp\/v2\/pages\/5619\/revisions\/5634"}],"wp:attachment":[{"href":"https:\/\/drsuleymanozer.com\/es\/wp-json\/wp\/v2\/media?parent=5619"}],"curies":[{"name":"wp","href":"https:\/\/api.w.org\/{rel}","templated":true}]}}