{"id":5670,"date":"2025-09-29T21:13:49","date_gmt":"2025-09-29T18:13:49","guid":{"rendered":"https:\/\/drsuleymanozer.com\/equipo-medico\/"},"modified":"2025-12-23T18:58:37","modified_gmt":"2025-12-23T15:58:37","slug":"equipo-medico","status":"publish","type":"page","link":"https:\/\/drsuleymanozer.com\/es\/equipo-medico\/","title":{"rendered":"Equipo m\u00e9dico"},"content":{"rendered":"<section class=\"l-section wpb_row us_custom_44b472e0 height_large\"><div class=\"l-section-h i-cf\"><div class=\"g-cols vc_row via_grid cols_1 laptops-cols_inherit tablets-cols_inherit mobiles-cols_1 valign_top type_default stacking_default\"><div class=\"wpb_column vc_column_container\"><div class=\"vc_column-inner\"><div class=\"g-cols wpb_row via_grid cols_5 laptops-cols_inherit tablets-cols_inherit mobiles-cols_1 valign_top type_default stacking_default\" style=\"--columns-gap:10px;\"><div class=\"wpb_column vc_column_container\"><div class=\"vc_column-inner\"><div class=\"w-person us_custom_eb849559 layout_circle\" itemscope itemtype=\"https:\/\/schema.org\/Person\"><div class=\"w-person-image\"><a href=\"https:\/\/drsuleymanozer.com\/es\/?page_id=5719\" class=\"w-person-link\" aria-label=\"DR. S\u00fcleyman \u00d6zer\"><img loading=\"lazy\" decoding=\"async\" width=\"1024\" height=\"1024\" src=\"https:\/\/drsuleymanozer.com\/wp-content\/uploads\/2025\/10\/Suleyman-Ozer-1024x1024.webp\" class=\"attachment-large size-large\" alt=\"\" itemprop=\"image\" srcset=\"https:\/\/drsuleymanozer.com\/wp-content\/uploads\/2025\/10\/Suleyman-Ozer-1024x1024.webp 1024w, https:\/\/drsuleymanozer.com\/wp-content\/uploads\/2025\/10\/Suleyman-Ozer-300x300.webp 300w, https:\/\/drsuleymanozer.com\/wp-content\/uploads\/2025\/10\/Suleyman-Ozer-150x150.webp 150w, https:\/\/drsuleymanozer.com\/wp-content\/uploads\/2025\/10\/Suleyman-Ozer.webp 2000w\" sizes=\"auto, (max-width: 1024px) 100vw, 1024px\" title=\"\"><\/a><\/div><div class=\"w-person-content\"><h3 itemprop=\"name\" class=\"w-person-name\"><a href=\"https:\/\/drsuleymanozer.com\/es\/?page_id=5719\" class=\"w-person-link\" aria-label=\"DR. S\u00fcleyman \u00d6zer\"><span>DR. S\u00fcleyman \u00d6zer<\/span><\/a><\/h3><div class=\"w-person-role\" itemprop=\"jobTitle\">Doctor<\/div><\/div><\/div><\/div><\/div><div class=\"wpb_column vc_column_container\"><div class=\"vc_column-inner\"><div class=\"w-person us_custom_eb849559 layout_circle\" itemscope itemtype=\"https:\/\/schema.org\/Person\"><div class=\"w-person-image\"><img loading=\"lazy\" decoding=\"async\" width=\"1024\" height=\"1024\" src=\"https:\/\/drsuleymanozer.com\/wp-content\/uploads\/2025\/10\/Kagan-Koc-Koordinator-1024x1024.webp\" class=\"attachment-large size-large\" alt=\"\" itemprop=\"image\" srcset=\"https:\/\/drsuleymanozer.com\/wp-content\/uploads\/2025\/10\/Kagan-Koc-Koordinator-1024x1024.webp 1024w, https:\/\/drsuleymanozer.com\/wp-content\/uploads\/2025\/10\/Kagan-Koc-Koordinator-300x300.webp 300w, https:\/\/drsuleymanozer.com\/wp-content\/uploads\/2025\/10\/Kagan-Koc-Koordinator-150x150.webp 150w, https:\/\/drsuleymanozer.com\/wp-content\/uploads\/2025\/10\/Kagan-Koc-Koordinator.webp 2000w\" sizes=\"auto, (max-width: 1024px) 100vw, 1024px\" title=\"\"><\/div><div class=\"w-person-content\"><h3 itemprop=\"name\" class=\"w-person-name\"><span>Ka\u011fan Ko\u00e7<\/span><\/h3><div class=\"w-person-role\" itemprop=\"jobTitle\">Coordinador General<\/div><\/div><\/div><\/div><\/div><div class=\"wpb_column vc_column_container\"><div class=\"vc_column-inner\"><\/div><\/div><div class=\"wpb_column vc_column_container\"><div class=\"vc_column-inner\"><\/div><\/div><\/div><div class=\"w-separator size_small\"><\/div><div class=\"g-cols wpb_row via_grid cols_5 laptops-cols_inherit tablets-cols_inherit mobiles-cols_1 valign_top type_default stacking_default\" style=\"--columns-gap:10px;\"><div class=\"wpb_column vc_column_container\"><div class=\"vc_column-inner\"><div class=\"w-person us_custom_eb849559 layout_circle\" itemscope itemtype=\"https:\/\/schema.org\/Person\"><div class=\"w-person-image\"><img loading=\"lazy\" decoding=\"async\" width=\"1024\" height=\"1024\" src=\"https:\/\/drsuleymanozer.com\/wp-content\/uploads\/2025\/10\/Arzu-Ari-Uzman-Estetisyen-1024x1024.webp\" class=\"attachment-large size-large\" alt=\"\" itemprop=\"image\" srcset=\"https:\/\/drsuleymanozer.com\/wp-content\/uploads\/2025\/10\/Arzu-Ari-Uzman-Estetisyen-1024x1024.webp 1024w, https:\/\/drsuleymanozer.com\/wp-content\/uploads\/2025\/10\/Arzu-Ari-Uzman-Estetisyen-300x300.webp 300w, https:\/\/drsuleymanozer.com\/wp-content\/uploads\/2025\/10\/Arzu-Ari-Uzman-Estetisyen-150x150.webp 150w, https:\/\/drsuleymanozer.com\/wp-content\/uploads\/2025\/10\/Arzu-Ari-Uzman-Estetisyen.webp 2000w\" sizes=\"auto, (max-width: 1024px) 100vw, 1024px\" title=\"\"><\/div><div class=\"w-person-content\"><h3 itemprop=\"name\" class=\"w-person-name\"><span>Arzu Ari<\/span><\/h3><div class=\"w-person-role\" itemprop=\"jobTitle\">Esteticista experta<\/div><\/div><\/div><\/div><\/div><div class=\"wpb_column vc_column_container\"><div class=\"vc_column-inner\"><div class=\"w-person us_custom_eb849559 layout_circle\" itemscope itemtype=\"https:\/\/schema.org\/Person\"><div class=\"w-person-image\"><img loading=\"lazy\" decoding=\"async\" width=\"1024\" height=\"1024\" src=\"https:\/\/drsuleymanozer.com\/wp-content\/uploads\/2025\/10\/Ceyda-Dogan-Hemsire-1024x1024.webp\" class=\"attachment-large size-large\" alt=\"\" itemprop=\"image\" srcset=\"https:\/\/drsuleymanozer.com\/wp-content\/uploads\/2025\/10\/Ceyda-Dogan-Hemsire-1024x1024.webp 1024w, https:\/\/drsuleymanozer.com\/wp-content\/uploads\/2025\/10\/Ceyda-Dogan-Hemsire-300x300.webp 300w, https:\/\/drsuleymanozer.com\/wp-content\/uploads\/2025\/10\/Ceyda-Dogan-Hemsire-150x150.webp 150w, https:\/\/drsuleymanozer.com\/wp-content\/uploads\/2025\/10\/Ceyda-Dogan-Hemsire.webp 2000w\" sizes=\"auto, (max-width: 1024px) 100vw, 1024px\" title=\"\"><\/div><div class=\"w-person-content\"><h3 itemprop=\"name\" class=\"w-person-name\"><span>Ceyda Do\u011fan<\/span><\/h3><div class=\"w-person-role\" itemprop=\"jobTitle\">Enfermera<\/div><\/div><\/div><\/div><\/div><div class=\"wpb_column vc_column_container\"><div class=\"vc_column-inner\"><div class=\"w-person us_custom_eb849559 layout_circle\" itemscope itemtype=\"https:\/\/schema.org\/Person\"><div class=\"w-person-image\"><img loading=\"lazy\" decoding=\"async\" width=\"1024\" height=\"1024\" src=\"https:\/\/drsuleymanozer.com\/wp-content\/uploads\/2025\/10\/Yagmur-Esma-Hemsire-1024x1024.webp\" class=\"attachment-large size-large\" alt=\"\" itemprop=\"image\" srcset=\"https:\/\/drsuleymanozer.com\/wp-content\/uploads\/2025\/10\/Yagmur-Esma-Hemsire-1024x1024.webp 1024w, https:\/\/drsuleymanozer.com\/wp-content\/uploads\/2025\/10\/Yagmur-Esma-Hemsire-300x300.webp 300w, https:\/\/drsuleymanozer.com\/wp-content\/uploads\/2025\/10\/Yagmur-Esma-Hemsire-150x150.webp 150w, https:\/\/drsuleymanozer.com\/wp-content\/uploads\/2025\/10\/Yagmur-Esma-Hemsire.webp 2000w\" sizes=\"auto, (max-width: 1024px) 100vw, 1024px\" title=\"\"><\/div><div class=\"w-person-content\"><h3 itemprop=\"name\" class=\"w-person-name\"><span>Ya\u011fmur Esma<\/span><\/h3><div class=\"w-person-role\" itemprop=\"jobTitle\">Enfermera<\/div><\/div><\/div><\/div><\/div><div class=\"wpb_column vc_column_container\"><div class=\"vc_column-inner\"><div class=\"w-person us_custom_eb849559 layout_square\" itemscope itemtype=\"https:\/\/schema.org\/Person\"><div class=\"w-person-image\"><img loading=\"lazy\" decoding=\"async\" width=\"2000\" height=\"2000\" src=\"https:\/\/drsuleymanozer.com\/wp-content\/uploads\/2025\/10\/Ferhat-Eraslan-Hemsire.webp\" class=\"attachment-full size-full\" alt=\"\" itemprop=\"image\" srcset=\"https:\/\/drsuleymanozer.com\/wp-content\/uploads\/2025\/10\/Ferhat-Eraslan-Hemsire.webp 2000w, https:\/\/drsuleymanozer.com\/wp-content\/uploads\/2025\/10\/Ferhat-Eraslan-Hemsire-300x300.webp 300w, https:\/\/drsuleymanozer.com\/wp-content\/uploads\/2025\/10\/Ferhat-Eraslan-Hemsire-1024x1024.webp 1024w, https:\/\/drsuleymanozer.com\/wp-content\/uploads\/2025\/10\/Ferhat-Eraslan-Hemsire-150x150.webp 150w\" sizes=\"auto, (max-width: 2000px) 100vw, 2000px\" title=\"\"><\/div><div class=\"w-person-content\"><h3 itemprop=\"name\" class=\"w-person-name\"><span>Ferhat Eraslan<\/span><\/h3><div class=\"w-person-role\" itemprop=\"jobTitle\">Enfermera<\/div><\/div><\/div><\/div><\/div><div class=\"wpb_column vc_column_container\"><div class=\"vc_column-inner\"><div class=\"w-person us_custom_eb849559 layout_circle\" itemscope itemtype=\"https:\/\/schema.org\/Person\"><div class=\"w-person-image\"><img loading=\"lazy\" decoding=\"async\" width=\"1024\" height=\"1024\" src=\"https:\/\/drsuleymanozer.com\/wp-content\/uploads\/2025\/10\/Hilal-Boztepe-Hemsire-1024x1024.webp\" class=\"attachment-large size-large\" alt=\"\" itemprop=\"image\" srcset=\"https:\/\/drsuleymanozer.com\/wp-content\/uploads\/2025\/10\/Hilal-Boztepe-Hemsire-1024x1024.webp 1024w, https:\/\/drsuleymanozer.com\/wp-content\/uploads\/2025\/10\/Hilal-Boztepe-Hemsire-300x300.webp 300w, https:\/\/drsuleymanozer.com\/wp-content\/uploads\/2025\/10\/Hilal-Boztepe-Hemsire-150x150.webp 150w, https:\/\/drsuleymanozer.com\/wp-content\/uploads\/2025\/10\/Hilal-Boztepe-Hemsire.webp 2000w\" sizes=\"auto, (max-width: 1024px) 100vw, 1024px\" title=\"\"><\/div><div class=\"w-person-content\"><h3 itemprop=\"name\" class=\"w-person-name\"><span>Hilal Boztepe<\/span><\/h3><div class=\"w-person-role\" itemprop=\"jobTitle\">Enfermera<\/div><\/div><\/div><\/div><\/div><\/div><div class=\"w-separator size_small\"><\/div><div class=\"g-cols wpb_row via_grid cols_5 laptops-cols_inherit tablets-cols_inherit mobiles-cols_1 valign_top type_default stacking_default\" style=\"--columns-gap:10px;\"><div class=\"wpb_column vc_column_container\"><div class=\"vc_column-inner\"><div class=\"w-person us_custom_eb849559 layout_circle\" itemscope itemtype=\"https:\/\/schema.org\/Person\"><div class=\"w-person-image\"><img loading=\"lazy\" decoding=\"async\" width=\"1024\" height=\"1024\" src=\"https:\/\/drsuleymanozer.com\/wp-content\/uploads\/2025\/10\/Miray-Kirilmaz-Medical-Consultant-1024x1024.webp\" class=\"attachment-large size-large\" alt=\"\" itemprop=\"image\" srcset=\"https:\/\/drsuleymanozer.com\/wp-content\/uploads\/2025\/10\/Miray-Kirilmaz-Medical-Consultant-1024x1024.webp 1024w, https:\/\/drsuleymanozer.com\/wp-content\/uploads\/2025\/10\/Miray-Kirilmaz-Medical-Consultant-300x300.webp 300w, https:\/\/drsuleymanozer.com\/wp-content\/uploads\/2025\/10\/Miray-Kirilmaz-Medical-Consultant-150x150.webp 150w, https:\/\/drsuleymanozer.com\/wp-content\/uploads\/2025\/10\/Miray-Kirilmaz-Medical-Consultant.webp 2000w\" sizes=\"auto, (max-width: 1024px) 100vw, 1024px\" title=\"\"><\/div><div class=\"w-person-content\"><h3 itemprop=\"name\" class=\"w-person-name\"><span>Miray Kirilmaz<\/span><\/h3><div class=\"w-person-role\" itemprop=\"jobTitle\">Consultor m\u00e9dico<\/div><\/div><\/div><\/div><\/div><div class=\"wpb_column vc_column_container\"><div class=\"vc_column-inner\"><div class=\"w-person us_custom_eb849559 layout_circle\" itemscope itemtype=\"https:\/\/schema.org\/Person\"><div class=\"w-person-image\"><img loading=\"lazy\" decoding=\"async\" width=\"1024\" height=\"1024\" src=\"https:\/\/drsuleymanozer.com\/wp-content\/uploads\/2025\/10\/Jo-Medical-Consultant-1024x1024.webp\" class=\"attachment-large size-large\" alt=\"\" itemprop=\"image\" srcset=\"https:\/\/drsuleymanozer.com\/wp-content\/uploads\/2025\/10\/Jo-Medical-Consultant-1024x1024.webp 1024w, https:\/\/drsuleymanozer.com\/wp-content\/uploads\/2025\/10\/Jo-Medical-Consultant-300x300.webp 300w, https:\/\/drsuleymanozer.com\/wp-content\/uploads\/2025\/10\/Jo-Medical-Consultant-150x150.webp 150w, https:\/\/drsuleymanozer.com\/wp-content\/uploads\/2025\/10\/Jo-Medical-Consultant.webp 2000w\" sizes=\"auto, (max-width: 1024px) 100vw, 1024px\" title=\"\"><\/div><div class=\"w-person-content\"><h3 itemprop=\"name\" class=\"w-person-name\"><span>Jo<\/span><\/h3><div class=\"w-person-role\" itemprop=\"jobTitle\">Consultor m\u00e9dico<\/div><\/div><\/div><\/div><\/div><div class=\"wpb_column vc_column_container\"><div class=\"vc_column-inner\"><div class=\"w-person us_custom_eb849559 layout_circle\" itemscope itemtype=\"https:\/\/schema.org\/Person\"><div class=\"w-person-image\"><img loading=\"lazy\" decoding=\"async\" width=\"1024\" height=\"1024\" src=\"https:\/\/drsuleymanozer.com\/wp-content\/uploads\/2025\/10\/Irem-Carpar-Medical-Consultant-1024x1024.webp\" class=\"attachment-large size-large\" alt=\"\" itemprop=\"image\" srcset=\"https:\/\/drsuleymanozer.com\/wp-content\/uploads\/2025\/10\/Irem-Carpar-Medical-Consultant-1024x1024.webp 1024w, https:\/\/drsuleymanozer.com\/wp-content\/uploads\/2025\/10\/Irem-Carpar-Medical-Consultant-300x300.webp 300w, https:\/\/drsuleymanozer.com\/wp-content\/uploads\/2025\/10\/Irem-Carpar-Medical-Consultant-150x150.webp 150w, https:\/\/drsuleymanozer.com\/wp-content\/uploads\/2025\/10\/Irem-Carpar-Medical-Consultant.webp 2000w\" sizes=\"auto, (max-width: 1024px) 100vw, 1024px\" title=\"\"><\/div><div class=\"w-person-content\"><h3 itemprop=\"name\" class=\"w-person-name\"><span>\u0130rem \u00c7arpar<\/span><\/h3><div class=\"w-person-role\" itemprop=\"jobTitle\">Consultor m\u00e9dico<\/div><\/div><\/div><\/div><\/div><div class=\"wpb_column vc_column_container\"><div class=\"vc_column-inner\"><div class=\"w-person us_custom_eb849559 layout_circle\" itemscope itemtype=\"https:\/\/schema.org\/Person\"><div class=\"w-person-image\"><img loading=\"lazy\" decoding=\"async\" width=\"1024\" height=\"1024\" src=\"https:\/\/drsuleymanozer.com\/wp-content\/uploads\/2025\/10\/Aleksandra-Kostareva-Medical-Consultant-1024x1024.webp\" class=\"attachment-large size-large\" alt=\"\" itemprop=\"image\" srcset=\"https:\/\/drsuleymanozer.com\/wp-content\/uploads\/2025\/10\/Aleksandra-Kostareva-Medical-Consultant-1024x1024.webp 1024w, https:\/\/drsuleymanozer.com\/wp-content\/uploads\/2025\/10\/Aleksandra-Kostareva-Medical-Consultant-300x300.webp 300w, https:\/\/drsuleymanozer.com\/wp-content\/uploads\/2025\/10\/Aleksandra-Kostareva-Medical-Consultant-150x150.webp 150w, https:\/\/drsuleymanozer.com\/wp-content\/uploads\/2025\/10\/Aleksandra-Kostareva-Medical-Consultant.webp 2000w\" sizes=\"auto, (max-width: 1024px) 100vw, 1024px\" title=\"\"><\/div><div class=\"w-person-content\"><h3 itemprop=\"name\" class=\"w-person-name\"><span>Aleksandra Kostareva<\/span><\/h3><div class=\"w-person-role\" itemprop=\"jobTitle\">Consultor m\u00e9dico<\/div><\/div><\/div><\/div><\/div><div class=\"wpb_column vc_column_container\"><div class=\"vc_column-inner\"><div class=\"w-person us_custom_eb849559 layout_circle\" itemscope itemtype=\"https:\/\/schema.org\/Person\"><div class=\"w-person-image\"><img loading=\"lazy\" decoding=\"async\" width=\"1024\" height=\"1024\" src=\"https:\/\/drsuleymanozer.com\/wp-content\/uploads\/2025\/10\/Muge-Karadeniz-Medical-Consultant-1024x1024.webp\" class=\"attachment-large size-large\" alt=\"\" itemprop=\"image\" srcset=\"https:\/\/drsuleymanozer.com\/wp-content\/uploads\/2025\/10\/Muge-Karadeniz-Medical-Consultant-1024x1024.webp 1024w, https:\/\/drsuleymanozer.com\/wp-content\/uploads\/2025\/10\/Muge-Karadeniz-Medical-Consultant-300x300.webp 300w, https:\/\/drsuleymanozer.com\/wp-content\/uploads\/2025\/10\/Muge-Karadeniz-Medical-Consultant-150x150.webp 150w, https:\/\/drsuleymanozer.com\/wp-content\/uploads\/2025\/10\/Muge-Karadeniz-Medical-Consultant.webp 2000w\" sizes=\"auto, (max-width: 1024px) 100vw, 1024px\" title=\"\"><\/div><div class=\"w-person-content\"><h3 itemprop=\"name\" class=\"w-person-name\"><span>M\u00fcge Karadeniz<\/span><\/h3><div class=\"w-person-role\" itemprop=\"jobTitle\">Consultor m\u00e9dico<\/div><\/div><\/div><\/div><\/div><\/div><div class=\"w-separator size_small\"><\/div><div class=\"g-cols wpb_row via_grid cols_5 laptops-cols_inherit tablets-cols_inherit mobiles-cols_1 valign_top type_default stacking_default\" style=\"--columns-gap:10px;\"><div class=\"wpb_column vc_column_container\"><div class=\"vc_column-inner\"><div class=\"w-person us_custom_eb849559 layout_circle\" itemscope itemtype=\"https:\/\/schema.org\/Person\"><div class=\"w-person-image\"><img loading=\"lazy\" decoding=\"async\" width=\"1024\" height=\"1024\" src=\"https:\/\/drsuleymanozer.com\/wp-content\/uploads\/2025\/10\/Selin-Samikoglu-Medical-Consultant-1024x1024.webp\" class=\"attachment-large size-large\" alt=\"\" itemprop=\"image\" srcset=\"https:\/\/drsuleymanozer.com\/wp-content\/uploads\/2025\/10\/Selin-Samikoglu-Medical-Consultant-1024x1024.webp 1024w, https:\/\/drsuleymanozer.com\/wp-content\/uploads\/2025\/10\/Selin-Samikoglu-Medical-Consultant-300x300.webp 300w, https:\/\/drsuleymanozer.com\/wp-content\/uploads\/2025\/10\/Selin-Samikoglu-Medical-Consultant-150x150.webp 150w, https:\/\/drsuleymanozer.com\/wp-content\/uploads\/2025\/10\/Selin-Samikoglu-Medical-Consultant.webp 2000w\" sizes=\"auto, (max-width: 1024px) 100vw, 1024px\" title=\"\"><\/div><div class=\"w-person-content\"><h3 itemprop=\"name\" class=\"w-person-name\"><span>Selin Samiko\u011flu<\/span><\/h3><div class=\"w-person-role\" itemprop=\"jobTitle\">Consultor m\u00e9dico<\/div><\/div><\/div><\/div><\/div><div class=\"wpb_column vc_column_container\"><div class=\"vc_column-inner\"><div class=\"w-person us_custom_eb849559 layout_circle\" itemscope itemtype=\"https:\/\/schema.org\/Person\"><div class=\"w-person-image\"><img loading=\"lazy\" decoding=\"async\" width=\"1024\" height=\"1024\" src=\"https:\/\/drsuleymanozer.com\/wp-content\/uploads\/2025\/10\/Alara-1024x1024.webp\" class=\"attachment-large size-large\" alt=\"\" itemprop=\"image\" srcset=\"https:\/\/drsuleymanozer.com\/wp-content\/uploads\/2025\/10\/Alara-1024x1024.webp 1024w, https:\/\/drsuleymanozer.com\/wp-content\/uploads\/2025\/10\/Alara-300x300.webp 300w, https:\/\/drsuleymanozer.com\/wp-content\/uploads\/2025\/10\/Alara-150x150.webp 150w, https:\/\/drsuleymanozer.com\/wp-content\/uploads\/2025\/10\/Alara.webp 2000w\" sizes=\"auto, (max-width: 1024px) 100vw, 1024px\" title=\"\"><\/div><div class=\"w-person-content\"><h3 itemprop=\"name\" class=\"w-person-name\"><span>Alara<\/span><\/h3><div class=\"w-person-role\" itemprop=\"jobTitle\">&#8211;<\/div><\/div><\/div><\/div><\/div><div class=\"wpb_column vc_column_container\"><div class=\"vc_column-inner\"><div class=\"w-person us_custom_eb849559 layout_circle\" itemscope itemtype=\"https:\/\/schema.org\/Person\"><div class=\"w-person-image\"><img loading=\"lazy\" decoding=\"async\" width=\"1024\" height=\"1024\" src=\"https:\/\/drsuleymanozer.com\/wp-content\/uploads\/2025\/10\/Aigerim-1024x1024.webp\" class=\"attachment-large size-large\" alt=\"\" itemprop=\"image\" srcset=\"https:\/\/drsuleymanozer.com\/wp-content\/uploads\/2025\/10\/Aigerim-1024x1024.webp 1024w, https:\/\/drsuleymanozer.com\/wp-content\/uploads\/2025\/10\/Aigerim-300x300.webp 300w, https:\/\/drsuleymanozer.com\/wp-content\/uploads\/2025\/10\/Aigerim-150x150.webp 150w, https:\/\/drsuleymanozer.com\/wp-content\/uploads\/2025\/10\/Aigerim.webp 2000w\" sizes=\"auto, (max-width: 1024px) 100vw, 1024px\" title=\"\"><\/div><div class=\"w-person-content\"><h3 itemprop=\"name\" class=\"w-person-name\"><span>Aigerim<\/span><\/h3><div class=\"w-person-role\" itemprop=\"jobTitle\">&#8211;<\/div><\/div><\/div><\/div><\/div><\/div><\/div><\/div><\/div><\/div><\/section>\n","protected":false},"excerpt":{"rendered":"DR. S\u00fcleyman \u00d6zerDoctorKa\u011fan Ko\u00e7Coordinador GeneralArzu AriEsteticista expertaCeyda Do\u011fanEnfermeraYa\u011fmur EsmaEnfermeraFerhat EraslanEnfermeraHilal BoztepeEnfermeraMiray KirilmazConsultor m\u00e9dicoJoConsultor m\u00e9dico\u0130rem \u00c7arparConsultor m\u00e9dicoAleksandra KostarevaConsultor m\u00e9dicoM\u00fcge KaradenizConsultor m\u00e9dicoSelin Samiko\u011fluConsultor m\u00e9dicoAlara&#8211;Aigerim&#8211;","protected":false},"author":1,"featured_media":0,"parent":0,"menu_order":0,"comment_status":"closed","ping_status":"closed","template":"","meta":{"footnotes":""},"class_list":["post-5670","page","type-page","status-publish","hentry"],"_links":{"self":[{"href":"https:\/\/drsuleymanozer.com\/es\/wp-json\/wp\/v2\/pages\/5670","targetHints":{"allow":["GET"]}}],"collection":[{"href":"https:\/\/drsuleymanozer.com\/es\/wp-json\/wp\/v2\/pages"}],"about":[{"href":"https:\/\/drsuleymanozer.com\/es\/wp-json\/wp\/v2\/types\/page"}],"author":[{"embeddable":true,"href":"https:\/\/drsuleymanozer.com\/es\/wp-json\/wp\/v2\/users\/1"}],"replies":[{"embeddable":true,"href":"https:\/\/drsuleymanozer.com\/es\/wp-json\/wp\/v2\/comments?post=5670"}],"version-history":[{"count":14,"href":"https:\/\/drsuleymanozer.com\/es\/wp-json\/wp\/v2\/pages\/5670\/revisions"}],"predecessor-version":[{"id":5855,"href":"https:\/\/drsuleymanozer.com\/es\/wp-json\/wp\/v2\/pages\/5670\/revisions\/5855"}],"wp:attachment":[{"href":"https:\/\/drsuleymanozer.com\/es\/wp-json\/wp\/v2\/media?parent=5670"}],"curies":[{"name":"wp","href":"https:\/\/api.w.org\/{rel}","templated":true}]}}