{"id":5719,"date":"2025-09-29T21:12:00","date_gmt":"2025-09-29T18:12:00","guid":{"rendered":"https:\/\/drsuleymanozer.com\/acerca-de\/"},"modified":"2025-12-23T18:58:37","modified_gmt":"2025-12-23T15:58:37","slug":"acerca-de","status":"publish","type":"page","link":"https:\/\/drsuleymanozer.com\/es\/acerca-de\/","title":{"rendered":"Acerca de"},"content":{"rendered":"<section class=\"l-section wpb_row height_large\"><div class=\"l-section-h i-cf\"><div class=\"g-cols vc_row via_grid cols_1 laptops-cols_inherit tablets-cols_inherit mobiles-cols_1 valign_top type_default stacking_default\"><div class=\"wpb_column vc_column_container\"><div class=\"vc_column-inner\"><div class=\"g-cols wpb_row us_custom_de69c693 via_grid cols_2 laptops-cols_inherit tablets-cols_inherit mobiles-cols_1 valign_middle type_default reversed stacking_default\" style=\"--columns-gap:3rem;\"><div class=\"wpb_column vc_column_container\"><div class=\"vc_column-inner\"><div class=\"wpb_text_column us_custom_a5c88937\"><div class=\"wpb_wrapper\"><p><strong>S\u00fcleyman \u00d6zer<\/strong> se licenci\u00f3 en Medicina en la Facultad de Medicina de la Universidad de Estambul, obteniendo el t\u00edtulo de Doctor en Medicina.<\/p>\n<p>Tras su graduaci\u00f3n, sigui\u00f3 avanzando en su experiencia en medicina est\u00e9tica a trav\u00e9s de diversas formaciones nacionales e internacionales. Combinando tecnolog\u00edas modernas, productos innovadores y su s\u00f3lida experiencia cl\u00ednica, ofrece tratamientos personalizados, seguros y de aspecto natural. <\/p>\n<p>En la actualidad, sigue ofreciendo soluciones est\u00e9ticas de alta calidad centradas en el paciente, con un compromiso de excelencia y mejora continua.<\/p>\n<\/div><\/div><\/div><\/div><div class=\"wpb_column vc_column_container\"><div class=\"vc_column-inner\"><div class=\"w-slider style_none fit_cover nav_none has_ratio count_3\" style=\"--aspect-ratio: 1\/1;\"><div class=\"w-slider-h\"><div class=\"royalSlider\"><div class=\"rsContent\"><a class=\"rsImg\" data-rsw=\"2560\" data-rsh=\"1707\" data-rsBigImg=\"https:\/\/drsuleymanozer.com\/wp-content\/uploads\/2025\/11\/Dr-Suleyman-Ozer-scaled.jpg\" href=\"https:\/\/drsuleymanozer.com\/wp-content\/uploads\/2025\/11\/Dr-Suleyman-Ozer-scaled.jpg\"><span data-alt=\"\"><\/span><\/a><\/div><div class=\"rsContent\"><a class=\"rsImg\" data-rsw=\"1705\" data-rsh=\"1730\" data-rsBigImg=\"https:\/\/drsuleymanozer.com\/wp-content\/uploads\/2025\/11\/Dr-Suleyman-Ozer-2-scaled-e1763377753983.webp\" href=\"https:\/\/drsuleymanozer.com\/wp-content\/uploads\/2025\/11\/Dr-Suleyman-Ozer-2-scaled-e1763377753983.webp\"><span data-alt=\"\"><\/span><\/a><\/div><div class=\"rsContent\"><a class=\"rsImg\" data-rsw=\"1550\" data-rsh=\"1813\" data-rsBigImg=\"https:\/\/drsuleymanozer.com\/wp-content\/uploads\/2025\/11\/Dr-Suleyman-Ozer-1-scaled-e1763376546145.webp\" href=\"https:\/\/drsuleymanozer.com\/wp-content\/uploads\/2025\/11\/Dr-Suleyman-Ozer-1-scaled-e1763376546145.webp\"><span data-alt=\"\"><\/span><\/a><\/div><\/div><img decoding=\"async\" src=\"https:\/\/drsuleymanozer.com\/wp-content\/uploads\/2025\/11\/Dr-Suleyman-Ozer-scaled.jpg\" width=\"2560\" height=\"1707\" loading=\"lazy\" alt=\"\" title=\"\"><\/div><div class=\"w-slider-json\" onclick='return {&quot;autoScaleSlider&quot;:false,&quot;addActiveClass&quot;:true,&quot;loop&quot;:true,&quot;fadeInLoadedSlide&quot;:false,&quot;slidesSpacing&quot;:0,&quot;imageScalePadding&quot;:0,&quot;numImagesToPreload&quot;:2,&quot;arrowsNav&quot;:true,&quot;arrowsNavAutoHide&quot;:false,&quot;transitionType&quot;:&quot;move&quot;,&quot;transitionSpeed&quot;:250,&quot;block&quot;:{&quot;moveEffect&quot;:&quot;none&quot;,&quot;speed&quot;:300},&quot;thumbs&quot;:{&quot;fitInViewport&quot;:false,&quot;firstMargin&quot;:false,&quot;spacing&quot;:4},&quot;controlNavigation&quot;:&quot;none&quot;,&quot;fullscreen&quot;:{&quot;enabled&quot;:true}}'><\/div><\/div><\/div><\/div><\/div><\/div><\/div><\/div><\/div><\/section><section class=\"l-section wpb_row us_custom_ab7619de height_large\"><div class=\"l-section-h i-cf\"><div class=\"g-cols vc_row via_grid cols_1 laptops-cols_inherit tablets-cols_inherit mobiles-cols_1 valign_top type_default stacking_default\"><div class=\"wpb_column vc_column_container\"><div class=\"vc_column-inner\"><div class=\"g-cols wpb_row us_custom_eb849559 via_grid cols_1 laptops-cols_inherit tablets-cols_inherit mobiles-cols_1 valign_top type_default stacking_default\" style=\"--columns-gap:3rem;\"><div class=\"wpb_column vc_column_container\"><div class=\"vc_column-inner\"><div class=\"w-tabs layout_hor style_timeline switch_hover has_scrolling\" style=\"--sections-title-size:18px\"><div class=\"w-tabs-list items_8 align_center\"><div class=\"w-tabs-list-h\"><button class=\"w-tabs-item active\" aria-controls=\"content-oe02\" aria-expanded=\"false\"><span class=\"w-tabs-item-title\">1994<\/span><\/button><button class=\"w-tabs-item\" aria-controls=\"content-rfe3\" aria-expanded=\"false\"><span class=\"w-tabs-item-title\">2005<\/span><\/button><button class=\"w-tabs-item\" aria-controls=\"content-g1cc\" aria-expanded=\"false\"><span class=\"w-tabs-item-title\">2011<\/span><\/button><button class=\"w-tabs-item\" aria-controls=\"content-s3a6\" aria-expanded=\"false\"><span class=\"w-tabs-item-title\">2012<\/span><\/button><button class=\"w-tabs-item\" aria-controls=\"content-p597\" aria-expanded=\"false\"><span class=\"w-tabs-item-title\">2013<\/span><\/button><button class=\"w-tabs-item\" aria-controls=\"content-i77d\" aria-expanded=\"false\"><span class=\"w-tabs-item-title\">2014<\/span><\/button><button class=\"w-tabs-item\" aria-controls=\"content-g967\" aria-expanded=\"false\"><span class=\"w-tabs-item-title\">2020<\/span><\/button><button class=\"w-tabs-item\" aria-controls=\"content-cb49\" aria-expanded=\"false\"><span class=\"w-tabs-item-title\">2021<\/span><\/button><\/div><\/div><div class=\"w-tabs-sections titles-align_none icon_chevron cpos_right\"><div class=\"w-tabs-section active\" id=\"oe02\"><button class=\"w-tabs-section-header active\" aria-controls=\"content-oe02\" aria-expanded=\"true\"><div class=\"w-tabs-section-title\">1994<\/div><div class=\"w-tabs-section-control\"><\/div><\/button><div  class=\"w-tabs-section-content\" id=\"content-oe02\"><div class=\"w-tabs-section-content-h i-cf\"><div class=\"wpb_text_column\"><div class=\"wpb_wrapper\"><p>1994 &#8211; 2005 &#8211; Educaci\u00f3n Primaria, Secundaria, Bachillerato -\u015eanl\u0131urfa<\/p>\n<\/div><\/div><\/div><\/div><\/div><div class=\"w-tabs-section\" id=\"rfe3\"><button class=\"w-tabs-section-header\" aria-controls=\"content-rfe3\" aria-expanded=\"false\"><div class=\"w-tabs-section-title\">2005<\/div><div class=\"w-tabs-section-control\"><\/div><\/button><div  class=\"w-tabs-section-content\" id=\"content-rfe3\"><div class=\"w-tabs-section-content-h i-cf\"><div class=\"wpb_text_column\"><div class=\"wpb_wrapper\"><p>2005 &#8211; 2011 &#8211; Universidad de Estambul Facultad de Medicina- Estambul<\/p>\n<\/div><\/div><\/div><\/div><\/div><div class=\"w-tabs-section\" id=\"g1cc\"><button class=\"w-tabs-section-header\" aria-controls=\"content-g1cc\" aria-expanded=\"false\"><div class=\"w-tabs-section-title\">2011<\/div><div class=\"w-tabs-section-control\"><\/div><\/button><div  class=\"w-tabs-section-content\" id=\"content-g1cc\"><div class=\"w-tabs-section-content-h i-cf\"><div class=\"wpb_text_column\"><div class=\"wpb_wrapper\"><p>2011 &#8211; Centro de Salud Comunitario de Nusaybin<\/p>\n<\/div><\/div><\/div><\/div><\/div><div class=\"w-tabs-section\" id=\"s3a6\"><button class=\"w-tabs-section-header\" aria-controls=\"content-s3a6\" aria-expanded=\"false\"><div class=\"w-tabs-section-title\">2012<\/div><div class=\"w-tabs-section-control\"><\/div><\/button><div  class=\"w-tabs-section-content\" id=\"content-s3a6\"><div class=\"w-tabs-section-content-h i-cf\"><div class=\"wpb_text_column\"><div class=\"wpb_wrapper\"><p>2012 &#8211; Hospital Estatal de Nusaybin, m\u00e9dico de urgencias, Hospital Estatal de Nusaybin centros de atenci\u00f3n domiciliaria m\u00e9dico responsable &#8211; Mardin<\/p>\n<\/div><\/div><\/div><\/div><\/div><div class=\"w-tabs-section\" id=\"p597\"><button class=\"w-tabs-section-header\" aria-controls=\"content-p597\" aria-expanded=\"false\"><div class=\"w-tabs-section-title\">2013<\/div><div class=\"w-tabs-section-control\"><\/div><\/button><div  class=\"w-tabs-section-content\" id=\"content-p597\"><div class=\"w-tabs-section-content-h i-cf\"><div class=\"wpb_text_column\"><div class=\"wpb_wrapper\"><p>2013 &#8211; Facultad de Medicina de la Universidad de Gaziantep Departamento de Salud P\u00fablica Res. Ver Dr.<\/p>\n<\/div><\/div><\/div><\/div><\/div><div class=\"w-tabs-section\" id=\"i77d\"><button class=\"w-tabs-section-header\" aria-controls=\"content-i77d\" aria-expanded=\"false\"><div class=\"w-tabs-section-title\">2014<\/div><div class=\"w-tabs-section-control\"><\/div><\/button><div  class=\"w-tabs-section-content\" id=\"content-i77d\"><div class=\"w-tabs-section-content-h i-cf\"><div class=\"wpb_text_column\"><div class=\"wpb_wrapper\"><p>2014 &#8211; 2019 &#8211; Formaci\u00f3n de Especializaci\u00f3n en Medicina; Facultad de Medicina de la Universidad de Ufuk, Departamento de Cirug\u00eda Pl\u00e1stica Reconstructiva y Est\u00e9tica, Res. Ver. Dr. Ankara<\/p>\n<\/div><\/div><\/div><\/div><\/div><div class=\"w-tabs-section\" id=\"g967\"><button class=\"w-tabs-section-header\" aria-controls=\"content-g967\" aria-expanded=\"false\"><div class=\"w-tabs-section-title\">2020<\/div><div class=\"w-tabs-section-control\"><\/div><\/button><div  class=\"w-tabs-section-content\" id=\"content-g967\"><div class=\"w-tabs-section-content-h i-cf\"><div class=\"wpb_text_column\"><div class=\"wpb_wrapper\"><p>2020 &#8211; Especialista en Cirug\u00eda Pl\u00e1stica, Reparadora y Est\u00e9tica del Hospital Ba\u015fak\u015fehir \u00c7am y Sakura<\/p>\n<\/div><\/div><\/div><\/div><\/div><div class=\"w-tabs-section\" id=\"cb49\"><button class=\"w-tabs-section-header\" aria-controls=\"content-cb49\" aria-expanded=\"false\"><div class=\"w-tabs-section-title\">2021<\/div><div class=\"w-tabs-section-control\"><\/div><\/button><div  class=\"w-tabs-section-content\" id=\"content-cb49\"><div class=\"w-tabs-section-content-h i-cf\"><div class=\"wpb_text_column\"><div class=\"wpb_wrapper\"><p>Escuelas \/ Formaciones: 2021 &#8211; Cl\u00ednica privada<\/p>\n<\/div><\/div><\/div><\/div><\/div><\/div><\/div><\/div><\/div><\/div><\/div><\/div><\/div><\/div><\/section><section class=\"l-section wpb_row height_large\"><div class=\"l-section-h i-cf\"><div class=\"g-cols vc_row via_grid cols_1 laptops-cols_inherit tablets-cols_inherit mobiles-cols_1 valign_top type_default stacking_default\"><div class=\"wpb_column vc_column_container\"><div class=\"vc_column-inner\"><div class=\"g-cols wpb_row us_custom_de69c693 via_grid cols_2 laptops-cols_inherit tablets-cols_inherit mobiles-cols_1 valign_middle type_default stacking_default\" style=\"--columns-gap:3rem;\"><div class=\"wpb_column vc_column_container\"><div class=\"vc_column-inner\"><div class=\"wpb_text_column\"><div class=\"wpb_wrapper\"><p><strong>Experiencia en diversas cirug\u00edas:<\/strong><br \/>\nLa experiencia del Dr. \u00d6zer abarca un espectro de cirug\u00edas pl\u00e1sticas y est\u00e9ticas, incluido el rejuvenecimiento facial, el contorno corporal, las cirug\u00edas mamarias y mucho m\u00e1s. Su compromiso con la innovaci\u00f3n garantiza el acceso a las \u00faltimas t\u00e9cnicas para obtener resultados \u00f3ptimos. <\/p>\n<p><strong>Maestr\u00eda est\u00e9tica:<\/strong><br \/>\nCon un agudo ojo para la belleza y un profundo conocimiento de la anatom\u00eda, el Dr. \u00d6zer aborda cada intervenci\u00f3n como una obra de arte personalizada. Tanto si esculpe los rasgos faciales como si afina los contornos corporales, se esfuerza por conseguir resultados armoniosos y de aspecto natural. <\/p>\n<p><strong>Atenci\u00f3n centrada en el paciente:<\/strong><br \/>\nLa filosof\u00eda centrada en el paciente del Dr. \u00d6zer se basa en la comunicaci\u00f3n abierta, la compasi\u00f3n y la confianza. Escucha tus objetivos, fomentando una relaci\u00f3n de colaboraci\u00f3n que garantice una experiencia personalizada y satisfactoria a lo largo de tu viaje est\u00e9tico. <\/p>\n<p><strong>Tecnolog\u00eda pionera:<\/strong><br \/>\nA la vanguardia de los avances tecnol\u00f3gicos, el Dr. \u00d6zer integra innovaciones de vanguardia en su pr\u00e1ctica. Reconocido por colegas y pacientes por igual, sigue liderando la adopci\u00f3n de tecnolog\u00eda punta para mejorar la precisi\u00f3n quir\u00fargica y los resultados de los pacientes. <\/p>\n<p>Emb\u00e1rcate en un viaje transformador con el Dr. S\u00fcleyman \u00d6zer, donde la experiencia en cirug\u00eda facial, corporal y mamaria, entre otras, converge con la tecnolog\u00eda m\u00e1s avanzada para redefinir tu belleza natural. Conf\u00eda en las manos de un verdadero artesano y experimenta la confianza que supone hacer realidad tus sue\u00f1os est\u00e9ticos.<\/p>\n<\/div><\/div><\/div><\/div><div class=\"wpb_column vc_column_container\"><div class=\"vc_column-inner\"><div class=\"w-image us_custom_9cf479d2 align_none\"><div class=\"w-image-h\"><img decoding=\"async\" width=\"683\" height=\"1024\" src=\"https:\/\/drsuleymanozer.com\/wp-content\/uploads\/2025\/10\/DR-Suleyman-Ozer-9-683x1024.webp\" class=\"attachment-large size-large\" alt=\"\" loading=\"lazy\" srcset=\"https:\/\/drsuleymanozer.com\/wp-content\/uploads\/2025\/10\/DR-Suleyman-Ozer-9-683x1024.webp 683w, https:\/\/drsuleymanozer.com\/wp-content\/uploads\/2025\/10\/DR-Suleyman-Ozer-9-200x300.webp 200w, https:\/\/drsuleymanozer.com\/wp-content\/uploads\/2025\/10\/DR-Suleyman-Ozer-9.webp 1000w\" sizes=\"auto, (max-width: 683px) 100vw, 683px\" title=\"\"><\/div><\/div><\/div><\/div><\/div><\/div><\/div><\/div><\/div><\/section><section class=\"l-section wpb_row us_custom_ab7619de height_large\"><div class=\"l-section-h i-cf\"><div class=\"g-cols vc_row via_grid cols_1 laptops-cols_inherit tablets-cols_inherit mobiles-cols_1 valign_top type_default stacking_default\"><div class=\"wpb_column vc_column_container\"><div class=\"vc_column-inner\"><div class=\"wpb_text_column\"><div class=\"wpb_wrapper\"><h2 style=\"text-align: center;\">Certificados<\/h2>\n<\/div><\/div><div class=\"w-separator size_medium with_line width_30 thick_1 style_solid color_border align_center\"><div class=\"w-separator-h\"><\/div><\/div><div class=\"w-gallery fit_cover type_grid action_popup_image ratio_4x3 count_9\" style=\"--columns:3;--items-gap:10px;\"><div class=\"w-gallery-list\"><div class=\"w-gallery-item\"><div class=\"w-gallery-item-img\"><img loading=\"lazy\" decoding=\"async\" width=\"1024\" height=\"761\" src=\"https:\/\/drsuleymanozer.com\/wp-content\/uploads\/2025\/11\/b-9-1024x761.webp\" class=\"attachment-large size-large\" alt=\"\" srcset=\"https:\/\/drsuleymanozer.com\/wp-content\/uploads\/2025\/11\/b-9-1024x761.webp 1024w, https:\/\/drsuleymanozer.com\/wp-content\/uploads\/2025\/11\/b-9-300x223.webp 300w\" sizes=\"auto, (max-width: 1024px) 100vw, 1024px\" title=\"\"><\/div><a class=\"w-gallery-item-link\" aria-label=\"b-9\" href=\"https:\/\/drsuleymanozer.com\/wp-content\/uploads\/2025\/11\/b-9-scaled.webp\"><\/a><\/div><div class=\"w-gallery-item\"><div class=\"w-gallery-item-img\"><img loading=\"lazy\" decoding=\"async\" width=\"1024\" height=\"761\" src=\"https:\/\/drsuleymanozer.com\/wp-content\/uploads\/2025\/11\/b-10-1024x761.webp\" class=\"attachment-large size-large\" alt=\"\" srcset=\"https:\/\/drsuleymanozer.com\/wp-content\/uploads\/2025\/11\/b-10-1024x761.webp 1024w, https:\/\/drsuleymanozer.com\/wp-content\/uploads\/2025\/11\/b-10-300x223.webp 300w\" sizes=\"auto, (max-width: 1024px) 100vw, 1024px\" title=\"\"><\/div><a class=\"w-gallery-item-link\" aria-label=\"b-10\" href=\"https:\/\/drsuleymanozer.com\/wp-content\/uploads\/2025\/11\/b-10-scaled.webp\"><\/a><\/div><div class=\"w-gallery-item\"><div class=\"w-gallery-item-img\"><img loading=\"lazy\" decoding=\"async\" width=\"1024\" height=\"724\" src=\"https:\/\/drsuleymanozer.com\/wp-content\/uploads\/2025\/11\/b-3-1024x724.webp\" class=\"attachment-large size-large\" alt=\"\" srcset=\"https:\/\/drsuleymanozer.com\/wp-content\/uploads\/2025\/11\/b-3-1024x724.webp 1024w, https:\/\/drsuleymanozer.com\/wp-content\/uploads\/2025\/11\/b-3-300x212.webp 300w\" sizes=\"auto, (max-width: 1024px) 100vw, 1024px\" title=\"\"><\/div><a class=\"w-gallery-item-link\" aria-label=\"b-3\" href=\"https:\/\/drsuleymanozer.com\/wp-content\/uploads\/2025\/11\/b-3-scaled.webp\"><\/a><\/div><div class=\"w-gallery-item\"><div class=\"w-gallery-item-img\"><img loading=\"lazy\" decoding=\"async\" width=\"1024\" height=\"812\" src=\"https:\/\/drsuleymanozer.com\/wp-content\/uploads\/2025\/11\/b-8-1024x812.webp\" class=\"attachment-large size-large\" alt=\"\" srcset=\"https:\/\/drsuleymanozer.com\/wp-content\/uploads\/2025\/11\/b-8-1024x812.webp 1024w, https:\/\/drsuleymanozer.com\/wp-content\/uploads\/2025\/11\/b-8-300x238.webp 300w\" sizes=\"auto, (max-width: 1024px) 100vw, 1024px\" title=\"\"><\/div><a class=\"w-gallery-item-link\" aria-label=\"b-8\" href=\"https:\/\/drsuleymanozer.com\/wp-content\/uploads\/2025\/11\/b-8-scaled.webp\"><\/a><\/div><div class=\"w-gallery-item\"><div class=\"w-gallery-item-img\"><img loading=\"lazy\" decoding=\"async\" width=\"1024\" height=\"724\" src=\"https:\/\/drsuleymanozer.com\/wp-content\/uploads\/2025\/11\/b-7-1024x724.webp\" class=\"attachment-large size-large\" alt=\"\" srcset=\"https:\/\/drsuleymanozer.com\/wp-content\/uploads\/2025\/11\/b-7-1024x724.webp 1024w, https:\/\/drsuleymanozer.com\/wp-content\/uploads\/2025\/11\/b-7-300x212.webp 300w\" sizes=\"auto, (max-width: 1024px) 100vw, 1024px\" title=\"\"><\/div><a class=\"w-gallery-item-link\" aria-label=\"b-7\" href=\"https:\/\/drsuleymanozer.com\/wp-content\/uploads\/2025\/11\/b-7-scaled.webp\"><\/a><\/div><div class=\"w-gallery-item\"><div class=\"w-gallery-item-img\"><img loading=\"lazy\" decoding=\"async\" width=\"1024\" height=\"724\" src=\"https:\/\/drsuleymanozer.com\/wp-content\/uploads\/2025\/11\/b-6-1024x724.webp\" class=\"attachment-large size-large\" alt=\"\" srcset=\"https:\/\/drsuleymanozer.com\/wp-content\/uploads\/2025\/11\/b-6-1024x724.webp 1024w, https:\/\/drsuleymanozer.com\/wp-content\/uploads\/2025\/11\/b-6-300x212.webp 300w\" sizes=\"auto, (max-width: 1024px) 100vw, 1024px\" title=\"\"><\/div><a class=\"w-gallery-item-link\" aria-label=\"b-6\" href=\"https:\/\/drsuleymanozer.com\/wp-content\/uploads\/2025\/11\/b-6-scaled.webp\"><\/a><\/div><div class=\"w-gallery-item\"><div class=\"w-gallery-item-img\"><img loading=\"lazy\" decoding=\"async\" width=\"1024\" height=\"724\" src=\"https:\/\/drsuleymanozer.com\/wp-content\/uploads\/2025\/11\/b-5-1024x724.webp\" class=\"attachment-large size-large\" alt=\"\" srcset=\"https:\/\/drsuleymanozer.com\/wp-content\/uploads\/2025\/11\/b-5-1024x724.webp 1024w, https:\/\/drsuleymanozer.com\/wp-content\/uploads\/2025\/11\/b-5-300x212.webp 300w\" sizes=\"auto, (max-width: 1024px) 100vw, 1024px\" title=\"\"><\/div><a class=\"w-gallery-item-link\" aria-label=\"b-5\" href=\"https:\/\/drsuleymanozer.com\/wp-content\/uploads\/2025\/11\/b-5-scaled.webp\"><\/a><\/div><div class=\"w-gallery-item\"><div class=\"w-gallery-item-img\"><img loading=\"lazy\" decoding=\"async\" width=\"1024\" height=\"724\" src=\"https:\/\/drsuleymanozer.com\/wp-content\/uploads\/2025\/11\/b-4-1024x724.webp\" class=\"attachment-large size-large\" alt=\"\" srcset=\"https:\/\/drsuleymanozer.com\/wp-content\/uploads\/2025\/11\/b-4-1024x724.webp 1024w, https:\/\/drsuleymanozer.com\/wp-content\/uploads\/2025\/11\/b-4-300x212.webp 300w\" sizes=\"auto, (max-width: 1024px) 100vw, 1024px\" title=\"\"><\/div><a class=\"w-gallery-item-link\" aria-label=\"b-4\" href=\"https:\/\/drsuleymanozer.com\/wp-content\/uploads\/2025\/11\/b-4-scaled.webp\"><\/a><\/div><div class=\"w-gallery-item\"><div class=\"w-gallery-item-img\"><img loading=\"lazy\" decoding=\"async\" width=\"813\" height=\"1024\" src=\"https:\/\/drsuleymanozer.com\/wp-content\/uploads\/2025\/11\/b-1-scaled-e1762242273333-813x1024.webp\" class=\"attachment-large size-large\" alt=\"\" srcset=\"https:\/\/drsuleymanozer.com\/wp-content\/uploads\/2025\/11\/b-1-scaled-e1762242273333-813x1024.webp 813w, https:\/\/drsuleymanozer.com\/wp-content\/uploads\/2025\/11\/b-1-scaled-e1762242273333-238x300.webp 238w, https:\/\/drsuleymanozer.com\/wp-content\/uploads\/2025\/11\/b-1-scaled-e1762242273333.webp 2032w\" sizes=\"auto, (max-width: 813px) 100vw, 813px\" title=\"\"><\/div><a class=\"w-gallery-item-link\" aria-label=\"b-1\" href=\"https:\/\/drsuleymanozer.com\/wp-content\/uploads\/2025\/11\/b-1-scaled-e1762242273333.webp\"><\/a><\/div><\/div><\/div><\/div><\/div><\/div><\/div><\/section>\n","protected":false},"excerpt":{"rendered":"S\u00fcleyman \u00d6zer se licenci\u00f3 en Medicina en la Facultad de Medicina de la Universidad de Estambul, obteniendo el t\u00edtulo de Doctor en Medicina. Tras su graduaci\u00f3n, sigui\u00f3 avanzando en su experiencia en medicina est\u00e9tica a trav\u00e9s de diversas formaciones nacionales e internacionales. Combinando tecnolog\u00edas modernas, productos innovadores y su s\u00f3lida experiencia cl\u00ednica, ofrece tratamientos personalizados,...","protected":false},"author":1,"featured_media":0,"parent":0,"menu_order":0,"comment_status":"closed","ping_status":"closed","template":"","meta":{"footnotes":""},"class_list":["post-5719","page","type-page","status-publish","hentry"],"_links":{"self":[{"href":"https:\/\/drsuleymanozer.com\/es\/wp-json\/wp\/v2\/pages\/5719","targetHints":{"allow":["GET"]}}],"collection":[{"href":"https:\/\/drsuleymanozer.com\/es\/wp-json\/wp\/v2\/pages"}],"about":[{"href":"https:\/\/drsuleymanozer.com\/es\/wp-json\/wp\/v2\/types\/page"}],"author":[{"embeddable":true,"href":"https:\/\/drsuleymanozer.com\/es\/wp-json\/wp\/v2\/users\/1"}],"replies":[{"embeddable":true,"href":"https:\/\/drsuleymanozer.com\/es\/wp-json\/wp\/v2\/comments?post=5719"}],"version-history":[{"count":2,"href":"https:\/\/drsuleymanozer.com\/es\/wp-json\/wp\/v2\/pages\/5719\/revisions"}],"predecessor-version":[{"id":5772,"href":"https:\/\/drsuleymanozer.com\/es\/wp-json\/wp\/v2\/pages\/5719\/revisions\/5772"}],"wp:attachment":[{"href":"https:\/\/drsuleymanozer.com\/es\/wp-json\/wp\/v2\/media?parent=5719"}],"curies":[{"name":"wp","href":"https:\/\/api.w.org\/{rel}","templated":true}]}}