{"id":5858,"date":"2025-10-26T20:22:50","date_gmt":"2025-10-26T17:22:50","guid":{"rendered":"https:\/\/drsuleymanozer.com\/carrera-profesional\/"},"modified":"2025-12-23T18:58:44","modified_gmt":"2025-12-23T15:58:44","slug":"carrera-profesional","status":"publish","type":"page","link":"https:\/\/drsuleymanozer.com\/es\/carrera-profesional\/","title":{"rendered":"Carrera profesional"},"content":{"rendered":"<section class=\"l-section wpb_row us_custom_282da87f has_text_color height_large\"><div class=\"l-section-h i-cf\"><div class=\"g-cols vc_row via_grid cols_1 laptops-cols_inherit tablets-cols_inherit mobiles-cols_1 valign_top type_default stacking_default\"><div class=\"wpb_column vc_column_container\"><div class=\"vc_column-inner\"><div class=\"wpb_text_column\"><div class=\"wpb_wrapper\"><h1 style=\"text-align: center;\">\u00danete a nuestro equipo y marca la diferencia<\/h1>\n<p style=\"text-align: center;\">Siempre estamos buscando personas apasionadas que nos ayuden a dar forma al futuro de la asistencia sanitaria. Si est\u00e1s preparado para crecer profesionalmente en un entorno de apoyo y visi\u00f3n de futuro, nos encantar\u00eda conocerte. Consulta nuestras vacantes actuales a continuaci\u00f3n.  <\/p>\n<\/div><\/div><\/div><\/div><\/div><\/div><\/section><section class=\"l-section wpb_row height_large\"><div class=\"l-section-h i-cf\"><div class=\"g-cols vc_row via_grid cols_1 laptops-cols_inherit tablets-cols_inherit mobiles-cols_1 valign_top type_default stacking_default\"><div class=\"wpb_column vc_column_container\"><div class=\"vc_column-inner\"><div class=\"w-grid us_post_list type_grid layout_1522 cols_1 preload_style_spinner\" id=\"us_post_list_za1a\" style=\"--columns:1;--gap:10px;\"><style>.layout_1522 .w-grid-item-h{border-radius:0.3rem;box-shadow:0 0rem 0rem rgba(0,0,0,0.1),0 0rem 0rem rgba(0,0,0,0.1);transition-duration:0.3s}.no-touch .layout_1522 .w-grid-item-h:hover{box-shadow:0 0.04rem 0.08rem rgba(0,0,0,0.1),0 0.13rem 0.4rem rgba(0,0,0,0.15);z-index:4}.layout_1522 .usg_vwrapper_1{transition-duration:0.3s;transform-origin:50% 50%;transform:scale(1) translate(0%,0%)}.layout_1522 .w-grid-item-h:focus-within .usg_vwrapper_1,.layout_1522 .w-grid-item-h:hover .usg_vwrapper_1{transform:scale(1) translate(0%,0%);opacity:1;border-color:transparent!important}.layout_1522 .usg_vwrapper_1{border-radius:0.3rem!important;padding:20px!important;border:1px solid var(--color-content-border)!important}.layout_1522 .usg_post_title_1{font-size:1.1rem!important}<\/style><div class=\"w-grid-list\">\t<article class=\"w-grid-item size_1x1 post-5502 page type-page status-publish has-post-thumbnail hentry\" data-id=\"5502\">\r\n\t\t<div class=\"w-grid-item-h\">\r\n\t\t\t\t\t\t\t<a href=\"https:\/\/drsuleymanozer.com\/es\/\" class=\"w-grid-item-anchor\" aria-label=\"Dr. S\u00fcleyman \u00d6zer\"><\/a>\r\n\t\t\t\t\t\t<div class=\"w-vwrapper usg_vwrapper_1 align_none valign_top\" style=\"--vwrapper-gap:0.5rem\"><h2 class=\"w-post-elm post_title usg_post_title_1 entry-title color_link_inherit\">Dr. S\u00fcleyman \u00d6zer<\/h2><\/div>\t\t<\/div>\r\n\t\t\t<\/article>\r\n\t<article class=\"w-grid-item size_1x1 post-5541 page type-page status-publish hentry\" data-id=\"5541\">\r\n\t\t<div class=\"w-grid-item-h\">\r\n\t\t\t\t\t\t\t<a href=\"https:\/\/drsuleymanozer.com\/es\/operaciones\/\" class=\"w-grid-item-anchor\" aria-label=\"Operaciones\"><\/a>\r\n\t\t\t\t\t\t<div class=\"w-vwrapper usg_vwrapper_1 align_none valign_top\" style=\"--vwrapper-gap:0.5rem\"><h2 class=\"w-post-elm post_title usg_post_title_1 entry-title color_link_inherit\">Operaciones<\/h2><\/div>\t\t<\/div>\r\n\t\t\t<\/article>\r\n\t<article class=\"w-grid-item size_1x1 post-5560 page type-page status-publish hentry\" data-id=\"5560\">\r\n\t\t<div class=\"w-grid-item-h\">\r\n\t\t\t\t\t\t\t<a href=\"https:\/\/drsuleymanozer.com\/es\/blog\/\" class=\"w-grid-item-anchor\" aria-label=\"Blog\"><\/a>\r\n\t\t\t\t\t\t<div class=\"w-vwrapper usg_vwrapper_1 align_none valign_top\" style=\"--vwrapper-gap:0.5rem\"><h2 class=\"w-post-elm post_title usg_post_title_1 entry-title color_link_inherit\">Blog<\/h2><\/div>\t\t<\/div>\r\n\t\t\t<\/article>\r\n\t<article class=\"w-grid-item size_1x1 post-5669 page type-page status-publish hentry\" data-id=\"5669\">\r\n\t\t<div class=\"w-grid-item-h\">\r\n\t\t\t\t\t\t\t<a href=\"https:\/\/drsuleymanozer.com\/es\/ponte-en-contacto-con\/\" class=\"w-grid-item-anchor\" aria-label=\"Ponte en contacto con\"><\/a>\r\n\t\t\t\t\t\t<div class=\"w-vwrapper usg_vwrapper_1 align_none valign_top\" style=\"--vwrapper-gap:0.5rem\"><h2 class=\"w-post-elm post_title usg_post_title_1 entry-title color_link_inherit\">Ponte en contacto con<\/h2><\/div>\t\t<\/div>\r\n\t\t\t<\/article>\r\n\t<article class=\"w-grid-item size_1x1 post-5719 page type-page status-publish hentry\" data-id=\"5719\">\r\n\t\t<div class=\"w-grid-item-h\">\r\n\t\t\t\t\t\t\t<a href=\"https:\/\/drsuleymanozer.com\/es\/acerca-de\/\" class=\"w-grid-item-anchor\" aria-label=\"Acerca de\"><\/a>\r\n\t\t\t\t\t\t<div class=\"w-vwrapper usg_vwrapper_1 align_none valign_top\" style=\"--vwrapper-gap:0.5rem\"><h2 class=\"w-post-elm post_title usg_post_title_1 entry-title color_link_inherit\">Acerca de<\/h2><\/div>\t\t<\/div>\r\n\t\t\t<\/article>\r\n\t<article class=\"w-grid-item size_1x1 post-5670 page type-page status-publish hentry\" data-id=\"5670\">\r\n\t\t<div class=\"w-grid-item-h\">\r\n\t\t\t\t\t\t\t<a href=\"https:\/\/drsuleymanozer.com\/es\/equipo-medico\/\" class=\"w-grid-item-anchor\" aria-label=\"Equipo m\u00e9dico\"><\/a>\r\n\t\t\t\t\t\t<div class=\"w-vwrapper usg_vwrapper_1 align_none valign_top\" style=\"--vwrapper-gap:0.5rem\"><h2 class=\"w-post-elm post_title usg_post_title_1 entry-title color_link_inherit\">Equipo m\u00e9dico<\/h2><\/div>\t\t<\/div>\r\n\t\t\t<\/article>\r\n\t<article class=\"w-grid-item size_1x1 post-5773 page type-page status-publish hentry\" data-id=\"5773\">\r\n\t\t<div class=\"w-grid-item-h\">\r\n\t\t\t\t\t\t\t<a href=\"https:\/\/drsuleymanozer.com\/es\/busca-en\/\" class=\"w-grid-item-anchor\" aria-label=\"Busca en\"><\/a>\r\n\t\t\t\t\t\t<div class=\"w-vwrapper usg_vwrapper_1 align_none valign_top\" style=\"--vwrapper-gap:0.5rem\"><h2 class=\"w-post-elm post_title usg_post_title_1 entry-title color_link_inherit\">Busca en<\/h2><\/div>\t\t<\/div>\r\n\t\t\t<\/article>\r\n\t<article class=\"w-grid-item size_1x1 post-7219 page type-page status-publish has-post-thumbnail hentry\" data-id=\"7219\">\r\n\t\t<div class=\"w-grid-item-h\">\r\n\t\t\t\t\t\t\t<a href=\"https:\/\/drsuleymanozer.com\/es\/estetica-facial\/\" class=\"w-grid-item-anchor\" aria-label=\"Est\u00e9tica facial\"><\/a>\r\n\t\t\t\t\t\t<div class=\"w-vwrapper usg_vwrapper_1 align_none valign_top\" style=\"--vwrapper-gap:0.5rem\"><h2 class=\"w-post-elm post_title usg_post_title_1 entry-title color_link_inherit\">Est\u00e9tica facial<\/h2><\/div>\t\t<\/div>\r\n\t\t\t<\/article>\r\n\t<article class=\"w-grid-item size_1x1 post-7009 page type-page status-publish has-post-thumbnail hentry\" data-id=\"7009\">\r\n\t\t<div class=\"w-grid-item-h\">\r\n\t\t\t\t\t\t\t<a href=\"https:\/\/drsuleymanozer.com\/es\/estetica-corporal\/\" class=\"w-grid-item-anchor\" aria-label=\"Est\u00e9tica corporal\"><\/a>\r\n\t\t\t\t\t\t<div class=\"w-vwrapper usg_vwrapper_1 align_none valign_top\" style=\"--vwrapper-gap:0.5rem\"><h2 class=\"w-post-elm post_title usg_post_title_1 entry-title color_link_inherit\">Est\u00e9tica corporal<\/h2><\/div>\t\t<\/div>\r\n\t\t\t<\/article>\r\n\t<article class=\"w-grid-item size_1x1 post-7121 page type-page status-publish has-post-thumbnail hentry\" data-id=\"7121\">\r\n\t\t<div class=\"w-grid-item-h\">\r\n\t\t\t\t\t\t\t<a href=\"https:\/\/drsuleymanozer.com\/es\/estetica-mamaria\/\" class=\"w-grid-item-anchor\" aria-label=\"Est\u00e9tica mamaria\"><\/a>\r\n\t\t\t\t\t\t<div class=\"w-vwrapper usg_vwrapper_1 align_none valign_top\" style=\"--vwrapper-gap:0.5rem\"><h2 class=\"w-post-elm post_title usg_post_title_1 entry-title color_link_inherit\">Est\u00e9tica mamaria<\/h2><\/div>\t\t<\/div>\r\n\t\t\t<\/article>\r\n\t<article class=\"w-grid-item size_1x1 post-5858 page type-page status-publish hentry\" data-id=\"5858\">\r\n\t\t<div class=\"w-grid-item-h\">\r\n\t\t\t\t\t\t\t<a href=\"https:\/\/drsuleymanozer.com\/es\/carrera-profesional\/\" class=\"w-grid-item-anchor\" aria-label=\"Carrera profesional\"><\/a>\r\n\t\t\t\t\t\t<div class=\"w-vwrapper usg_vwrapper_1 align_none valign_top\" style=\"--vwrapper-gap:0.5rem\"><h2 class=\"w-post-elm post_title usg_post_title_1 entry-title color_link_inherit\">Carrera profesional<\/h2><\/div>\t\t<\/div>\r\n\t\t\t<\/article>\r\n\t<article class=\"w-grid-item size_1x1 post-5619 page type-page status-publish hentry\" data-id=\"5619\">\r\n\t\t<div class=\"w-grid-item-h\">\r\n\t\t\t\t\t\t\t<a href=\"https:\/\/drsuleymanozer.com\/es\/kit-de-prensa\/\" class=\"w-grid-item-anchor\" aria-label=\"Kit de prensa\"><\/a>\r\n\t\t\t\t\t\t<div class=\"w-vwrapper usg_vwrapper_1 align_none valign_top\" style=\"--vwrapper-gap:0.5rem\"><h2 class=\"w-post-elm post_title usg_post_title_1 entry-title color_link_inherit\">Kit de prensa<\/h2><\/div>\t\t<\/div>\r\n\t\t\t<\/article>\r\n<\/div><div class=\"g-loadmore hidden\"><div class=\"g-preloader type_1\"><div><\/div><\/div><\/div><div class=\"w-grid-list-json hidden\" onclick='return {&quot;max_num_pages&quot;:0,&quot;paginationBase&quot;:&quot;page&quot;,&quot;pagination&quot;:&quot;none&quot;,&quot;paged&quot;:1,&quot;ajaxData&quot;:{&quot;action&quot;:&quot;us_ajax_post_list&quot;,&quot;meta_type&quot;:&quot;post&quot;,&quot;object_id&quot;:0,&quot;template_vars&quot;:{&quot;shortcode_base&quot;:&quot;us_post_list&quot;,&quot;paged&quot;:1,&quot;max_num_pages&quot;:0,&quot;no_results&quot;:false,&quot;us_post_content_design_css&quot;:[],&quot;found_posts&quot;:0,&quot;items_count&quot;:12,&quot;source&quot;:&quot;child_posts_of_current&quot;,&quot;ids&quot;:&quot;&quot;,&quot;post_type&quot;:&quot;post&quot;,&quot;attachment_ids&quot;:null,&quot;include_post_thumbnail&quot;:0,&quot;post_author&quot;:&quot;any&quot;,&quot;post_author_ids&quot;:&quot;&quot;,&quot;apply_url_params&quot;:0,&quot;exclude_children&quot;:0,&quot;exclude_current_post&quot;:1,&quot;exclude_prev_posts&quot;:0,&quot;enable_items_offset&quot;:0,&quot;items_offset&quot;:&quot;1&quot;,&quot;tax_query_relation&quot;:&quot;none&quot;,&quot;tax_query&quot;:[{&quot;operator&quot;:&quot;IN&quot;,&quot;taxonomy&quot;:&quot;category&quot;,&quot;terms&quot;:&quot;&quot;,&quot;include_children&quot;:0}],&quot;meta_query_relation&quot;:&quot;none&quot;,&quot;meta_query&quot;:[{&quot;key&quot;:&quot;custom_field_name&quot;,&quot;compare&quot;:&quot;=&quot;,&quot;value&quot;:&quot;&quot;}],&quot;orderby&quot;:&quot;date&quot;,&quot;orderby_custom_field&quot;:&quot;&quot;,&quot;orderby_custom_type&quot;:0,&quot;order_invert&quot;:0,&quot;show_all&quot;:0,&quot;quantity&quot;:&quot;12&quot;,&quot;posts_per_archive_page&quot;:0,&quot;no_items_action&quot;:&quot;message&quot;,&quot;no_items_message&quot;:&quot;No se han encontrado resultados.&quot;,&quot;no_items_page_block&quot;:&quot;&quot;,&quot;pagination&quot;:&quot;none&quot;,&quot;pagination_style&quot;:&quot;&quot;,&quot;pagination_btn_text&quot;:&quot;Cargar m\\u00e1s&quot;,&quot;pagination_btn_size&quot;:&quot;&quot;,&quot;pagination_btn_style&quot;:&quot;1&quot;,&quot;pagination_btn_fullwidth&quot;:0,&quot;items_layout&quot;:&quot;1522&quot;,&quot;type&quot;:&quot;grid&quot;,&quot;items_valign&quot;:0,&quot;ignore_items_size&quot;:0,&quot;columns&quot;:&quot;1&quot;,&quot;items_gap&quot;:&quot;10px&quot;,&quot;load_animation&quot;:&quot;none&quot;,&quot;items_preload_style&quot;:&quot;spinner&quot;,&quot;img_size&quot;:&quot;default&quot;,&quot;title_size&quot;:&quot;&quot;,&quot;items_ratio&quot;:&quot;default&quot;,&quot;items_ratio_width&quot;:&quot;21&quot;,&quot;items_ratio_height&quot;:&quot;9&quot;,&quot;overriding_link&quot;:&quot;%7B%22type%22%3A%22post%22%7D&quot;,&quot;popup_page_template&quot;:&quot;0&quot;,&quot;popup_width&quot;:&quot;&quot;,&quot;popup_arrows&quot;:1,&quot;breakpoint_1_width&quot;:&quot;1381px&quot;,&quot;breakpoint_1_cols&quot;:&quot;default&quot;,&quot;breakpoint_1_quantity&quot;:&quot;&quot;,&quot;breakpoint_1_gap&quot;:&quot;&quot;,&quot;breakpoint_2_width&quot;:&quot;1025px&quot;,&quot;breakpoint_2_cols&quot;:&quot;2&quot;,&quot;breakpoint_2_quantity&quot;:&quot;&quot;,&quot;breakpoint_2_gap&quot;:&quot;&quot;,&quot;breakpoint_3_width&quot;:&quot;601px&quot;,&quot;breakpoint_3_cols&quot;:&quot;1&quot;,&quot;breakpoint_3_quantity&quot;:&quot;&quot;,&quot;breakpoint_3_gap&quot;:&quot;&quot;,&quot;conditions_operator&quot;:&quot;always&quot;,&quot;conditions&quot;:[],&quot;css&quot;:null,&quot;el_class&quot;:&quot;&quot;,&quot;el_id&quot;:&quot;&quot;,&quot;enable_custom_html_atts&quot;:0,&quot;custom_html_atts&quot;:null,&quot;hide_on_states&quot;:&quot;&quot;,&quot;hide_for_sticky&quot;:0,&quot;hide_for_not_sticky&quot;:0,&quot;hide_below&quot;:&quot;0px&quot;,&quot;hide_above&quot;:&quot;0px&quot;,&quot;classes&quot;:&quot;&quot;}},&quot;facetedFilter&quot;:[]}'><\/div><\/div><\/div><\/div><\/div><\/div><\/section>\n","protected":false},"excerpt":{"rendered":"Accede a nuestros activos de marca oficiales. Este kit de prensa contiene logotipos de alta resoluci\u00f3n, im\u00e1genes aprobadas y directrices de la marca para garantizar una representaci\u00f3n precisa en todas las publicaciones y colaboraciones con los medios de comunicaci\u00f3n. Logotipo oscuro PNGDescargaLogotipo blanco PNGDescargaLogotipo dorado PNGDescargaLogotipo oscuro SVGDescargaLogotipo blanco SVGDescargaLogotipo dorado SVGDescarga","protected":false},"author":1,"featured_media":0,"parent":0,"menu_order":0,"comment_status":"closed","ping_status":"closed","template":"","meta":{"footnotes":""},"class_list":["post-5858","page","type-page","status-publish","hentry"],"_links":{"self":[{"href":"https:\/\/drsuleymanozer.com\/es\/wp-json\/wp\/v2\/pages\/5858","targetHints":{"allow":["GET"]}}],"collection":[{"href":"https:\/\/drsuleymanozer.com\/es\/wp-json\/wp\/v2\/pages"}],"about":[{"href":"https:\/\/drsuleymanozer.com\/es\/wp-json\/wp\/v2\/types\/page"}],"author":[{"embeddable":true,"href":"https:\/\/drsuleymanozer.com\/es\/wp-json\/wp\/v2\/users\/1"}],"replies":[{"embeddable":true,"href":"https:\/\/drsuleymanozer.com\/es\/wp-json\/wp\/v2\/comments?post=5858"}],"version-history":[{"count":9,"href":"https:\/\/drsuleymanozer.com\/es\/wp-json\/wp\/v2\/pages\/5858\/revisions"}],"predecessor-version":[{"id":5923,"href":"https:\/\/drsuleymanozer.com\/es\/wp-json\/wp\/v2\/pages\/5858\/revisions\/5923"}],"wp:attachment":[{"href":"https:\/\/drsuleymanozer.com\/es\/wp-json\/wp\/v2\/media?parent=5858"}],"curies":[{"name":"wp","href":"https:\/\/api.w.org\/{rel}","templated":true}]}}