{"id":7121,"date":"2025-10-16T09:59:44","date_gmt":"2025-10-16T06:59:44","guid":{"rendered":"https:\/\/drsuleymanozer.com\/estetica-mamaria\/"},"modified":"2025-12-27T12:21:20","modified_gmt":"2025-12-27T09:21:20","slug":"estetica-mamaria","status":"publish","type":"page","link":"https:\/\/drsuleymanozer.com\/es\/estetica-mamaria\/","title":{"rendered":"Est\u00e9tica mamaria"},"content":{"rendered":"<section class=\"l-section wpb_row us_custom_e8723c1f has_text_color height_large\"><div class=\"l-section-h i-cf\"><div class=\"g-cols vc_row via_grid cols_1 laptops-cols_inherit tablets-cols_inherit mobiles-cols_1 valign_top type_default stacking_default\"><div class=\"wpb_column vc_column_container\"><div class=\"vc_column-inner\"><div class=\"wpb_text_column\"><div class=\"wpb_wrapper\"><h1 style=\"text-align: center;\">Est\u00e9tica mamaria<\/h1>\n<p style=\"text-align: center;\">Consigue unos pechos bellos y proporcionados con nuestros procedimientos est\u00e9ticos integrales. Estamos especializados en aumento, reducci\u00f3n, elevaci\u00f3n y correcci\u00f3n de pezones, y utilizamos t\u00e9cnicas avanzadas para garantizar resultados de aspecto y tacto totalmente naturales.<\/p>\n<\/div><\/div><div class=\"w-separator size_medium\"><\/div><nav class=\"g-breadcrumbs us_custom_6df4bc3a has_text_color separator_icon align_center\" itemscope itemtype=\"http:\/\/schema.org\/BreadcrumbList\"><div class=\"g-breadcrumbs-item\" itemscope itemprop=\"itemListElement\" itemtype=\"http:\/\/schema.org\/ListItem\"><a itemprop=\"item\" href=\"https:\/\/drsuleymanozer.com\/es\/\"><span itemprop=\"name\">Inicio<\/span><\/a><meta itemprop=\"position\" content=\"1\"\/><\/div><div class=\"g-breadcrumbs-separator\"><i class=\"far fa-angle-right\"><\/i><\/div><div class=\"g-breadcrumbs-item\">P\u00e1ginas<\/div><\/nav><\/div><\/div><\/div><\/div><\/section><section class=\"l-section wpb_row us_custom_44b472e0 height_large\"><div class=\"l-section-h i-cf\"><div class=\"g-cols vc_row via_grid cols_1 laptops-cols_inherit tablets-cols_inherit mobiles-cols_1 valign_top type_default stacking_default\"><div class=\"wpb_column vc_column_container\"><div class=\"vc_column-inner\"><div class=\"w-grid us_post_list type_grid layout_316 cols_4 preload_style_spinner ratio_3x4\" id=\"us_post_list_rea7\" style=\"--columns:4;--gap:10px;--item-ratio:1.33333;\"><style>@media (max-width:1024px){#us_post_list_rea7{--columns:2!important}}@media (max-width:600px){#us_post_list_rea7{--columns:2!important}}.layout_316 .w-grid-item-h{border-radius:1rem;box-shadow:0 0rem 0rem rgba(0,0,0,0.1),0 0rem 0rem rgba(0,0,0,0.1);transition-duration:0.3s}.no-touch .layout_316 .w-grid-item-h:hover{box-shadow:0 0.12rem 0.24rem rgba(0,0,0,0.1),0 0.4rem 1.2rem rgba(0,0,0,0.15);z-index:4}.layout_316 .usg_post_image_1{position:absolute!important}.layout_316 .usg_vwrapper_1{position:absolute!important;left:0!important;bottom:0!important;right:0!important;padding:15% 7% 15% 7%!important}.layout_316 .usg_post_title_1{color:#fff!important;text-align:center!important;font-size:1.4rem!important;font-weight:700!important}@media (min-width:1025px) and (max-width:1380px){.layout_316 .usg_post_title_1{color:#fff!important;text-align:center!important;font-size:1.4rem!important;font-weight:700!important}}@media (min-width:601px) and (max-width:1024px){.layout_316 .usg_post_title_1{color:#fff!important;text-align:center!important;font-size:1rem!important;font-weight:700!important}}@media (max-width:600px){.layout_316 .usg_post_title_1{color:#fff!important;text-align:center!important;font-size:1rem!important;font-weight:700!important}}<\/style><div class=\"w-grid-list\">\t<article class=\"w-grid-item size_1x1 post-5502 page type-page status-publish has-post-thumbnail hentry\" data-id=\"5502\">\r\n\t\t<div class=\"w-grid-item-h\">\r\n\t\t\t\t\t\t\t<a href=\"https:\/\/drsuleymanozer.com\/es\/\" class=\"w-grid-item-anchor\" aria-label=\"Dr. S\u00fcleyman \u00d6zer\"><\/a>\r\n\t\t\t\t\t\t<div class=\"w-post-elm post_image usg_post_image_1 has_ratio\"><img loading=\"lazy\" decoding=\"async\" width=\"431\" height=\"389\" src=\"https:\/\/drsuleymanozer.com\/wp-content\/uploads\/2025\/09\/screenshot.jpg\" class=\"attachment-full size-full wp-post-image\" alt=\"\" title=\"\"><div style=\"padding-bottom:133.3333%\"><\/div><\/div><div class=\"w-vwrapper usg_vwrapper_1 align_none valign_top\"><h2 class=\"w-post-elm post_title usg_post_title_1 has_text_color entry-title color_link_inherit\">Dr. S\u00fcleyman \u00d6zer<\/h2><\/div>\t\t<\/div>\r\n\t\t\t<\/article>\r\n\t<article class=\"w-grid-item size_1x1 post-5541 page type-page status-publish hentry\" data-id=\"5541\">\r\n\t\t<div class=\"w-grid-item-h\">\r\n\t\t\t\t\t\t\t<a href=\"https:\/\/drsuleymanozer.com\/es\/operaciones\/\" class=\"w-grid-item-anchor\" aria-label=\"Operaciones\"><\/a>\r\n\t\t\t\t\t\t<div class=\"w-vwrapper usg_vwrapper_1 align_none valign_top\"><h2 class=\"w-post-elm post_title usg_post_title_1 has_text_color entry-title color_link_inherit\">Operaciones<\/h2><\/div>\t\t<\/div>\r\n\t\t\t<\/article>\r\n\t<article class=\"w-grid-item size_1x1 post-5560 page type-page status-publish hentry\" data-id=\"5560\">\r\n\t\t<div class=\"w-grid-item-h\">\r\n\t\t\t\t\t\t\t<a href=\"https:\/\/drsuleymanozer.com\/es\/blog\/\" class=\"w-grid-item-anchor\" aria-label=\"Blog\"><\/a>\r\n\t\t\t\t\t\t<div class=\"w-vwrapper usg_vwrapper_1 align_none valign_top\"><h2 class=\"w-post-elm post_title usg_post_title_1 has_text_color entry-title color_link_inherit\">Blog<\/h2><\/div>\t\t<\/div>\r\n\t\t\t<\/article>\r\n\t<article class=\"w-grid-item size_1x1 post-5669 page type-page status-publish hentry\" data-id=\"5669\">\r\n\t\t<div class=\"w-grid-item-h\">\r\n\t\t\t\t\t\t\t<a href=\"https:\/\/drsuleymanozer.com\/es\/ponte-en-contacto-con\/\" class=\"w-grid-item-anchor\" aria-label=\"Ponte en contacto con\"><\/a>\r\n\t\t\t\t\t\t<div class=\"w-vwrapper usg_vwrapper_1 align_none valign_top\"><h2 class=\"w-post-elm post_title usg_post_title_1 has_text_color entry-title color_link_inherit\">Ponte en contacto con<\/h2><\/div>\t\t<\/div>\r\n\t\t\t<\/article>\r\n\t<article class=\"w-grid-item size_1x1 post-5719 page type-page status-publish hentry\" data-id=\"5719\">\r\n\t\t<div class=\"w-grid-item-h\">\r\n\t\t\t\t\t\t\t<a href=\"https:\/\/drsuleymanozer.com\/es\/acerca-de\/\" class=\"w-grid-item-anchor\" aria-label=\"Acerca de\"><\/a>\r\n\t\t\t\t\t\t<div class=\"w-vwrapper usg_vwrapper_1 align_none valign_top\"><h2 class=\"w-post-elm post_title usg_post_title_1 has_text_color entry-title color_link_inherit\">Acerca de<\/h2><\/div>\t\t<\/div>\r\n\t\t\t<\/article>\r\n\t<article class=\"w-grid-item size_1x1 post-5670 page type-page status-publish hentry\" data-id=\"5670\">\r\n\t\t<div class=\"w-grid-item-h\">\r\n\t\t\t\t\t\t\t<a href=\"https:\/\/drsuleymanozer.com\/es\/equipo-medico\/\" class=\"w-grid-item-anchor\" aria-label=\"Equipo m\u00e9dico\"><\/a>\r\n\t\t\t\t\t\t<div class=\"w-vwrapper usg_vwrapper_1 align_none valign_top\"><h2 class=\"w-post-elm post_title usg_post_title_1 has_text_color entry-title color_link_inherit\">Equipo m\u00e9dico<\/h2><\/div>\t\t<\/div>\r\n\t\t\t<\/article>\r\n\t<article class=\"w-grid-item size_1x1 post-5773 page type-page status-publish hentry\" data-id=\"5773\">\r\n\t\t<div class=\"w-grid-item-h\">\r\n\t\t\t\t\t\t\t<a href=\"https:\/\/drsuleymanozer.com\/es\/busca-en\/\" class=\"w-grid-item-anchor\" aria-label=\"Busca en\"><\/a>\r\n\t\t\t\t\t\t<div class=\"w-vwrapper usg_vwrapper_1 align_none valign_top\"><h2 class=\"w-post-elm post_title usg_post_title_1 has_text_color entry-title color_link_inherit\">Busca en<\/h2><\/div>\t\t<\/div>\r\n\t\t\t<\/article>\r\n\t<article class=\"w-grid-item size_1x1 post-7219 page type-page status-publish has-post-thumbnail hentry\" data-id=\"7219\">\r\n\t\t<div class=\"w-grid-item-h\">\r\n\t\t\t\t\t\t\t<a href=\"https:\/\/drsuleymanozer.com\/es\/estetica-facial\/\" class=\"w-grid-item-anchor\" aria-label=\"Est\u00e9tica facial\"><\/a>\r\n\t\t\t\t\t\t<div class=\"w-post-elm post_image usg_post_image_1 has_ratio\"><img loading=\"lazy\" decoding=\"async\" width=\"400\" height=\"533\" src=\"https:\/\/drsuleymanozer.com\/wp-content\/uploads\/2025\/11\/Face-Aesthetic.jpg\" class=\"attachment-full size-full wp-post-image\" alt=\"\" title=\"\"><div style=\"padding-bottom:133.3333%\"><\/div><\/div><div class=\"w-vwrapper usg_vwrapper_1 align_none valign_top\"><h2 class=\"w-post-elm post_title usg_post_title_1 has_text_color entry-title color_link_inherit\">Est\u00e9tica facial<\/h2><\/div>\t\t<\/div>\r\n\t\t\t<\/article>\r\n\t<article class=\"w-grid-item size_1x1 post-7009 page type-page status-publish has-post-thumbnail hentry\" data-id=\"7009\">\r\n\t\t<div class=\"w-grid-item-h\">\r\n\t\t\t\t\t\t\t<a href=\"https:\/\/drsuleymanozer.com\/es\/estetica-corporal\/\" class=\"w-grid-item-anchor\" aria-label=\"Est\u00e9tica corporal\"><\/a>\r\n\t\t\t\t\t\t<div class=\"w-post-elm post_image usg_post_image_1 has_ratio\"><img loading=\"lazy\" decoding=\"async\" width=\"400\" height=\"533\" src=\"https:\/\/drsuleymanozer.com\/wp-content\/uploads\/2025\/11\/Body-Aesthetic.jpg\" class=\"attachment-full size-full wp-post-image\" alt=\"\" title=\"\"><div style=\"padding-bottom:133.3333%\"><\/div><\/div><div class=\"w-vwrapper usg_vwrapper_1 align_none valign_top\"><h2 class=\"w-post-elm post_title usg_post_title_1 has_text_color entry-title color_link_inherit\">Est\u00e9tica corporal<\/h2><\/div>\t\t<\/div>\r\n\t\t\t<\/article>\r\n\t<article class=\"w-grid-item size_1x1 post-7121 page type-page status-publish has-post-thumbnail hentry\" data-id=\"7121\">\r\n\t\t<div class=\"w-grid-item-h\">\r\n\t\t\t\t\t\t\t<a href=\"https:\/\/drsuleymanozer.com\/es\/estetica-mamaria\/\" class=\"w-grid-item-anchor\" aria-label=\"Est\u00e9tica mamaria\"><\/a>\r\n\t\t\t\t\t\t<div class=\"w-post-elm post_image usg_post_image_1 has_ratio\"><img loading=\"lazy\" decoding=\"async\" width=\"400\" height=\"533\" src=\"https:\/\/drsuleymanozer.com\/wp-content\/uploads\/2025\/11\/Breast-Aesthetic.jpg\" class=\"attachment-full size-full wp-post-image\" alt=\"\" title=\"\"><div style=\"padding-bottom:133.3333%\"><\/div><\/div><div class=\"w-vwrapper usg_vwrapper_1 align_none valign_top\"><h2 class=\"w-post-elm post_title usg_post_title_1 has_text_color entry-title color_link_inherit\">Est\u00e9tica mamaria<\/h2><\/div>\t\t<\/div>\r\n\t\t\t<\/article>\r\n\t<article class=\"w-grid-item size_1x1 post-5858 page type-page status-publish hentry\" data-id=\"5858\">\r\n\t\t<div class=\"w-grid-item-h\">\r\n\t\t\t\t\t\t\t<a href=\"https:\/\/drsuleymanozer.com\/es\/carrera-profesional\/\" class=\"w-grid-item-anchor\" aria-label=\"Carrera profesional\"><\/a>\r\n\t\t\t\t\t\t<div class=\"w-vwrapper usg_vwrapper_1 align_none valign_top\"><h2 class=\"w-post-elm post_title usg_post_title_1 has_text_color entry-title color_link_inherit\">Carrera profesional<\/h2><\/div>\t\t<\/div>\r\n\t\t\t<\/article>\r\n\t<article class=\"w-grid-item size_1x1 post-5619 page type-page status-publish hentry\" data-id=\"5619\">\r\n\t\t<div class=\"w-grid-item-h\">\r\n\t\t\t\t\t\t\t<a href=\"https:\/\/drsuleymanozer.com\/es\/kit-de-prensa\/\" class=\"w-grid-item-anchor\" aria-label=\"Kit de prensa\"><\/a>\r\n\t\t\t\t\t\t<div class=\"w-vwrapper usg_vwrapper_1 align_none valign_top\"><h2 class=\"w-post-elm post_title usg_post_title_1 has_text_color entry-title color_link_inherit\">Kit de prensa<\/h2><\/div>\t\t<\/div>\r\n\t\t\t<\/article>\r\n<\/div><div class=\"g-loadmore hidden\"><div class=\"g-preloader type_1\"><div><\/div><\/div><\/div><div class=\"w-grid-list-json hidden\" onclick='return {&quot;max_num_pages&quot;:0,&quot;paginationBase&quot;:&quot;page&quot;,&quot;pagination&quot;:&quot;none&quot;,&quot;paged&quot;:1,&quot;ajaxData&quot;:{&quot;action&quot;:&quot;us_ajax_post_list&quot;,&quot;meta_type&quot;:&quot;post&quot;,&quot;object_id&quot;:0,&quot;template_vars&quot;:{&quot;shortcode_base&quot;:&quot;us_post_list&quot;,&quot;paged&quot;:1,&quot;max_num_pages&quot;:0,&quot;no_results&quot;:false,&quot;us_post_content_design_css&quot;:[],&quot;found_posts&quot;:0,&quot;items_count&quot;:12,&quot;source&quot;:&quot;child_posts_of_current&quot;,&quot;ids&quot;:&quot;&quot;,&quot;post_type&quot;:&quot;post&quot;,&quot;attachment_ids&quot;:null,&quot;include_post_thumbnail&quot;:0,&quot;post_author&quot;:&quot;any&quot;,&quot;post_author_ids&quot;:&quot;&quot;,&quot;apply_url_params&quot;:0,&quot;exclude_children&quot;:0,&quot;exclude_current_post&quot;:1,&quot;exclude_prev_posts&quot;:0,&quot;enable_items_offset&quot;:0,&quot;items_offset&quot;:&quot;1&quot;,&quot;tax_query_relation&quot;:&quot;none&quot;,&quot;tax_query&quot;:[{&quot;operator&quot;:&quot;IN&quot;,&quot;taxonomy&quot;:&quot;category&quot;,&quot;terms&quot;:&quot;&quot;,&quot;include_children&quot;:0}],&quot;meta_query_relation&quot;:&quot;none&quot;,&quot;meta_query&quot;:[{&quot;key&quot;:&quot;custom_field_name&quot;,&quot;compare&quot;:&quot;=&quot;,&quot;value&quot;:&quot;&quot;}],&quot;orderby&quot;:&quot;date&quot;,&quot;orderby_custom_field&quot;:&quot;&quot;,&quot;orderby_custom_type&quot;:0,&quot;order_invert&quot;:0,&quot;show_all&quot;:0,&quot;quantity&quot;:&quot;12&quot;,&quot;posts_per_archive_page&quot;:0,&quot;no_items_action&quot;:&quot;message&quot;,&quot;no_items_message&quot;:&quot;No se han encontrado resultados.&quot;,&quot;no_items_page_block&quot;:&quot;&quot;,&quot;pagination&quot;:&quot;none&quot;,&quot;pagination_style&quot;:&quot;&quot;,&quot;pagination_btn_text&quot;:&quot;Cargar m\\u00e1s&quot;,&quot;pagination_btn_size&quot;:&quot;&quot;,&quot;pagination_btn_style&quot;:&quot;1&quot;,&quot;pagination_btn_fullwidth&quot;:0,&quot;items_layout&quot;:&quot;316&quot;,&quot;type&quot;:&quot;grid&quot;,&quot;items_valign&quot;:0,&quot;ignore_items_size&quot;:0,&quot;columns&quot;:&quot;4&quot;,&quot;items_gap&quot;:&quot;10px&quot;,&quot;load_animation&quot;:&quot;none&quot;,&quot;items_preload_style&quot;:&quot;spinner&quot;,&quot;img_size&quot;:&quot;default&quot;,&quot;title_size&quot;:&quot;&quot;,&quot;items_ratio&quot;:&quot;default&quot;,&quot;items_ratio_width&quot;:&quot;21&quot;,&quot;items_ratio_height&quot;:&quot;9&quot;,&quot;overriding_link&quot;:&quot;%7B%22type%22%3A%22post%22%7D&quot;,&quot;popup_page_template&quot;:&quot;0&quot;,&quot;popup_width&quot;:&quot;&quot;,&quot;popup_arrows&quot;:1,&quot;breakpoint_1_width&quot;:&quot;1381px&quot;,&quot;breakpoint_1_cols&quot;:&quot;default&quot;,&quot;breakpoint_1_quantity&quot;:&quot;&quot;,&quot;breakpoint_1_gap&quot;:&quot;&quot;,&quot;breakpoint_2_width&quot;:&quot;1025px&quot;,&quot;breakpoint_2_cols&quot;:&quot;2&quot;,&quot;breakpoint_2_quantity&quot;:&quot;&quot;,&quot;breakpoint_2_gap&quot;:&quot;&quot;,&quot;breakpoint_3_width&quot;:&quot;601px&quot;,&quot;breakpoint_3_cols&quot;:&quot;2&quot;,&quot;breakpoint_3_quantity&quot;:&quot;&quot;,&quot;breakpoint_3_gap&quot;:&quot;&quot;,&quot;conditions_operator&quot;:&quot;always&quot;,&quot;conditions&quot;:[],&quot;css&quot;:null,&quot;el_class&quot;:&quot;&quot;,&quot;el_id&quot;:&quot;&quot;,&quot;enable_custom_html_atts&quot;:0,&quot;custom_html_atts&quot;:null,&quot;hide_on_states&quot;:&quot;&quot;,&quot;hide_for_sticky&quot;:0,&quot;hide_for_not_sticky&quot;:0,&quot;hide_below&quot;:&quot;0px&quot;,&quot;hide_above&quot;:&quot;0px&quot;,&quot;classes&quot;:&quot;&quot;}},&quot;facetedFilter&quot;:[]}'><\/div><\/div><div class=\"w-separator size_medium\"><\/div><div class=\"g-cols wpb_row via_grid cols_2 laptops-cols_inherit tablets-cols_inherit mobiles-cols_1 valign_top type_default stacking_default\" style=\"--columns-gap:20px;\"><div class=\"wpb_column vc_column_container\"><div class=\"vc_column-inner\"><div class=\"w-flipbox animation_cardflip direction_w\"><div class=\"w-flipbox-h easing_ease\" style=\"transition-duration:0.5s;\"><div class=\"w-flipbox-hh\"><div class=\"w-flipbox-front us_custom_f11d7508\" style=\"background:var(--color-mia-color);color:#ffffff;background-image:url(https:\/\/drsuleymanozer.com\/wp-content\/uploads\/2025\/11\/mia-bg.webp);\"><div class=\"w-flipbox-front-h\"><div class=\"w-flipbox-front-icon type_image\" style=\"width:180px;\"><img loading=\"lazy\" decoding=\"async\" width=\"254\" height=\"163\" src=\"https:\/\/drsuleymanozer.com\/wp-content\/uploads\/2025\/11\/mia-beyaz-1.png\" class=\"attachment-medium size-medium\" alt=\"\" title=\"\"><\/div><\/div><\/div><div class=\"w-flipbox-back us_custom_f11d7508\" style=\"display:none;background:var(--color-mia-color);color:#ffffff;\"><div class=\"w-flipbox-back-h\"><h2 class=\"w-flipbox-back-title\">Mia Femtech<\/h2><div class=\"w-flipbox-back-desc\"><p>Una nueva era en la est\u00e9tica mamaria con la avanzada tecnolog\u00eda Mia Femtech\u2122.<\/p>\n<\/div><\/div><\/div><\/div><\/div><a href=\"https:\/\/drsuleymanozer.com\/es\/mia-femtech\/\"><\/a><\/div><\/div><\/div><div class=\"wpb_column vc_column_container\"><div class=\"vc_column-inner\"><div class=\"w-flipbox animation_cardflip direction_w\"><div class=\"w-flipbox-h easing_ease\" style=\"transition-duration:0.5s;\"><div class=\"w-flipbox-hh\"><div class=\"w-flipbox-front us_custom_f11d7508\" style=\"background:var(--color-chrome-toolbar);color:#ffffff;background-image:url(https:\/\/drsuleymanozer.com\/wp-content\/uploads\/2025\/11\/preserve-bg.png);\"><div class=\"w-flipbox-front-h\"><div class=\"w-flipbox-front-icon type_image\" style=\"width:200px;\"><img loading=\"lazy\" decoding=\"async\" width=\"300\" height=\"58\" src=\"https:\/\/drsuleymanozer.com\/wp-content\/uploads\/2025\/12\/preserve-logo-white-3-300x58.png\" class=\"attachment-medium size-medium\" alt=\"\" title=\"\"><\/div><\/div><\/div><div class=\"w-flipbox-back us_custom_f11d7508\" style=\"display:none;background:var(--color-chrome-toolbar);color:#ffffff;\"><div class=\"w-flipbox-back-h\"><h2 class=\"w-flipbox-back-title\">Preserve<\/h2><div class=\"w-flipbox-back-desc\"><p>Preserve\u2122: Redefiniendo el aumento de senos con preservaci\u00f3n anat\u00f3mica<\/p>\n<\/div><\/div><\/div><\/div><\/div><a href=\"https:\/\/drsuleymanozer.com\/es\/conserva\/\"><\/a><\/div><\/div><\/div><\/div><\/div><\/div><\/div><\/div><\/section><section class=\"l-section wpb_row height_large\"><div class=\"l-section-h i-cf\"><div class=\"g-cols vc_row via_grid cols_1 laptops-cols_inherit tablets-cols_inherit mobiles-cols_1 valign_top type_default stacking_default\"><div class=\"wpb_column vc_column_container\"><div class=\"vc_column-inner\"><div class=\"wpb_text_column\"><div class=\"wpb_wrapper\"><h2 style=\"text-align: center;\">Preguntas frecuentes<br \/>\nSobre la est\u00e9tica mamaria<\/h2>\n<\/div><\/div><div class=\"w-separator size_medium\"><\/div><div class=\"w-tabs style_default switch_click accordion\" style=\"--sections-title-size:inherit\"><div class=\"w-tabs-sections titles-align_none icon_chevron cpos_right\"><div class=\"w-tabs-section\" id=\"x0be\"><button class=\"w-tabs-section-header\" aria-controls=\"content-x0be\" aria-expanded=\"false\"><div class=\"w-tabs-section-title\">\u00bfPor qu\u00e9 las pacientes internacionales eligen Turqu\u00eda para someterse a un aumento mamario?<\/div><div class=\"w-tabs-section-control\"><\/div><\/button><div  class=\"w-tabs-section-content\" id=\"content-x0be\"><div class=\"w-tabs-section-content-h i-cf\"><div class=\"wpb_text_column\"><div class=\"wpb_wrapper\"><p>Los cirujanos turcos son famosos por su enfoque art\u00edstico, que consigue resultados de aspecto natural. Combinado con el uso de implantes certificados de alta calidad y un ahorro de costes de hasta el 60%, Turqu\u00eda ofrece una inmejorable propuesta de valor para la cirug\u00eda mamaria.<\/p>\n<\/div><\/div><\/div><\/div><\/div><div class=\"w-tabs-section\" id=\"d207\"><button class=\"w-tabs-section-header\" aria-controls=\"content-d207\" aria-expanded=\"false\"><div class=\"w-tabs-section-title\">\u00bfLos implantes mamarios utilizados en Turqu\u00eda son seguros y est\u00e1n certificados?<\/div><div class=\"w-tabs-section-control\"><\/div><\/button><div  class=\"w-tabs-section-content\" id=\"content-d207\"><div class=\"w-tabs-section-content-h i-cf\"><div class=\"wpb_text_column\"><div class=\"wpb_wrapper\"><p>S\u00ed, sin excepci\u00f3n. Todas las cl\u00ednicas utilizan implantes aprobados por la CE y la FDA de los principales fabricantes mundiales (como Mentor, Natrelle y Polytech). Tu seguridad y la calidad de los materiales son nuestra m\u00e1xima prioridad.<\/p>\n<\/div><\/div><\/div><\/div><\/div><div class=\"w-tabs-section\" id=\"b3ce\"><button class=\"w-tabs-section-header\" aria-controls=\"content-b3ce\" aria-expanded=\"false\"><div class=\"w-tabs-section-title\">\u00bfPuedo combinar una intervenci\u00f3n mamaria con unas vacaciones en Turqu\u00eda?<\/div><div class=\"w-tabs-section-control\"><\/div><\/button><div  class=\"w-tabs-section-content\" id=\"content-b3ce\"><div class=\"w-tabs-section-content-h i-cf\"><div class=\"wpb_text_column\"><div class=\"wpb_wrapper\"><p>Aunque las actividades extenuantes est\u00e1n prohibidas, muchos pacientes disfrutan de unas suaves \u00abvacaciones de recuperaci\u00f3n\u00bb. Nuestros paquetes con todo incluido suelen incluir c\u00f3modas estancias en hoteles, lo que te permite relajarte y recuperarte en un nuevo entorno antes de volver a casa.<\/p>\n<\/div><\/div><\/div><\/div><\/div><div class=\"w-tabs-section\" id=\"i583\"><button class=\"w-tabs-section-header\" aria-controls=\"content-i583\" aria-expanded=\"false\"><div class=\"w-tabs-section-title\">\u00bfQu\u00e9 tipo de apoyo postratamiento ofrec\u00e9is a los pacientes internacionales?<\/div><div class=\"w-tabs-section-control\"><\/div><\/button><div  class=\"w-tabs-section-content\" id=\"content-i583\"><div class=\"w-tabs-section-content-h i-cf\"><div class=\"wpb_text_column\"><div class=\"wpb_wrapper\"><p>Proporcionamos una atenci\u00f3n postoperatoria completa, que incluye instrucciones detalladas de recuperaci\u00f3n, acceso al coordinador de pacientes 24 horas al d\u00eda, 7 d\u00edas a la semana, y consultas virtuales de seguimiento con tu cirujano despu\u00e9s de que vuelvas a casa para asegurarnos de que tus resultados son perfectos.<\/p>\n<\/div><\/div><\/div><\/div><\/div><div class=\"w-tabs-section\" id=\"b6e5\"><button class=\"w-tabs-section-header\" aria-controls=\"content-b6e5\" aria-expanded=\"false\"><div class=\"w-tabs-section-title\">\u00bfC\u00f3mo me comunico con mi cirujano si no hablo turco?<\/div><div class=\"w-tabs-section-control\"><\/div><\/button><div  class=\"w-tabs-section-content\" id=\"content-b6e5\"><div class=\"w-tabs-section-content-h i-cf\"><div class=\"wpb_text_column\"><div class=\"wpb_wrapper\"><p>Se trata de una preocupaci\u00f3n com\u00fan con una soluci\u00f3n sencilla. Cada paso de tu viaje cuenta con el apoyo de traductores y coordinadores de pacientes profesionales que hablan ingl\u00e9s con fluidez, lo que garantiza una comunicaci\u00f3n clara con tu equipo m\u00e9dico.<\/p>\n<\/div><\/div><\/div><\/div><\/div><\/div><\/div><\/div><\/div><\/div><\/div><\/section>\n","protected":false},"excerpt":{"rendered":"Accede a nuestros activos de marca oficiales. Este kit de prensa contiene logotipos de alta resoluci\u00f3n, im\u00e1genes aprobadas y directrices de la marca para garantizar una representaci\u00f3n precisa en todas las publicaciones y colaboraciones con los medios de comunicaci\u00f3n. Logotipo oscuro PNGDescargaLogotipo blanco PNGDescargaLogotipo dorado PNGDescargaLogotipo oscuro SVGDescargaLogotipo blanco SVGDescargaLogotipo dorado SVGDescarga","protected":false},"author":1,"featured_media":7125,"parent":0,"menu_order":0,"comment_status":"closed","ping_status":"closed","template":"","meta":{"footnotes":""},"class_list":["post-7121","page","type-page","status-publish","has-post-thumbnail","hentry"],"_links":{"self":[{"href":"https:\/\/drsuleymanozer.com\/es\/wp-json\/wp\/v2\/pages\/7121","targetHints":{"allow":["GET"]}}],"collection":[{"href":"https:\/\/drsuleymanozer.com\/es\/wp-json\/wp\/v2\/pages"}],"about":[{"href":"https:\/\/drsuleymanozer.com\/es\/wp-json\/wp\/v2\/types\/page"}],"author":[{"embeddable":true,"href":"https:\/\/drsuleymanozer.com\/es\/wp-json\/wp\/v2\/users\/1"}],"replies":[{"embeddable":true,"href":"https:\/\/drsuleymanozer.com\/es\/wp-json\/wp\/v2\/comments?post=7121"}],"version-history":[{"count":5,"href":"https:\/\/drsuleymanozer.com\/es\/wp-json\/wp\/v2\/pages\/7121\/revisions"}],"predecessor-version":[{"id":8787,"href":"https:\/\/drsuleymanozer.com\/es\/wp-json\/wp\/v2\/pages\/7121\/revisions\/8787"}],"wp:featuredmedia":[{"embeddable":true,"href":"https:\/\/drsuleymanozer.com\/es\/wp-json\/wp\/v2\/media\/7125"}],"wp:attachment":[{"href":"https:\/\/drsuleymanozer.com\/es\/wp-json\/wp\/v2\/media?parent=7121"}],"curies":[{"name":"wp","href":"https:\/\/api.w.org\/{rel}","templated":true}]}}