{"id":5549,"date":"2025-09-29T21:11:49","date_gmt":"2025-09-29T18:11:49","guid":{"rendered":"https:\/\/drsuleymanozer.com\/contact\/"},"modified":"2025-12-23T18:58:11","modified_gmt":"2025-12-23T15:58:11","slug":"contact","status":"publish","type":"page","link":"https:\/\/drsuleymanozer.com\/fr\/contact\/","title":{"rendered":"Contact"},"content":{"rendered":"<section class=\"l-section wpb_row us_custom_04b5345d height_large\"><div class=\"l-section-h i-cf\"><div class=\"g-cols vc_row via_grid cols_1 laptops-cols_inherit tablets-cols_inherit mobiles-cols_1 valign_top type_default stacking_default\"><div class=\"wpb_column vc_column_container\"><div class=\"vc_column-inner\"><div class=\"g-cols wpb_row via_grid cols_2 laptops-cols_inherit tablets-cols_inherit mobiles-cols_1 valign_top type_default stacking_default\" style=\"--columns-gap:3rem;\"><div class=\"wpb_column vc_column_container\"><div class=\"vc_column-inner\"><h2 class=\"w-text us_custom_b80cb57f\"><span class=\"w-text-h\"><span class=\"w-text-value\">Faites-nous savoir comment nous pouvons vous aider<\/span><\/span><\/h2><div class=\"w-separator size_small\"><\/div><div class=\"w-contacts\"><div class=\"w-contacts-list\"><div class=\"w-contacts-item for_address\"><span class=\"w-contacts-item-value\">Harbiye Mah. Valikona\u011f\u0131 Cad. No:14 K:1 D:2 Ni\u015fanta\u015f\u0131\/\u0130STANBUL, 34367 \u015ei\u015fli\/\u0130stanbul  <\/span><\/div><div class=\"w-contacts-item for_mobile\"><span class=\"w-contacts-item-value\">+90 542 107 37 01<\/span><\/div><div class=\"w-contacts-item for_email\"><span class=\"w-contacts-item-value\"><a href=\"mailto:info@drsuleymanozer.com\">info@drsuleymanozer.com<\/a><\/span><\/div><\/div><\/div><div class=\"w-separator size_medium\"><\/div><h2 class=\"w-text us_custom_b80cb57f\"><span class=\"w-text-h\"><span class=\"w-text-value\">Suivez-nous<\/span><\/span><\/h2><div class=\"w-separator size_small\"><\/div><div class=\"w-socials us_custom_de69c693 color_link shape_circle style_colored hover_fade\" style=\"--gap:5px;\"><div class=\"w-socials-list\"><div class=\"w-socials-item facebook\"><a target=\"_blank\" href=\"https:\/\/www.facebook.com\/drsuleymanozer?\" class=\"w-socials-item-link\" aria-label=\"Facebook\" rel=\"noopener\"><span class=\"w-socials-item-link-hover\"><\/span><i class=\"fab fa-facebook\"><\/i><\/a><\/div><div class=\"w-socials-item instagram\"><a target=\"_blank\" href=\"https:\/\/www.instagram.com\/drsuleymanozer\" class=\"w-socials-item-link\" aria-label=\"Instagram\" rel=\"noopener\"><span class=\"w-socials-item-link-hover\"><\/span><i class=\"fab fa-instagram\"><\/i><\/a><\/div><div class=\"w-socials-item whatsapp\"><a target=\"_blank\" href=\"https:\/\/www.whatsapp.com\/channel\/0029VbBP63G90x2nP7hp4b2Y\" class=\"w-socials-item-link\" aria-label=\"WhatsApp\" rel=\"noopener\"><span class=\"w-socials-item-link-hover\"><\/span><i class=\"fab fa-whatsapp\"><\/i><\/a><\/div><div class=\"w-socials-item youtube\"><a target=\"_blank\" href=\"https:\/\/www.youtube.com\/@Dr.SuleymanOzer\/videos\" class=\"w-socials-item-link\" aria-label=\"YouTube\" rel=\"noopener\"><span class=\"w-socials-item-link-hover\"><\/span><i class=\"fab fa-youtube\"><\/i><\/a><\/div><div class=\"w-socials-item tiktok\"><a target=\"_blank\" href=\"https:\/\/www.tiktok.com\/@drsuleymanozer\" class=\"w-socials-item-link\" aria-label=\"TikTok\" rel=\"noopener\"><span class=\"w-socials-item-link-hover\"><\/span><i class=\"fab fa-tiktok\"><\/i><\/a><\/div><div class=\"w-socials-item telegram\"><a target=\"_blank\" href=\"https:\/\/t.me\/Drsuleymanozer\" class=\"w-socials-item-link\" aria-label=\"Telegram\"><span class=\"w-socials-item-link-hover\"><\/span><i class=\"fab fa-telegram\"><\/i><\/a><\/div><div class=\"w-socials-item linkedin\"><a target=\"_blank\" href=\"https:\/\/www.linkedin.com\/company\/suleymanozer\/\" class=\"w-socials-item-link\" aria-label=\"LinkedIn\" rel=\"noopener\"><span class=\"w-socials-item-link-hover\"><\/span><i class=\"fab fa-linkedin\"><\/i><\/a><\/div><\/div><\/div><\/div><\/div><div class=\"wpb_column vc_column_container\"><div class=\"vc_column-inner\">\n<div class=\"wpcf7 no-js us_custom_0bc5cd7b\" id=\"wpcf7-f5137-o1\" lang=\"fr-FR\" dir=\"ltr\" data-wpcf7-id=\"5137\">\n<div class=\"screen-reader-response\"><p role=\"status\" aria-live=\"polite\" aria-atomic=\"true\"><\/p> <ul><\/ul><\/div>\n<form action=\"\/fr\/wp-json\/wp\/v2\/pages\/5549#wpcf7-f5137-o1\" method=\"post\" class=\"wpcf7-form init\" aria-label=\"Formulaire de contact\" novalidate=\"novalidate\" data-status=\"init\">\n<fieldset class=\"hidden-fields-container\"><input type=\"hidden\" name=\"_wpcf7\" value=\"5137\" \/><input type=\"hidden\" name=\"_wpcf7_version\" value=\"6.1.5\" \/><input type=\"hidden\" name=\"_wpcf7_locale\" value=\"fr_FR\" \/><input type=\"hidden\" name=\"_wpcf7_unit_tag\" value=\"wpcf7-f5137-o1\" \/><input type=\"hidden\" name=\"_wpcf7_container_post\" value=\"0\" \/><input type=\"hidden\" name=\"_wpcf7_posted_data_hash\" value=\"\" \/><input type=\"hidden\" name=\"_wpcf7_recaptcha_response\" value=\"\" \/>\n<\/fieldset>\n<p><label><span class=\"wpcf7-form-control-wrap\" data-name=\"your-name\"><input size=\"40\" maxlength=\"400\" class=\"wpcf7-form-control wpcf7-text wpcf7-validates-as-required\" aria-required=\"true\" aria-invalid=\"false\" placeholder=\"Vos nom et pr\u00e9nom*\" value=\"\" type=\"text\" name=\"your-name\" \/><\/span> <\/label><br \/>\n<label><span class=\"wpcf7-form-control-wrap\" data-name=\"phonetext-797\"><input size=\"40\" class=\"wpcf7-form-control wpcf7-phonetext wpcf7-validates-as-required wpcf7-text wpcf7-validates-as-phonetext\" aria-required=\"true\" aria-invalid=\"false\" placeholder=\"Votre num\u00e9ro de t\u00e9l\u00e9phone*\" value=\"\" type=\"text\" name=\"phonetext-797\" \/><input type=\"hidden\" name=\"phonetext-797-country-code\" class=\"wpcf7-phonetext-country-code\" \/><\/span><\/label><br \/>\n<label><span class=\"wpcf7-form-control-wrap\" data-name=\"your-email\"><input size=\"40\" maxlength=\"400\" class=\"wpcf7-form-control wpcf7-email wpcf7-validates-as-required wpcf7-text wpcf7-validates-as-email\" aria-required=\"true\" aria-invalid=\"false\" placeholder=\"Votre adresse e-mail*\" value=\"\" type=\"email\" name=\"your-email\" \/><\/span> <\/label><br \/>\n<label><span class=\"wpcf7-form-control-wrap\" data-name=\"textarea-674\"><textarea cols=\"40\" rows=\"10\" maxlength=\"2000\" class=\"wpcf7-form-control wpcf7-textarea\" aria-invalid=\"false\" placeholder=\"Votre message....\" name=\"textarea-674\"><\/textarea><\/span><\/label><br \/>\n<span class=\"wpcf7-form-control-wrap\" data-name=\"acceptance-479\"><span class=\"wpcf7-form-control wpcf7-acceptance\"><span class=\"wpcf7-list-item\"><label><input type=\"checkbox\" name=\"acceptance-479\" value=\"1\" aria-invalid=\"false\" \/><span class=\"wpcf7-list-item-label\"><a style=\"font-size:14px; line-height:1.1; display:block;\">\nJ'accepte de recevoir des communications marketing de S\u00fcleyman \u00d6zer.\n<\/a><\/span><\/label><\/span><\/span><\/span><br \/>\n<input class=\"wpcf7-form-control wpcf7-submit has-spinner buttonfull\" type=\"submit\" value=\"DEMANDER UN DEVIS\" \/>\n<\/p>\n<div style=\"display:none;\">\n<input class=\"wpcf7-form-control wpcf7-hidden\" value=\"\" type=\"hidden\" name=\"googleform\" \/>\n<input class=\"wpcf7-form-control wpcf7-hidden\" value=\"\" type=\"hidden\" name=\"utm_source\" \/>\n<input class=\"wpcf7-form-control wpcf7-hidden\" value=\"\" type=\"hidden\" name=\"utm_medium\" \/>\n<input class=\"wpcf7-form-control wpcf7-hidden\" value=\"\" type=\"hidden\" name=\"utm_campaign\" \/>\n<input class=\"wpcf7-form-control wpcf7-hidden\" value=\"\" type=\"hidden\" name=\"utm_term\" \/>\n<input class=\"wpcf7-form-control wpcf7-hidden\" value=\"\" type=\"hidden\" name=\"utm_content\" \/>\n<input class=\"wpcf7-form-control wpcf7-hidden formurlinput\" value=\"\" type=\"hidden\" name=\"formurl\" \/>\n<\/div><div class=\"wpcf7-response-output\" aria-hidden=\"true\"><\/div>\n<\/form>\n<\/div>\n<\/div><\/div><\/div><\/div><\/div><\/div><\/div><\/section><section class=\"l-section wpb_row height_large\"><div class=\"l-section-h i-cf\"><div class=\"g-cols vc_row via_grid cols_1 laptops-cols_inherit tablets-cols_inherit mobiles-cols_1 valign_top type_default stacking_default\"><div class=\"wpb_column vc_column_container\"><div class=\"vc_column-inner\"><div class=\"g-cols wpb_row via_grid cols_2 laptops-cols_inherit tablets-cols_inherit mobiles-cols_1 valign_top type_default stacking_default\" style=\"--columns-gap:3rem;\"><div class=\"wpb_column vc_column_container\"><div class=\"vc_column-inner\"><div class=\"wpb_text_column\"><div class=\"wpb_wrapper\"><p><iframe loading=\"lazy\" style=\"border: 0;\" src=\"https:\/\/www.google.com\/maps\/embed?pb=!1m14!1m8!1m3!1d24070.6731348593!2d28.990509!3d41.050756!3m2!1i1024!2i768!4f13.1!3m3!1m2!1s0x14cab783a1250615%3A0x7c40baf3acdd337a!2sOp.Dr.%20S%C3%BCleyman%20%C3%96zer%20%7C%20Meme%20B%C3%BCy%C3%BCtme%20%7C%20Burun%20Esteti%C4%9Fi%20I%20Liposuction%20I%20G%C3%B6z%20Kapa%C4%9F%C4%B1%20Esteti%C4%9Fi%20I%20Botoks%20I%20Dudak%20Dolgusu!5e0!3m2!1str!2str!4v1759170627596!5m2!1str!2str\" width=\"100%\" height=\"300\" allowfullscreen=\"allowfullscreen\"><\/iframe><\/p>\n<\/div><\/div><div class=\"w-separator size_small\"><\/div><div class=\"w-btn-wrapper align_justify\"><a class=\"w-btn us-btn-style_1 icon_atleft\" target=\"_blank\" href=\"https:\/\/maps.google.com\/maps\/dir\/\/Op.Dr.+S\u00fcleyman+\u00d6zer+|+Meme+B\u00fcy\u00fctme+|+Burun+Esteti\u011fi+I+Liposuction+I+G\u00f6z+Kapa\u011f\u0131+Esteti\u011fi+I+Botoks+I+Dudak+Dolgusu+Harbiye+Mah.+Valikona\u011f\u0131+Cad.+No:14+K:1+D:2+Ni\u015fanta\u015f\u0131\/\u0130STANBUL+34367+\u015ei\u015fli\/\u0130stanbul\/@41.0507561,28.990509,13z\/data=!4m5!4m4!1m0!1m2!1m1!1s0x14cab783a1250615:0x7c40baf3acdd337a\" rel=\"noopener\"><i class=\"fas fa-route\"><\/i><span class=\"w-btn-label\">Obtenir un itin\u00e9raire<\/span><\/a><\/div><\/div><\/div><div class=\"wpb_column vc_column_container\"><div class=\"vc_column-inner\"><div class=\"wpb_text_column\"><div class=\"wpb_wrapper\"><p><iframe loading=\"lazy\" style=\"border: 0;\" src=\"https:\/\/www.google.com\/maps\/embed?pb=!4v1759172383879!6m8!1m7!1sey9SieJM7j2L_iU9jP4eNg!2m2!1d41.05087803133002!2d28.99033582668473!3f180.87030769733946!4f9.571431819176311!5f0.7820865974627469\" width=\"100%\" height=\"300\" allowfullscreen=\"allowfullscreen\"><\/iframe><\/p>\n<\/div><\/div><div class=\"w-separator size_small\"><\/div><div class=\"w-btn-wrapper align_justify\"><a class=\"w-btn us-btn-style_1 icon_atleft\" target=\"_blank\" href=\"https:\/\/maps.google.com\/maps\/dir\/\/Op.Dr.+S\u00fcleyman+\u00d6zer+|+Meme+B\u00fcy\u00fctme+|+Burun+Esteti\u011fi+I+Liposuction+I+G\u00f6z+Kapa\u011f\u0131+Esteti\u011fi+I+Botoks+I+Dudak+Dolgusu+Harbiye+Mah.+Valikona\u011f\u0131+Cad.+No:14+K:1+D:2+Ni\u015fanta\u015f\u0131\/\u0130STANBUL+34367+\u015ei\u015fli\/\u0130stanbul\/@41.0507561,28.990509,13z\/data=!4m5!4m4!1m0!1m2!1m1!1s0x14cab783a1250615:0x7c40baf3acdd337a\" rel=\"noopener\"><i class=\"fas fa-eye\"><\/i><span class=\"w-btn-label\">Vue de la rue<\/span><\/a><\/div><\/div><\/div><\/div><\/div><\/div><\/div><\/div><\/section><section class=\"l-section wpb_row height_auto width_full\"><div class=\"l-section-h i-cf\"><div class=\"g-cols vc_row via_grid cols_1 laptops-cols_inherit tablets-cols_inherit mobiles-cols_1 valign_top type_default stacking_default\"><div class=\"wpb_column vc_column_container\"><div class=\"vc_column-inner\"><\/div><\/div><\/div><\/div><\/section>\n","protected":false},"excerpt":{"rendered":"Faites-nous savoir comment nous pouvons vous aiderHarbiye Mah. Valikona\u011f\u0131 Cad. No:14 K:1 D:2 Ni\u015fanta\u015f\u0131\/\u0130STANBUL, 34367 \u015ei\u015fli\/\u0130stanbul +90 542 107 37 01info@drsuleymanozer.comSuivez-nous J'accepte de recevoir des communications marketing de S\u00fcleyman \u00d6zer. Obtenir un itin\u00e9raire Vue de la rue","protected":false},"author":1,"featured_media":0,"parent":0,"menu_order":0,"comment_status":"closed","ping_status":"closed","template":"","meta":{"footnotes":""},"class_list":["post-5549","page","type-page","status-publish","hentry"],"_links":{"self":[{"href":"https:\/\/drsuleymanozer.com\/fr\/wp-json\/wp\/v2\/pages\/5549","targetHints":{"allow":["GET"]}}],"collection":[{"href":"https:\/\/drsuleymanozer.com\/fr\/wp-json\/wp\/v2\/pages"}],"about":[{"href":"https:\/\/drsuleymanozer.com\/fr\/wp-json\/wp\/v2\/types\/page"}],"author":[{"embeddable":true,"href":"https:\/\/drsuleymanozer.com\/fr\/wp-json\/wp\/v2\/users\/1"}],"replies":[{"embeddable":true,"href":"https:\/\/drsuleymanozer.com\/fr\/wp-json\/wp\/v2\/comments?post=5549"}],"version-history":[{"count":2,"href":"https:\/\/drsuleymanozer.com\/fr\/wp-json\/wp\/v2\/pages\/5549\/revisions"}],"predecessor-version":[{"id":5556,"href":"https:\/\/drsuleymanozer.com\/fr\/wp-json\/wp\/v2\/pages\/5549\/revisions\/5556"}],"wp:attachment":[{"href":"https:\/\/drsuleymanozer.com\/fr\/wp-json\/wp\/v2\/media?parent=5549"}],"curies":[{"name":"wp","href":"https:\/\/api.w.org\/{rel}","templated":true}]}}