{"id":5812,"date":"2025-09-29T21:12:00","date_gmt":"2025-09-29T18:12:00","guid":{"rendered":"https:\/\/drsuleymanozer.com\/a-propos-de\/"},"modified":"2025-12-23T18:58:37","modified_gmt":"2025-12-23T15:58:37","slug":"a-propos-de","status":"publish","type":"page","link":"https:\/\/drsuleymanozer.com\/fr\/a-propos-de\/","title":{"rendered":"A propos de"},"content":{"rendered":"<section class=\"l-section wpb_row height_large\"><div class=\"l-section-h i-cf\"><div class=\"g-cols vc_row via_grid cols_1 laptops-cols_inherit tablets-cols_inherit mobiles-cols_1 valign_top type_default stacking_default\"><div class=\"wpb_column vc_column_container\"><div class=\"vc_column-inner\"><div class=\"g-cols wpb_row us_custom_de69c693 via_grid cols_2 laptops-cols_inherit tablets-cols_inherit mobiles-cols_1 valign_middle type_default reversed stacking_default\" style=\"--columns-gap:3rem;\"><div class=\"wpb_column vc_column_container\"><div class=\"vc_column-inner\"><div class=\"wpb_text_column us_custom_a5c88937\"><div class=\"wpb_wrapper\"><p><strong>S\u00fcleyman \u00d6zer<\/strong> a obtenu son dipl\u00f4me de m\u00e9decine \u00e0 l&rsquo;universit\u00e9 d&rsquo;Istanbul, \u00e0 la facult\u00e9 de m\u00e9decine d&rsquo;Istanbul, et a obtenu le titre de docteur en m\u00e9decine.<\/p>\n<p>Apr\u00e8s avoir obtenu son dipl\u00f4me, il a continu\u00e9 \u00e0 perfectionner son expertise en m\u00e9decine esth\u00e9tique en suivant diverses formations nationales et internationales. En combinant les technologies modernes, les produits innovants et sa solide exp\u00e9rience clinique, il propose des traitements personnalis\u00e9s, s\u00fbrs et d&rsquo;apparence naturelle. <\/p>\n<p>Aujourd&rsquo;hui, il continue d&rsquo;offrir des solutions esth\u00e9tiques de haute qualit\u00e9, ax\u00e9es sur le patient, en s&rsquo;engageant \u00e0 l&rsquo;excellence et \u00e0 l&rsquo;am\u00e9lioration continue.<\/p>\n<\/div><\/div><\/div><\/div><div class=\"wpb_column vc_column_container\"><div class=\"vc_column-inner\"><div class=\"w-slider style_none fit_cover nav_none has_ratio count_3\" style=\"--aspect-ratio: 1\/1;\"><div class=\"w-slider-h\"><div class=\"royalSlider\"><div class=\"rsContent\"><a class=\"rsImg\" data-rsw=\"2560\" data-rsh=\"1707\" data-rsBigImg=\"https:\/\/drsuleymanozer.com\/wp-content\/uploads\/2025\/11\/Dr-Suleyman-Ozer-scaled.jpg\" href=\"https:\/\/drsuleymanozer.com\/wp-content\/uploads\/2025\/11\/Dr-Suleyman-Ozer-scaled.jpg\"><span data-alt=\"\"><\/span><\/a><\/div><div class=\"rsContent\"><a class=\"rsImg\" data-rsw=\"1705\" data-rsh=\"1730\" data-rsBigImg=\"https:\/\/drsuleymanozer.com\/wp-content\/uploads\/2025\/11\/Dr-Suleyman-Ozer-2-scaled-e1763377753983.webp\" href=\"https:\/\/drsuleymanozer.com\/wp-content\/uploads\/2025\/11\/Dr-Suleyman-Ozer-2-scaled-e1763377753983.webp\"><span data-alt=\"\"><\/span><\/a><\/div><div class=\"rsContent\"><a class=\"rsImg\" data-rsw=\"1550\" data-rsh=\"1813\" data-rsBigImg=\"https:\/\/drsuleymanozer.com\/wp-content\/uploads\/2025\/11\/Dr-Suleyman-Ozer-1-scaled-e1763376546145.webp\" href=\"https:\/\/drsuleymanozer.com\/wp-content\/uploads\/2025\/11\/Dr-Suleyman-Ozer-1-scaled-e1763376546145.webp\"><span data-alt=\"\"><\/span><\/a><\/div><\/div><img decoding=\"async\" src=\"https:\/\/drsuleymanozer.com\/wp-content\/uploads\/2025\/11\/Dr-Suleyman-Ozer-scaled.jpg\" width=\"2560\" height=\"1707\" loading=\"lazy\" alt=\"\" title=\"\"><\/div><div class=\"w-slider-json\" onclick='return {&quot;autoScaleSlider&quot;:false,&quot;addActiveClass&quot;:true,&quot;loop&quot;:true,&quot;fadeInLoadedSlide&quot;:false,&quot;slidesSpacing&quot;:0,&quot;imageScalePadding&quot;:0,&quot;numImagesToPreload&quot;:2,&quot;arrowsNav&quot;:true,&quot;arrowsNavAutoHide&quot;:false,&quot;transitionType&quot;:&quot;move&quot;,&quot;transitionSpeed&quot;:250,&quot;block&quot;:{&quot;moveEffect&quot;:&quot;none&quot;,&quot;speed&quot;:300},&quot;thumbs&quot;:{&quot;fitInViewport&quot;:false,&quot;firstMargin&quot;:false,&quot;spacing&quot;:4},&quot;controlNavigation&quot;:&quot;none&quot;,&quot;fullscreen&quot;:{&quot;enabled&quot;:true}}'><\/div><\/div><\/div><\/div><\/div><\/div><\/div><\/div><\/div><\/section><section class=\"l-section wpb_row us_custom_ab7619de height_large\"><div class=\"l-section-h i-cf\"><div class=\"g-cols vc_row via_grid cols_1 laptops-cols_inherit tablets-cols_inherit mobiles-cols_1 valign_top type_default stacking_default\"><div class=\"wpb_column vc_column_container\"><div class=\"vc_column-inner\"><div class=\"g-cols wpb_row us_custom_eb849559 via_grid cols_1 laptops-cols_inherit tablets-cols_inherit mobiles-cols_1 valign_top type_default stacking_default\" style=\"--columns-gap:3rem;\"><div class=\"wpb_column vc_column_container\"><div class=\"vc_column-inner\"><div class=\"w-tabs layout_hor style_timeline switch_hover has_scrolling\" style=\"--sections-title-size:18px\"><div class=\"w-tabs-list items_8 align_center\"><div class=\"w-tabs-list-h\"><button class=\"w-tabs-item active\" aria-controls=\"content-q596\" aria-expanded=\"false\"><span class=\"w-tabs-item-title\">1994<\/span><\/button><button class=\"w-tabs-item\" aria-controls=\"content-d6df\" aria-expanded=\"false\"><span class=\"w-tabs-item-title\">2005<\/span><\/button><button class=\"w-tabs-item\" aria-controls=\"content-t839\" aria-expanded=\"false\"><span class=\"w-tabs-item-title\">2011<\/span><\/button><button class=\"w-tabs-item\" aria-controls=\"content-n97a\" aria-expanded=\"false\"><span class=\"w-tabs-item-title\">2012<\/span><\/button><button class=\"w-tabs-item\" aria-controls=\"content-oab2\" aria-expanded=\"false\"><span class=\"w-tabs-item-title\">2013<\/span><\/button><button class=\"w-tabs-item\" aria-controls=\"content-rbea\" aria-expanded=\"false\"><span class=\"w-tabs-item-title\">2014<\/span><\/button><button class=\"w-tabs-item\" aria-controls=\"content-yd3c\" aria-expanded=\"false\"><span class=\"w-tabs-item-title\">2020<\/span><\/button><button class=\"w-tabs-item\" aria-controls=\"content-me72\" aria-expanded=\"false\"><span class=\"w-tabs-item-title\">2021<\/span><\/button><\/div><\/div><div class=\"w-tabs-sections titles-align_none icon_chevron cpos_right\"><div class=\"w-tabs-section active\" id=\"q596\"><button class=\"w-tabs-section-header active\" aria-controls=\"content-q596\" aria-expanded=\"true\"><div class=\"w-tabs-section-title\">1994<\/div><div class=\"w-tabs-section-control\"><\/div><\/button><div  class=\"w-tabs-section-content\" id=\"content-q596\"><div class=\"w-tabs-section-content-h i-cf\"><div class=\"wpb_text_column\"><div class=\"wpb_wrapper\"><p>1994 &#8211; 2005 &#8211; \u00c9cole primaire, \u00e9cole secondaire, enseignement sup\u00e9rieur -\u015eanl\u0131urfa<\/p>\n<\/div><\/div><\/div><\/div><\/div><div class=\"w-tabs-section\" id=\"d6df\"><button class=\"w-tabs-section-header\" aria-controls=\"content-d6df\" aria-expanded=\"false\"><div class=\"w-tabs-section-title\">2005<\/div><div class=\"w-tabs-section-control\"><\/div><\/button><div  class=\"w-tabs-section-content\" id=\"content-d6df\"><div class=\"w-tabs-section-content-h i-cf\"><div class=\"wpb_text_column\"><div class=\"wpb_wrapper\"><p>2005 &#8211; 2011 &#8211; Universit\u00e9 d&rsquo;Istanbul Facult\u00e9 de m\u00e9decine d&rsquo;Istanbul &#8211; Istanbul<\/p>\n<\/div><\/div><\/div><\/div><\/div><div class=\"w-tabs-section\" id=\"t839\"><button class=\"w-tabs-section-header\" aria-controls=\"content-t839\" aria-expanded=\"false\"><div class=\"w-tabs-section-title\">2011<\/div><div class=\"w-tabs-section-control\"><\/div><\/button><div  class=\"w-tabs-section-content\" id=\"content-t839\"><div class=\"w-tabs-section-content-h i-cf\"><div class=\"wpb_text_column\"><div class=\"wpb_wrapper\"><p>2011 &#8211; Centre de sant\u00e9 communautaire de Nusaybin<\/p>\n<\/div><\/div><\/div><\/div><\/div><div class=\"w-tabs-section\" id=\"n97a\"><button class=\"w-tabs-section-header\" aria-controls=\"content-n97a\" aria-expanded=\"false\"><div class=\"w-tabs-section-title\">2012<\/div><div class=\"w-tabs-section-control\"><\/div><\/button><div  class=\"w-tabs-section-content\" id=\"content-n97a\"><div class=\"w-tabs-section-content-h i-cf\"><div class=\"wpb_text_column\"><div class=\"wpb_wrapper\"><p>2012 &#8211; H\u00f4pital d&rsquo;\u00c9tat de Nusaybin, m\u00e9decin urgentiste, centres de soins \u00e0 domicile de l&rsquo;h\u00f4pital d&rsquo;\u00c9tat de Nusaybin, m\u00e9decin responsable &#8211; Mardin<\/p>\n<\/div><\/div><\/div><\/div><\/div><div class=\"w-tabs-section\" id=\"oab2\"><button class=\"w-tabs-section-header\" aria-controls=\"content-oab2\" aria-expanded=\"false\"><div class=\"w-tabs-section-title\">2013<\/div><div class=\"w-tabs-section-control\"><\/div><\/button><div  class=\"w-tabs-section-content\" id=\"content-oab2\"><div class=\"w-tabs-section-content-h i-cf\"><div class=\"wpb_text_column\"><div class=\"wpb_wrapper\"><p>2013 &#8211; Facult\u00e9 de m\u00e9decine de l&rsquo;Universit\u00e9 de Gaziantep D\u00e9partement de sant\u00e9 publique Res. See Dr.<\/p>\n<\/div><\/div><\/div><\/div><\/div><div class=\"w-tabs-section\" id=\"rbea\"><button class=\"w-tabs-section-header\" aria-controls=\"content-rbea\" aria-expanded=\"false\"><div class=\"w-tabs-section-title\">2014<\/div><div class=\"w-tabs-section-control\"><\/div><\/button><div  class=\"w-tabs-section-content\" id=\"content-rbea\"><div class=\"w-tabs-section-content-h i-cf\"><div class=\"wpb_text_column\"><div class=\"wpb_wrapper\"><p>2014 &#8211; 2019 &#8211; Formation de sp\u00e9cialisation en m\u00e9decine ; Facult\u00e9 de m\u00e9decine de l&rsquo;Universit\u00e9 Ufuk, D\u00e9partement de chirurgie plastique, reconstructive et esth\u00e9tique, Res. See. Dr. Ankara<\/p>\n<\/div><\/div><\/div><\/div><\/div><div class=\"w-tabs-section\" id=\"yd3c\"><button class=\"w-tabs-section-header\" aria-controls=\"content-yd3c\" aria-expanded=\"false\"><div class=\"w-tabs-section-title\">2020<\/div><div class=\"w-tabs-section-control\"><\/div><\/button><div  class=\"w-tabs-section-content\" id=\"content-yd3c\"><div class=\"w-tabs-section-content-h i-cf\"><div class=\"wpb_text_column\"><div class=\"wpb_wrapper\"><p>2020 &#8211; Ba\u015fak\u015fehir \u00c7am and Sakura Hospital Sp\u00e9cialiste en chirurgie plastique,<br \/>\nreconstructive et esth\u00e9tique<\/p>\n<\/div><\/div><\/div><\/div><\/div><div class=\"w-tabs-section\" id=\"me72\"><button class=\"w-tabs-section-header\" aria-controls=\"content-me72\" aria-expanded=\"false\"><div class=\"w-tabs-section-title\">2021<\/div><div class=\"w-tabs-section-control\"><\/div><\/button><div  class=\"w-tabs-section-content\" id=\"content-me72\"><div class=\"w-tabs-section-content-h i-cf\"><div class=\"wpb_text_column\"><div class=\"wpb_wrapper\"><p>\u00c9coles \/ formations : 2021 &#8211; Clinique priv\u00e9e<\/p>\n<\/div><\/div><\/div><\/div><\/div><\/div><\/div><\/div><\/div><\/div><\/div><\/div><\/div><\/div><\/section><section class=\"l-section wpb_row height_large\"><div class=\"l-section-h i-cf\"><div class=\"g-cols vc_row via_grid cols_1 laptops-cols_inherit tablets-cols_inherit mobiles-cols_1 valign_top type_default stacking_default\"><div class=\"wpb_column vc_column_container\"><div class=\"vc_column-inner\"><div class=\"g-cols wpb_row us_custom_de69c693 via_grid cols_2 laptops-cols_inherit tablets-cols_inherit mobiles-cols_1 valign_middle type_default stacking_default\" style=\"--columns-gap:3rem;\"><div class=\"wpb_column vc_column_container\"><div class=\"vc_column-inner\"><div class=\"wpb_text_column\"><div class=\"wpb_wrapper\"><p><strong>Expertise dans diverses chirurgies :<\/strong><br \/>\nL&rsquo;expertise du Dr \u00d6zer couvre un large \u00e9ventail de chirurgies plastiques et esth\u00e9tiques, notamment le rajeunissement du visage, le remodelage du corps, les chirurgies mammaires, etc. Son engagement en faveur de l&rsquo;innovation lui permet d&rsquo;acc\u00e9der aux techniques les plus r\u00e9centes pour des r\u00e9sultats optimaux. <\/p>\n<p><strong>Ma\u00eetrise esth\u00e9tique :<\/strong><br \/>\nDot\u00e9 d&rsquo;un sens aigu de la beaut\u00e9 et d&rsquo;une connaissance approfondie de l&rsquo;anatomie, le docteur \u00d6zer aborde chaque intervention comme une \u0153uvre d&rsquo;art personnalis\u00e9e. Qu&rsquo;il s&rsquo;agisse de sculpter les traits du visage ou d&rsquo;affiner les contours du corps, il s&rsquo;efforce d&rsquo;obtenir des r\u00e9sultats harmonieux et naturels. <\/p>\n<p><strong>Soins centr\u00e9s sur le patient :<\/strong><br \/>\nLa philosophie du Dr \u00d6zer, centr\u00e9e sur le patient, est ax\u00e9e sur la communication ouverte, la compassion et la confiance. Il est \u00e0 l&rsquo;\u00e9coute de vos objectifs, favorisant une relation de collaboration qui garantit une exp\u00e9rience personnalis\u00e9e et satisfaisante tout au long de votre parcours esth\u00e9tique. <\/p>\n<p><strong>Technologie pionni\u00e8re :<\/strong><br \/>\n\u00c0 l&rsquo;avant-garde des progr\u00e8s technologiques, le Dr \u00d6zer int\u00e8gre des innovations de pointe dans sa pratique. Reconnu par ses pairs et par ses patients, il continue \u00e0 jouer un r\u00f4le de premier plan dans l&rsquo;adoption de technologies de pointe afin d&rsquo;am\u00e9liorer la pr\u00e9cision chirurgicale et les r\u00e9sultats pour les patients. <\/p>\n<p>Embarquez pour un voyage transformateur avec le Dr S\u00fcleyman \u00d6zer, o\u00f9 l&rsquo;expertise en chirurgie faciale, corporelle et mammaire, entre autres, converge avec la technologie de pointe pour red\u00e9finir votre beaut\u00e9 naturelle. Confiez-vous aux mains d&rsquo;un v\u00e9ritable artisan et faites l&rsquo;exp\u00e9rience de la confiance qui accompagne la r\u00e9alisation de vos r\u00eaves esth\u00e9tiques.<\/p>\n<\/div><\/div><\/div><\/div><div class=\"wpb_column vc_column_container\"><div class=\"vc_column-inner\"><div class=\"w-image us_custom_9cf479d2 align_none\"><div class=\"w-image-h\"><img decoding=\"async\" width=\"683\" height=\"1024\" src=\"https:\/\/drsuleymanozer.com\/wp-content\/uploads\/2025\/10\/DR-Suleyman-Ozer-9-683x1024.webp\" class=\"attachment-large size-large\" alt=\"\" loading=\"lazy\" srcset=\"https:\/\/drsuleymanozer.com\/wp-content\/uploads\/2025\/10\/DR-Suleyman-Ozer-9-683x1024.webp 683w, https:\/\/drsuleymanozer.com\/wp-content\/uploads\/2025\/10\/DR-Suleyman-Ozer-9-200x300.webp 200w, https:\/\/drsuleymanozer.com\/wp-content\/uploads\/2025\/10\/DR-Suleyman-Ozer-9.webp 1000w\" sizes=\"auto, (max-width: 683px) 100vw, 683px\" title=\"\"><\/div><\/div><\/div><\/div><\/div><\/div><\/div><\/div><\/div><\/section><section class=\"l-section wpb_row us_custom_ab7619de height_large\"><div class=\"l-section-h i-cf\"><div class=\"g-cols vc_row via_grid cols_1 laptops-cols_inherit tablets-cols_inherit mobiles-cols_1 valign_top type_default stacking_default\"><div class=\"wpb_column vc_column_container\"><div class=\"vc_column-inner\"><div class=\"wpb_text_column\"><div class=\"wpb_wrapper\"><h2 style=\"text-align: center;\">Certificats<\/h2>\n<\/div><\/div><div class=\"w-separator size_medium with_line width_30 thick_1 style_solid color_border align_center\"><div class=\"w-separator-h\"><\/div><\/div><div class=\"w-gallery fit_cover type_grid action_popup_image ratio_4x3 count_9\" style=\"--columns:3;--items-gap:10px;\"><div class=\"w-gallery-list\"><div class=\"w-gallery-item\"><div class=\"w-gallery-item-img\"><img loading=\"lazy\" decoding=\"async\" width=\"1024\" height=\"761\" src=\"https:\/\/drsuleymanozer.com\/wp-content\/uploads\/2025\/11\/b-9-1024x761.webp\" class=\"attachment-large size-large\" alt=\"\" srcset=\"https:\/\/drsuleymanozer.com\/wp-content\/uploads\/2025\/11\/b-9-1024x761.webp 1024w, https:\/\/drsuleymanozer.com\/wp-content\/uploads\/2025\/11\/b-9-300x223.webp 300w\" sizes=\"auto, (max-width: 1024px) 100vw, 1024px\" title=\"\"><\/div><a class=\"w-gallery-item-link\" aria-label=\"b-9\" href=\"https:\/\/drsuleymanozer.com\/wp-content\/uploads\/2025\/11\/b-9-scaled.webp\"><\/a><\/div><div class=\"w-gallery-item\"><div class=\"w-gallery-item-img\"><img loading=\"lazy\" decoding=\"async\" width=\"1024\" height=\"761\" src=\"https:\/\/drsuleymanozer.com\/wp-content\/uploads\/2025\/11\/b-10-1024x761.webp\" class=\"attachment-large size-large\" alt=\"\" srcset=\"https:\/\/drsuleymanozer.com\/wp-content\/uploads\/2025\/11\/b-10-1024x761.webp 1024w, https:\/\/drsuleymanozer.com\/wp-content\/uploads\/2025\/11\/b-10-300x223.webp 300w\" sizes=\"auto, (max-width: 1024px) 100vw, 1024px\" title=\"\"><\/div><a class=\"w-gallery-item-link\" aria-label=\"b-10\" href=\"https:\/\/drsuleymanozer.com\/wp-content\/uploads\/2025\/11\/b-10-scaled.webp\"><\/a><\/div><div class=\"w-gallery-item\"><div class=\"w-gallery-item-img\"><img loading=\"lazy\" decoding=\"async\" width=\"1024\" height=\"724\" src=\"https:\/\/drsuleymanozer.com\/wp-content\/uploads\/2025\/11\/b-3-1024x724.webp\" class=\"attachment-large size-large\" alt=\"\" srcset=\"https:\/\/drsuleymanozer.com\/wp-content\/uploads\/2025\/11\/b-3-1024x724.webp 1024w, https:\/\/drsuleymanozer.com\/wp-content\/uploads\/2025\/11\/b-3-300x212.webp 300w\" sizes=\"auto, (max-width: 1024px) 100vw, 1024px\" title=\"\"><\/div><a class=\"w-gallery-item-link\" aria-label=\"b-3\" href=\"https:\/\/drsuleymanozer.com\/wp-content\/uploads\/2025\/11\/b-3-scaled.webp\"><\/a><\/div><div class=\"w-gallery-item\"><div class=\"w-gallery-item-img\"><img loading=\"lazy\" decoding=\"async\" width=\"1024\" height=\"812\" src=\"https:\/\/drsuleymanozer.com\/wp-content\/uploads\/2025\/11\/b-8-1024x812.webp\" class=\"attachment-large size-large\" alt=\"\" srcset=\"https:\/\/drsuleymanozer.com\/wp-content\/uploads\/2025\/11\/b-8-1024x812.webp 1024w, https:\/\/drsuleymanozer.com\/wp-content\/uploads\/2025\/11\/b-8-300x238.webp 300w\" sizes=\"auto, (max-width: 1024px) 100vw, 1024px\" title=\"\"><\/div><a class=\"w-gallery-item-link\" aria-label=\"b-8\" href=\"https:\/\/drsuleymanozer.com\/wp-content\/uploads\/2025\/11\/b-8-scaled.webp\"><\/a><\/div><div class=\"w-gallery-item\"><div class=\"w-gallery-item-img\"><img loading=\"lazy\" decoding=\"async\" width=\"1024\" height=\"724\" src=\"https:\/\/drsuleymanozer.com\/wp-content\/uploads\/2025\/11\/b-7-1024x724.webp\" class=\"attachment-large size-large\" alt=\"\" srcset=\"https:\/\/drsuleymanozer.com\/wp-content\/uploads\/2025\/11\/b-7-1024x724.webp 1024w, https:\/\/drsuleymanozer.com\/wp-content\/uploads\/2025\/11\/b-7-300x212.webp 300w\" sizes=\"auto, (max-width: 1024px) 100vw, 1024px\" title=\"\"><\/div><a class=\"w-gallery-item-link\" aria-label=\"b-7\" href=\"https:\/\/drsuleymanozer.com\/wp-content\/uploads\/2025\/11\/b-7-scaled.webp\"><\/a><\/div><div class=\"w-gallery-item\"><div class=\"w-gallery-item-img\"><img loading=\"lazy\" decoding=\"async\" width=\"1024\" height=\"724\" src=\"https:\/\/drsuleymanozer.com\/wp-content\/uploads\/2025\/11\/b-6-1024x724.webp\" class=\"attachment-large size-large\" alt=\"\" srcset=\"https:\/\/drsuleymanozer.com\/wp-content\/uploads\/2025\/11\/b-6-1024x724.webp 1024w, https:\/\/drsuleymanozer.com\/wp-content\/uploads\/2025\/11\/b-6-300x212.webp 300w\" sizes=\"auto, (max-width: 1024px) 100vw, 1024px\" title=\"\"><\/div><a class=\"w-gallery-item-link\" aria-label=\"b-6\" href=\"https:\/\/drsuleymanozer.com\/wp-content\/uploads\/2025\/11\/b-6-scaled.webp\"><\/a><\/div><div class=\"w-gallery-item\"><div class=\"w-gallery-item-img\"><img loading=\"lazy\" decoding=\"async\" width=\"1024\" height=\"724\" src=\"https:\/\/drsuleymanozer.com\/wp-content\/uploads\/2025\/11\/b-5-1024x724.webp\" class=\"attachment-large size-large\" alt=\"\" srcset=\"https:\/\/drsuleymanozer.com\/wp-content\/uploads\/2025\/11\/b-5-1024x724.webp 1024w, https:\/\/drsuleymanozer.com\/wp-content\/uploads\/2025\/11\/b-5-300x212.webp 300w\" sizes=\"auto, (max-width: 1024px) 100vw, 1024px\" title=\"\"><\/div><a class=\"w-gallery-item-link\" aria-label=\"b-5\" href=\"https:\/\/drsuleymanozer.com\/wp-content\/uploads\/2025\/11\/b-5-scaled.webp\"><\/a><\/div><div class=\"w-gallery-item\"><div class=\"w-gallery-item-img\"><img loading=\"lazy\" decoding=\"async\" width=\"1024\" height=\"724\" src=\"https:\/\/drsuleymanozer.com\/wp-content\/uploads\/2025\/11\/b-4-1024x724.webp\" class=\"attachment-large size-large\" alt=\"\" srcset=\"https:\/\/drsuleymanozer.com\/wp-content\/uploads\/2025\/11\/b-4-1024x724.webp 1024w, https:\/\/drsuleymanozer.com\/wp-content\/uploads\/2025\/11\/b-4-300x212.webp 300w\" sizes=\"auto, (max-width: 1024px) 100vw, 1024px\" title=\"\"><\/div><a class=\"w-gallery-item-link\" aria-label=\"b-4\" href=\"https:\/\/drsuleymanozer.com\/wp-content\/uploads\/2025\/11\/b-4-scaled.webp\"><\/a><\/div><div class=\"w-gallery-item\"><div class=\"w-gallery-item-img\"><img loading=\"lazy\" decoding=\"async\" width=\"813\" height=\"1024\" src=\"https:\/\/drsuleymanozer.com\/wp-content\/uploads\/2025\/11\/b-1-scaled-e1762242273333-813x1024.webp\" class=\"attachment-large size-large\" alt=\"\" srcset=\"https:\/\/drsuleymanozer.com\/wp-content\/uploads\/2025\/11\/b-1-scaled-e1762242273333-813x1024.webp 813w, https:\/\/drsuleymanozer.com\/wp-content\/uploads\/2025\/11\/b-1-scaled-e1762242273333-238x300.webp 238w, https:\/\/drsuleymanozer.com\/wp-content\/uploads\/2025\/11\/b-1-scaled-e1762242273333.webp 2032w\" sizes=\"auto, (max-width: 813px) 100vw, 813px\" title=\"\"><\/div><a class=\"w-gallery-item-link\" aria-label=\"b-1\" href=\"https:\/\/drsuleymanozer.com\/wp-content\/uploads\/2025\/11\/b-1-scaled-e1762242273333.webp\"><\/a><\/div><\/div><\/div><\/div><\/div><\/div><\/div><\/section>\n","protected":false},"excerpt":{"rendered":"S\u00fcleyman \u00d6zer a obtenu son dipl\u00f4me de m\u00e9decine \u00e0 l&rsquo;universit\u00e9 d&rsquo;Istanbul, \u00e0 la facult\u00e9 de m\u00e9decine d&rsquo;Istanbul, et a obtenu le titre de docteur en m\u00e9decine. Apr\u00e8s avoir obtenu son dipl\u00f4me, il a continu\u00e9 \u00e0 perfectionner son expertise en m\u00e9decine esth\u00e9tique en suivant diverses formations nationales et internationales. En combinant les technologies modernes, les produits...","protected":false},"author":1,"featured_media":0,"parent":0,"menu_order":0,"comment_status":"closed","ping_status":"closed","template":"","meta":{"footnotes":""},"class_list":["post-5812","page","type-page","status-publish","hentry"],"_links":{"self":[{"href":"https:\/\/drsuleymanozer.com\/fr\/wp-json\/wp\/v2\/pages\/5812","targetHints":{"allow":["GET"]}}],"collection":[{"href":"https:\/\/drsuleymanozer.com\/fr\/wp-json\/wp\/v2\/pages"}],"about":[{"href":"https:\/\/drsuleymanozer.com\/fr\/wp-json\/wp\/v2\/types\/page"}],"author":[{"embeddable":true,"href":"https:\/\/drsuleymanozer.com\/fr\/wp-json\/wp\/v2\/users\/1"}],"replies":[{"embeddable":true,"href":"https:\/\/drsuleymanozer.com\/fr\/wp-json\/wp\/v2\/comments?post=5812"}],"version-history":[{"count":2,"href":"https:\/\/drsuleymanozer.com\/fr\/wp-json\/wp\/v2\/pages\/5812\/revisions"}],"predecessor-version":[{"id":5849,"href":"https:\/\/drsuleymanozer.com\/fr\/wp-json\/wp\/v2\/pages\/5812\/revisions\/5849"}],"wp:attachment":[{"href":"https:\/\/drsuleymanozer.com\/fr\/wp-json\/wp\/v2\/media?parent=5812"}],"curies":[{"name":"wp","href":"https:\/\/api.w.org\/{rel}","templated":true}]}}