{"id":5971,"date":"2025-11-14T04:19:41","date_gmt":"2025-11-14T01:19:41","guid":{"rendered":"https:\/\/drsuleymanozer.com\/chirurgie-rhinoplastique\/"},"modified":"2025-12-23T19:03:08","modified_gmt":"2025-12-23T16:03:08","slug":"chirurgie-rhinoplastique","status":"publish","type":"page","link":"https:\/\/drsuleymanozer.com\/fr\/chirurgie-rhinoplastique\/","title":{"rendered":"Chirurgie rhinoplastique"},"content":{"rendered":"<section class=\"l-section wpb_row us_custom_e8723c1f has_text_color height_large\"><div class=\"l-section-h i-cf\"><div class=\"g-cols vc_row via_grid cols_1 laptops-cols_inherit tablets-cols_inherit mobiles-cols_1 valign_top type_default stacking_default\"><div class=\"wpb_column vc_column_container\"><div class=\"vc_column-inner\"><div class=\"wpb_text_column\"><div class=\"wpb_wrapper\"><h1 style=\"text-align: center;\">Chirurgie rhinoplastique<\/h1>\n<p style=\"text-align: center;\">Remontez le temps et rehaussez votre beaut\u00e9 naturelle gr\u00e2ce \u00e0 nos proc\u00e9dures de rhinoplastie. Que vous souhaitiez affiner la forme de votre nez, corriger une asym\u00e9trie, am\u00e9liorer votre respiration ou corriger des r\u00e9sultats chirurgicaux ant\u00e9rieurs, nos chirurgiens experts en Turquie vous proposent des solutions personnalis\u00e9es pour obtenir un nez naturel, harmonieux et esth\u00e9tique. <\/p>\n<\/div><\/div><div class=\"w-separator size_medium\"><\/div><nav class=\"g-breadcrumbs us_custom_6df4bc3a has_text_color separator_icon align_center\" itemscope itemtype=\"http:\/\/schema.org\/BreadcrumbList\"><div class=\"g-breadcrumbs-item\" itemscope itemprop=\"itemListElement\" itemtype=\"http:\/\/schema.org\/ListItem\"><a itemprop=\"item\" href=\"https:\/\/drsuleymanozer.com\/fr\/\"><span itemprop=\"name\">Accueil<\/span><\/a><meta itemprop=\"position\" content=\"1\"\/><\/div><div class=\"g-breadcrumbs-separator\"><i class=\"far fa-angle-right\"><\/i><\/div><div class=\"g-breadcrumbs-item\">Pages<\/div><\/nav><\/div><\/div><\/div><\/div><\/section><section class=\"l-section wpb_row us_custom_44b472e0 height_large\"><div class=\"l-section-h i-cf\"><div class=\"g-cols vc_row via_grid cols_1 laptops-cols_inherit tablets-cols_inherit mobiles-cols_1 valign_top type_default stacking_default\"><div class=\"wpb_column vc_column_container\"><div class=\"vc_column-inner\"><div class=\"w-grid us_post_list type_grid layout_316 cols_5 preload_style_spinner ratio_3x4\" id=\"us_post_list_w2b7\" style=\"--columns:5;--gap:10px;--item-ratio:1.33333;\"><style>@media (max-width:1024px){#us_post_list_w2b7{--columns:2!important}}@media (max-width:600px){#us_post_list_w2b7{--columns:2!important}}.layout_316 .w-grid-item-h{border-radius:1rem;box-shadow:0 0rem 0rem rgba(0,0,0,0.1),0 0rem 0rem rgba(0,0,0,0.1);transition-duration:0.3s}.no-touch .layout_316 .w-grid-item-h:hover{box-shadow:0 0.12rem 0.24rem rgba(0,0,0,0.1),0 0.4rem 1.2rem rgba(0,0,0,0.15);z-index:4}.layout_316 .usg_post_image_1{position:absolute!important}.layout_316 .usg_vwrapper_1{position:absolute!important;left:0!important;bottom:0!important;right:0!important;padding:15% 7% 15% 7%!important}.layout_316 .usg_post_title_1{color:#fff!important;text-align:center!important;font-size:1.4rem!important;font-weight:700!important}@media (min-width:1025px) and (max-width:1380px){.layout_316 .usg_post_title_1{color:#fff!important;text-align:center!important;font-size:1.4rem!important;font-weight:700!important}}@media (min-width:601px) and (max-width:1024px){.layout_316 .usg_post_title_1{color:#fff!important;text-align:center!important;font-size:1rem!important;font-weight:700!important}}@media (max-width:600px){.layout_316 .usg_post_title_1{color:#fff!important;text-align:center!important;font-size:1rem!important;font-weight:700!important}}<\/style><div class=\"w-grid-list\">\t<article class=\"w-grid-item size_1x1 post-5464 page type-page status-publish has-post-thumbnail hentry\" data-id=\"5464\">\r\n\t\t<div class=\"w-grid-item-h\">\r\n\t\t\t\t\t\t\t<a href=\"https:\/\/drsuleymanozer.com\/fr\/\" class=\"w-grid-item-anchor\" aria-label=\"Dr S\u00fcleyman \u00d6zer\"><\/a>\r\n\t\t\t\t\t\t<div class=\"w-post-elm post_image usg_post_image_1 has_ratio\"><img loading=\"lazy\" decoding=\"async\" width=\"431\" height=\"389\" src=\"https:\/\/drsuleymanozer.com\/wp-content\/uploads\/2025\/09\/screenshot.jpg\" class=\"attachment-full size-full wp-post-image\" alt=\"\" title=\"\"><div style=\"padding-bottom:133.3333%\"><\/div><\/div><div class=\"w-vwrapper usg_vwrapper_1 align_none valign_top\"><h2 class=\"w-post-elm post_title usg_post_title_1 has_text_color entry-title color_link_inherit\">Dr S\u00fcleyman \u00d6zer<\/h2><\/div>\t\t<\/div>\r\n\t\t\t<\/article>\r\n\t<article class=\"w-grid-item size_1x1 post-5555 page type-page status-publish hentry\" data-id=\"5555\">\r\n\t\t<div class=\"w-grid-item-h\">\r\n\t\t\t\t\t\t\t<a href=\"https:\/\/drsuleymanozer.com\/fr\/operations\/\" class=\"w-grid-item-anchor\" aria-label=\"Op\u00e9rations\"><\/a>\r\n\t\t\t\t\t\t<div class=\"w-vwrapper usg_vwrapper_1 align_none valign_top\"><h2 class=\"w-post-elm post_title usg_post_title_1 has_text_color entry-title color_link_inherit\">Op\u00e9rations<\/h2><\/div>\t\t<\/div>\r\n\t\t\t<\/article>\r\n\t<article class=\"w-grid-item size_1x1 post-5542 page type-page status-publish hentry\" data-id=\"5542\">\r\n\t\t<div class=\"w-grid-item-h\">\r\n\t\t\t\t\t\t\t<a href=\"https:\/\/drsuleymanozer.com\/fr\/blog\/\" class=\"w-grid-item-anchor\" aria-label=\"Blog\"><\/a>\r\n\t\t\t\t\t\t<div class=\"w-vwrapper usg_vwrapper_1 align_none valign_top\"><h2 class=\"w-post-elm post_title usg_post_title_1 has_text_color entry-title color_link_inherit\">Blog<\/h2><\/div>\t\t<\/div>\r\n\t\t\t<\/article>\r\n\t<article class=\"w-grid-item size_1x1 post-5549 page type-page status-publish hentry\" data-id=\"5549\">\r\n\t\t<div class=\"w-grid-item-h\">\r\n\t\t\t\t\t\t\t<a href=\"https:\/\/drsuleymanozer.com\/fr\/contact\/\" class=\"w-grid-item-anchor\" aria-label=\"Contact\"><\/a>\r\n\t\t\t\t\t\t<div class=\"w-vwrapper usg_vwrapper_1 align_none valign_top\"><h2 class=\"w-post-elm post_title usg_post_title_1 has_text_color entry-title color_link_inherit\">Contact<\/h2><\/div>\t\t<\/div>\r\n\t\t\t<\/article>\r\n\t<article class=\"w-grid-item size_1x1 post-5812 page type-page status-publish hentry\" data-id=\"5812\">\r\n\t\t<div class=\"w-grid-item-h\">\r\n\t\t\t\t\t\t\t<a href=\"https:\/\/drsuleymanozer.com\/fr\/a-propos-de\/\" class=\"w-grid-item-anchor\" aria-label=\"A propos de\"><\/a>\r\n\t\t\t\t\t\t<div class=\"w-vwrapper usg_vwrapper_1 align_none valign_top\"><h2 class=\"w-post-elm post_title usg_post_title_1 has_text_color entry-title color_link_inherit\">A propos de<\/h2><\/div>\t\t<\/div>\r\n\t\t\t<\/article>\r\n\t<article class=\"w-grid-item size_1x1 post-5720 page type-page status-publish hentry\" data-id=\"5720\">\r\n\t\t<div class=\"w-grid-item-h\">\r\n\t\t\t\t\t\t\t<a href=\"https:\/\/drsuleymanozer.com\/fr\/equipe-medicale\/\" class=\"w-grid-item-anchor\" aria-label=\"\u00c9quipe m\u00e9dicale\"><\/a>\r\n\t\t\t\t\t\t<div class=\"w-vwrapper usg_vwrapper_1 align_none valign_top\"><h2 class=\"w-post-elm post_title usg_post_title_1 has_text_color entry-title color_link_inherit\">\u00c9quipe m\u00e9dicale<\/h2><\/div>\t\t<\/div>\r\n\t\t\t<\/article>\r\n\t<article class=\"w-grid-item size_1x1 post-5811 page type-page status-publish hentry\" data-id=\"5811\">\r\n\t\t<div class=\"w-grid-item-h\">\r\n\t\t\t\t\t\t\t<a href=\"https:\/\/drsuleymanozer.com\/fr\/recherche\/\" class=\"w-grid-item-anchor\" aria-label=\"Recherche\"><\/a>\r\n\t\t\t\t\t\t<div class=\"w-vwrapper usg_vwrapper_1 align_none valign_top\"><h2 class=\"w-post-elm post_title usg_post_title_1 has_text_color entry-title color_link_inherit\">Recherche<\/h2><\/div>\t\t<\/div>\r\n\t\t\t<\/article>\r\n\t<article class=\"w-grid-item size_1x1 post-7231 page type-page status-publish has-post-thumbnail hentry\" data-id=\"7231\">\r\n\t\t<div class=\"w-grid-item-h\">\r\n\t\t\t\t\t\t\t<a href=\"https:\/\/drsuleymanozer.com\/fr\/esthetique-du-visage\/\" class=\"w-grid-item-anchor\" aria-label=\"Esth\u00e9tique du visage\"><\/a>\r\n\t\t\t\t\t\t<div class=\"w-post-elm post_image usg_post_image_1 has_ratio\"><img loading=\"lazy\" decoding=\"async\" width=\"400\" height=\"533\" src=\"https:\/\/drsuleymanozer.com\/wp-content\/uploads\/2025\/11\/Face-Aesthetic.jpg\" class=\"attachment-full size-full wp-post-image\" alt=\"\" title=\"\"><div style=\"padding-bottom:133.3333%\"><\/div><\/div><div class=\"w-vwrapper usg_vwrapper_1 align_none valign_top\"><h2 class=\"w-post-elm post_title usg_post_title_1 has_text_color entry-title color_link_inherit\">Esth\u00e9tique du visage<\/h2><\/div>\t\t<\/div>\r\n\t\t\t<\/article>\r\n\t<article class=\"w-grid-item size_1x1 post-7088 page type-page status-publish has-post-thumbnail hentry\" data-id=\"7088\">\r\n\t\t<div class=\"w-grid-item-h\">\r\n\t\t\t\t\t\t\t<a href=\"https:\/\/drsuleymanozer.com\/fr\/esthetique-corporelle\/\" class=\"w-grid-item-anchor\" aria-label=\"Esth\u00e9tique corporelle\"><\/a>\r\n\t\t\t\t\t\t<div class=\"w-post-elm post_image usg_post_image_1 has_ratio\"><img loading=\"lazy\" decoding=\"async\" width=\"400\" height=\"533\" src=\"https:\/\/drsuleymanozer.com\/wp-content\/uploads\/2025\/11\/Body-Aesthetic.jpg\" class=\"attachment-full size-full wp-post-image\" alt=\"\" title=\"\"><div style=\"padding-bottom:133.3333%\"><\/div><\/div><div class=\"w-vwrapper usg_vwrapper_1 align_none valign_top\"><h2 class=\"w-post-elm post_title usg_post_title_1 has_text_color entry-title color_link_inherit\">Esth\u00e9tique corporelle<\/h2><\/div>\t\t<\/div>\r\n\t\t\t<\/article>\r\n\t<article class=\"w-grid-item size_1x1 post-6675 page type-page status-publish has-post-thumbnail hentry\" data-id=\"6675\">\r\n\t\t<div class=\"w-grid-item-h\">\r\n\t\t\t\t\t\t\t<a href=\"https:\/\/drsuleymanozer.com\/fr\/esthetique-mammaire\/\" class=\"w-grid-item-anchor\" aria-label=\"Esth\u00e9tique mammaire\"><\/a>\r\n\t\t\t\t\t\t<div class=\"w-post-elm post_image usg_post_image_1 has_ratio\"><img loading=\"lazy\" decoding=\"async\" width=\"400\" height=\"533\" src=\"https:\/\/drsuleymanozer.com\/wp-content\/uploads\/2025\/11\/Breast-Aesthetic.jpg\" class=\"attachment-full size-full wp-post-image\" alt=\"\" title=\"\"><div style=\"padding-bottom:133.3333%\"><\/div><\/div><div class=\"w-vwrapper usg_vwrapper_1 align_none valign_top\"><h2 class=\"w-post-elm post_title usg_post_title_1 has_text_color entry-title color_link_inherit\">Esth\u00e9tique mammaire<\/h2><\/div>\t\t<\/div>\r\n\t\t\t<\/article>\r\n\t<article class=\"w-grid-item size_1x1 post-5575 page type-page status-publish hentry\" data-id=\"5575\">\r\n\t\t<div class=\"w-grid-item-h\">\r\n\t\t\t\t\t\t\t<a href=\"https:\/\/drsuleymanozer.com\/fr\/carriere\/\" class=\"w-grid-item-anchor\" aria-label=\"Carri\u00e8re\"><\/a>\r\n\t\t\t\t\t\t<div class=\"w-vwrapper usg_vwrapper_1 align_none valign_top\"><h2 class=\"w-post-elm post_title usg_post_title_1 has_text_color entry-title color_link_inherit\">Carri\u00e8re<\/h2><\/div>\t\t<\/div>\r\n\t\t\t<\/article>\r\n\t<article class=\"w-grid-item size_1x1 post-5652 page type-page status-publish hentry\" data-id=\"5652\">\r\n\t\t<div class=\"w-grid-item-h\">\r\n\t\t\t\t\t\t\t<a href=\"https:\/\/drsuleymanozer.com\/fr\/dossier-de-presse\/\" class=\"w-grid-item-anchor\" aria-label=\"Dossier de presse\"><\/a>\r\n\t\t\t\t\t\t<div class=\"w-vwrapper usg_vwrapper_1 align_none valign_top\"><h2 class=\"w-post-elm post_title usg_post_title_1 has_text_color entry-title color_link_inherit\">Dossier de presse<\/h2><\/div>\t\t<\/div>\r\n\t\t\t<\/article>\r\n<\/div><div class=\"g-loadmore hidden\"><div class=\"g-preloader type_1\"><div><\/div><\/div><\/div><div class=\"w-grid-list-json hidden\" onclick='return {&quot;max_num_pages&quot;:0,&quot;paginationBase&quot;:&quot;page&quot;,&quot;pagination&quot;:&quot;none&quot;,&quot;paged&quot;:1,&quot;ajaxData&quot;:{&quot;action&quot;:&quot;us_ajax_post_list&quot;,&quot;meta_type&quot;:&quot;post&quot;,&quot;object_id&quot;:0,&quot;template_vars&quot;:{&quot;shortcode_base&quot;:&quot;us_post_list&quot;,&quot;paged&quot;:1,&quot;max_num_pages&quot;:0,&quot;no_results&quot;:false,&quot;us_post_content_design_css&quot;:[],&quot;found_posts&quot;:0,&quot;items_count&quot;:12,&quot;source&quot;:&quot;child_posts_of_current&quot;,&quot;ids&quot;:&quot;&quot;,&quot;post_type&quot;:&quot;post&quot;,&quot;attachment_ids&quot;:null,&quot;include_post_thumbnail&quot;:0,&quot;post_author&quot;:&quot;any&quot;,&quot;post_author_ids&quot;:&quot;&quot;,&quot;apply_url_params&quot;:0,&quot;exclude_children&quot;:0,&quot;exclude_current_post&quot;:1,&quot;exclude_prev_posts&quot;:0,&quot;enable_items_offset&quot;:0,&quot;items_offset&quot;:&quot;1&quot;,&quot;tax_query_relation&quot;:&quot;none&quot;,&quot;tax_query&quot;:[{&quot;operator&quot;:&quot;IN&quot;,&quot;taxonomy&quot;:&quot;category&quot;,&quot;terms&quot;:&quot;&quot;,&quot;include_children&quot;:0}],&quot;meta_query_relation&quot;:&quot;none&quot;,&quot;meta_query&quot;:[{&quot;key&quot;:&quot;custom_field_name&quot;,&quot;compare&quot;:&quot;=&quot;,&quot;value&quot;:&quot;&quot;}],&quot;orderby&quot;:&quot;date&quot;,&quot;orderby_custom_field&quot;:&quot;&quot;,&quot;orderby_custom_type&quot;:0,&quot;order_invert&quot;:0,&quot;show_all&quot;:0,&quot;quantity&quot;:&quot;12&quot;,&quot;posts_per_archive_page&quot;:0,&quot;no_items_action&quot;:&quot;message&quot;,&quot;no_items_message&quot;:&quot;Aucun r\\u00e9sultat.&quot;,&quot;no_items_page_block&quot;:&quot;&quot;,&quot;pagination&quot;:&quot;none&quot;,&quot;pagination_style&quot;:&quot;&quot;,&quot;pagination_btn_text&quot;:&quot;Charger plus&quot;,&quot;pagination_btn_size&quot;:&quot;&quot;,&quot;pagination_btn_style&quot;:&quot;1&quot;,&quot;pagination_btn_fullwidth&quot;:0,&quot;items_layout&quot;:&quot;316&quot;,&quot;type&quot;:&quot;grid&quot;,&quot;items_valign&quot;:0,&quot;ignore_items_size&quot;:0,&quot;columns&quot;:&quot;5&quot;,&quot;items_gap&quot;:&quot;10px&quot;,&quot;load_animation&quot;:&quot;none&quot;,&quot;items_preload_style&quot;:&quot;spinner&quot;,&quot;img_size&quot;:&quot;default&quot;,&quot;title_size&quot;:&quot;&quot;,&quot;items_ratio&quot;:&quot;default&quot;,&quot;items_ratio_width&quot;:&quot;21&quot;,&quot;items_ratio_height&quot;:&quot;9&quot;,&quot;overriding_link&quot;:&quot;%7B%22type%22%3A%22post%22%7D&quot;,&quot;popup_page_template&quot;:&quot;0&quot;,&quot;popup_width&quot;:&quot;&quot;,&quot;popup_arrows&quot;:1,&quot;breakpoint_1_width&quot;:&quot;1381px&quot;,&quot;breakpoint_1_cols&quot;:&quot;default&quot;,&quot;breakpoint_1_quantity&quot;:&quot;&quot;,&quot;breakpoint_1_gap&quot;:&quot;&quot;,&quot;breakpoint_2_width&quot;:&quot;1025px&quot;,&quot;breakpoint_2_cols&quot;:&quot;2&quot;,&quot;breakpoint_2_quantity&quot;:&quot;&quot;,&quot;breakpoint_2_gap&quot;:&quot;&quot;,&quot;breakpoint_3_width&quot;:&quot;601px&quot;,&quot;breakpoint_3_cols&quot;:&quot;2&quot;,&quot;breakpoint_3_quantity&quot;:&quot;&quot;,&quot;breakpoint_3_gap&quot;:&quot;&quot;,&quot;conditions_operator&quot;:&quot;always&quot;,&quot;conditions&quot;:[],&quot;css&quot;:null,&quot;el_class&quot;:&quot;&quot;,&quot;el_id&quot;:&quot;&quot;,&quot;enable_custom_html_atts&quot;:0,&quot;custom_html_atts&quot;:null,&quot;hide_on_states&quot;:&quot;&quot;,&quot;hide_for_sticky&quot;:0,&quot;hide_for_not_sticky&quot;:0,&quot;hide_below&quot;:&quot;0px&quot;,&quot;hide_above&quot;:&quot;0px&quot;,&quot;classes&quot;:&quot;&quot;}},&quot;facetedFilter&quot;:[]}'><\/div><\/div><\/div><\/div><\/div><\/div><\/section><section class=\"l-section wpb_row height_large\"><div class=\"l-section-h i-cf\"><div class=\"g-cols vc_row via_grid cols_1 laptops-cols_inherit tablets-cols_inherit mobiles-cols_1 valign_top type_default stacking_default\"><div class=\"wpb_column vc_column_container\"><div class=\"vc_column-inner\"><div class=\"wpb_text_column\"><div class=\"wpb_wrapper\"><h2 style=\"text-align: center;\">Questions fr\u00e9quemment pos\u00e9es<br \/>\n\u00e0 propos de la chirurgie rhinoplastique<\/h2>\n<\/div><\/div><div class=\"w-separator size_medium\"><\/div><div class=\"w-tabs style_default switch_click accordion\" style=\"--sections-title-size:inherit\"><div class=\"w-tabs-sections titles-align_none icon_chevron cpos_right\"><div class=\"w-tabs-section\" id=\"p669\"><button class=\"w-tabs-section-header\" aria-controls=\"content-p669\" aria-expanded=\"false\"><div class=\"w-tabs-section-title\">Qu&#039;est-ce que la rhinoplastie ?<\/div><div class=\"w-tabs-section-control\"><\/div><\/button><div  class=\"w-tabs-section-content\" id=\"content-p669\"><div class=\"w-tabs-section-content-h i-cf\"><div class=\"wpb_text_column\"><div class=\"wpb_wrapper\"><p>La rhinoplastie est une intervention chirurgicale qui permet de remodeler le nez afin d&rsquo;en am\u00e9liorer l&rsquo;apparence, de corriger des malformations ou d&rsquo;en r\u00e9tablir le bon fonctionnement.<\/p>\n<\/div><\/div><\/div><\/div><\/div><div class=\"w-tabs-section\" id=\"n7b0\"><button class=\"w-tabs-section-header\" aria-controls=\"content-n7b0\" aria-expanded=\"false\"><div class=\"w-tabs-section-title\">Combien de temps dure une rhinoplastie ?<\/div><div class=\"w-tabs-section-control\"><\/div><\/button><div  class=\"w-tabs-section-content\" id=\"content-n7b0\"><div class=\"w-tabs-section-content-h i-cf\"><div class=\"wpb_text_column\"><div class=\"wpb_wrapper\"><p>La proc\u00e9dure dure g\u00e9n\u00e9ralement de 2 \u00e0 4 heures, en fonction de sa complexit\u00e9.<\/p>\n<\/div><\/div><\/div><\/div><\/div><div class=\"w-tabs-section\" id=\"a90e\"><button class=\"w-tabs-section-header\" aria-controls=\"content-a90e\" aria-expanded=\"false\"><div class=\"w-tabs-section-title\">La rhinoplastie est-elle douloureuse ?<\/div><div class=\"w-tabs-section-control\"><\/div><\/button><div  class=\"w-tabs-section-content\" id=\"content-a90e\"><div class=\"w-tabs-section-content-h i-cf\"><div class=\"wpb_text_column\"><div class=\"wpb_wrapper\"><p>La plupart des patients ressentent une l\u00e9g\u00e8re g\u00eane, g\u00e9r\u00e9e par des m\u00e9dicaments prescrits. L&rsquo;anesth\u00e9sie g\u00e9n\u00e9rale garantit une proc\u00e9dure indolore.<\/p>\n<\/div><\/div><\/div><\/div><\/div><div class=\"w-tabs-section\" id=\"ea4d\"><button class=\"w-tabs-section-header\" aria-controls=\"content-ea4d\" aria-expanded=\"false\"><div class=\"w-tabs-section-title\">Aurai-je des cicatrices visibles ?<\/div><div class=\"w-tabs-section-control\"><\/div><\/button><div  class=\"w-tabs-section-content\" id=\"content-ea4d\"><div class=\"w-tabs-section-content-h i-cf\"><div class=\"wpb_text_column\"><div class=\"wpb_wrapper\"><p>La rhinoplastie ferm\u00e9e ne laisse aucune cicatrice externe, tandis que la rhinoplastie ouverte peut laisser une petite incision bien cach\u00e9e sous le nez.<\/p>\n<\/div><\/div><\/div><\/div><\/div><div class=\"w-tabs-section\" id=\"yb8f\"><button class=\"w-tabs-section-header\" aria-controls=\"content-yb8f\" aria-expanded=\"false\"><div class=\"w-tabs-section-title\">Quand puis-je reprendre le travail ?<\/div><div class=\"w-tabs-section-control\"><\/div><\/button><div  class=\"w-tabs-section-content\" id=\"content-yb8f\"><div class=\"w-tabs-section-content-h i-cf\"><div class=\"wpb_text_column\"><div class=\"wpb_wrapper\"><p>La plupart des patients peuvent reprendre leurs activit\u00e9s quotidiennes dans un d\u00e9lai de 1 \u00e0 2 semaines, en fonction de l&rsquo;\u00e9tendue de l&rsquo;intervention.<\/p>\n<\/div><\/div><\/div><\/div><\/div><div class=\"w-tabs-section\" id=\"acd7\"><button class=\"w-tabs-section-header\" aria-controls=\"content-acd7\" aria-expanded=\"false\"><div class=\"w-tabs-section-title\">Quelle est la dur\u00e9e de l&#039;enflure ?<\/div><div class=\"w-tabs-section-control\"><\/div><\/button><div  class=\"w-tabs-section-content\" id=\"content-acd7\"><div class=\"w-tabs-section-content-h i-cf\"><div class=\"wpb_text_column\"><div class=\"wpb_wrapper\"><p>Le gonflement diminue progressivement sur plusieurs semaines et l&rsquo;affinement final est visible au bout de 6 \u00e0 12 mois.<\/p>\n<\/div><\/div><\/div><\/div><\/div><div class=\"w-tabs-section\" id=\"ie0b\"><button class=\"w-tabs-section-header\" aria-controls=\"content-ie0b\" aria-expanded=\"false\"><div class=\"w-tabs-section-title\">La rhinoplastie peut-elle corriger des probl\u00e8mes respiratoires ?<\/div><div class=\"w-tabs-section-control\"><\/div><\/button><div  class=\"w-tabs-section-content\" id=\"content-ie0b\"><div class=\"w-tabs-section-content-h i-cf\"><div class=\"wpb_text_column\"><div class=\"wpb_wrapper\"><p>Oui, la rhinoplastie fonctionnelle s&rsquo;attaque aux probl\u00e8mes structurels afin d&rsquo;am\u00e9liorer la circulation de l&rsquo;air dans le nez et la respiration.<\/p>\n<\/div><\/div><\/div><\/div><\/div><div class=\"w-tabs-section\" id=\"ef3d\"><button class=\"w-tabs-section-header\" aria-controls=\"content-ef3d\" aria-expanded=\"false\"><div class=\"w-tabs-section-title\">La rhinoplastie convient-elle \u00e0 tout le monde ?<\/div><div class=\"w-tabs-section-control\"><\/div><\/button><div  class=\"w-tabs-section-content\" id=\"content-ef3d\"><div class=\"w-tabs-section-content-h i-cf\"><div class=\"wpb_text_column\"><div class=\"wpb_wrapper\"><p>Les candidats doivent \u00eatre des adultes en bonne sant\u00e9, dont les structures faciales sont pleinement d\u00e9velopp\u00e9es et dont les attentes sont r\u00e9alistes.<\/p>\n<\/div><\/div><\/div><\/div><\/div><div class=\"w-tabs-section\" id=\"g098\"><button class=\"w-tabs-section-header\" aria-controls=\"content-g098\" aria-expanded=\"false\"><div class=\"w-tabs-section-title\">Peut-on pratiquer une rhinoplastie de r\u00e9vision ?<\/div><div class=\"w-tabs-section-control\"><\/div><\/button><div  class=\"w-tabs-section-content\" id=\"content-g098\"><div class=\"w-tabs-section-content-h i-cf\"><div class=\"wpb_text_column\"><div class=\"wpb_wrapper\"><p>Oui, la rhinoplastie de r\u00e9vision peut corriger des r\u00e9sultats chirurgicaux ant\u00e9rieurs ou des asym\u00e9tries, mais elle n\u00e9cessite un chirurgien comp\u00e9tent.<\/p>\n<\/div><\/div><\/div><\/div><\/div><div class=\"w-tabs-section\" id=\"i1d4\"><button class=\"w-tabs-section-header\" aria-controls=\"content-i1d4\" aria-expanded=\"false\"><div class=\"w-tabs-section-title\">Dans combien de temps verrai-je les r\u00e9sultats d\u00e9finitifs ?<\/div><div class=\"w-tabs-section-control\"><\/div><\/button><div  class=\"w-tabs-section-content\" id=\"content-i1d4\"><div class=\"w-tabs-section-content-h i-cf\"><div class=\"wpb_text_column\"><div class=\"wpb_wrapper\"><p>Les premi\u00e8res am\u00e9liorations sont visibles au bout de quelques semaines, mais le nez continue \u00e0 s&rsquo;affiner pendant 6 \u00e0 12 mois pour des r\u00e9sultats optimaux.<\/p>\n<\/div><\/div><\/div><\/div><\/div><\/div><\/div><\/div><\/div><\/div><\/div><\/section>\n","protected":false},"excerpt":{"rendered":"Acc\u00e9dez \u00e0 nos actifs de marque officiels. Ce dossier de presse contient des logos en haute r\u00e9solution, des images approuv\u00e9es et des lignes directrices sur la marque afin de garantir une repr\u00e9sentation pr\u00e9cise dans toutes les publications et tous les partenariats avec les m\u00e9dias. Logo sombre PNGT\u00e9l\u00e9chargerLogo blanc PNGT\u00e9l\u00e9chargerLogo or PNGT\u00e9l\u00e9chargerLogo fonc\u00e9 SVGT\u00e9l\u00e9chargerLogo blanc SVGT\u00e9l\u00e9chargerLogo...","protected":false},"author":1,"featured_media":5972,"parent":0,"menu_order":0,"comment_status":"closed","ping_status":"closed","template":"","meta":{"footnotes":""},"class_list":["post-5971","page","type-page","status-publish","has-post-thumbnail","hentry"],"_links":{"self":[{"href":"https:\/\/drsuleymanozer.com\/fr\/wp-json\/wp\/v2\/pages\/5971","targetHints":{"allow":["GET"]}}],"collection":[{"href":"https:\/\/drsuleymanozer.com\/fr\/wp-json\/wp\/v2\/pages"}],"about":[{"href":"https:\/\/drsuleymanozer.com\/fr\/wp-json\/wp\/v2\/types\/page"}],"author":[{"embeddable":true,"href":"https:\/\/drsuleymanozer.com\/fr\/wp-json\/wp\/v2\/users\/1"}],"replies":[{"embeddable":true,"href":"https:\/\/drsuleymanozer.com\/fr\/wp-json\/wp\/v2\/comments?post=5971"}],"version-history":[{"count":2,"href":"https:\/\/drsuleymanozer.com\/fr\/wp-json\/wp\/v2\/pages\/5971\/revisions"}],"predecessor-version":[{"id":5976,"href":"https:\/\/drsuleymanozer.com\/fr\/wp-json\/wp\/v2\/pages\/5971\/revisions\/5976"}],"wp:featuredmedia":[{"embeddable":true,"href":"https:\/\/drsuleymanozer.com\/fr\/wp-json\/wp\/v2\/media\/5972"}],"wp:attachment":[{"href":"https:\/\/drsuleymanozer.com\/fr\/wp-json\/wp\/v2\/media?parent=5971"}],"curies":[{"name":"wp","href":"https:\/\/api.w.org\/{rel}","templated":true}]}}