{"id":4453,"date":"2025-10-26T20:22:50","date_gmt":"2025-10-26T17:22:50","guid":{"rendered":"https:\/\/drsuleymanozer.com\/kariyer\/"},"modified":"2025-12-30T16:01:20","modified_gmt":"2025-12-30T13:01:20","slug":"kariyer","status":"publish","type":"page","link":"https:\/\/drsuleymanozer.com\/tr\/kariyer\/","title":{"rendered":"Kariyer"},"content":{"rendered":"<section class=\"l-section wpb_row us_custom_282da87f has_text_color height_large\"><div class=\"l-section-h i-cf\"><div class=\"g-cols vc_row via_grid cols_1 laptops-cols_inherit tablets-cols_inherit mobiles-cols_1 valign_top type_default stacking_default\"><div class=\"wpb_column vc_column_container\"><div class=\"vc_column-inner\"><div class=\"wpb_text_column\"><div class=\"wpb_wrapper\"><h1 style=\"text-align: center;\">Ekibimize Kat\u0131l\u0131n<\/h1>\n<p style=\"text-align: center;\">Dr. S\u00fcleyman \u00d6zer Klini\u011fi\u2019nde; hasta deneyimini ve kaliteyi merkeze alan bir ekip k\u00fclt\u00fcr\u00fcyle \u00e7al\u0131\u015f\u0131yoruz. E\u011fer dinamik bir ortamda sorumluluk almaya ve profesyonel olarak geli\u015fmeye haz\u0131rsan\u0131z, a\u00e7\u0131k pozisyonlar\u0131m\u0131z\u0131 inceleyin.<\/p>\n<\/div><\/div><\/div><\/div><\/div><\/div><\/section><section class=\"l-section wpb_row height_large\"><div class=\"l-section-h i-cf\"><div class=\"g-cols vc_row via_grid cols_1 laptops-cols_inherit tablets-cols_inherit mobiles-cols_1 valign_top type_default stacking_default\"><div class=\"wpb_column vc_column_container\"><div class=\"vc_column-inner\"><div class=\"w-grid us_post_list type_grid layout_1522 cols_1 preload_style_spinner\" id=\"us_post_list_x956\" style=\"--columns:1;--gap:10px;\"><style>.layout_1522 .w-grid-item-h{border-radius:0.3rem;box-shadow:0 0rem 0rem rgba(0,0,0,0.1),0 0rem 0rem rgba(0,0,0,0.1);transition-duration:0.3s}.no-touch .layout_1522 .w-grid-item-h:hover{box-shadow:0 0.04rem 0.08rem rgba(0,0,0,0.1),0 0.13rem 0.4rem rgba(0,0,0,0.15);z-index:4}.layout_1522 .usg_vwrapper_1{transition-duration:0.3s;transform-origin:50% 50%;transform:scale(1) translate(0%,0%)}.layout_1522 .w-grid-item-h:focus-within .usg_vwrapper_1,.layout_1522 .w-grid-item-h:hover .usg_vwrapper_1{transform:scale(1) translate(0%,0%);opacity:1;border-color:transparent!important}.layout_1522 .usg_vwrapper_1{border-radius:0.3rem!important;padding:20px!important;border:1px solid var(--color-content-border)!important}.layout_1522 .usg_post_title_1{font-size:1.1rem!important}<\/style><div class=\"w-grid-list\">\t<article class=\"w-grid-item size_1x1 post-4481 page type-page status-publish has-post-thumbnail hentry\" data-id=\"4481\">\r\n\t\t<div class=\"w-grid-item-h\">\r\n\t\t\t\t\t\t\t<a href=\"https:\/\/drsuleymanozer.com\/tr\/\" class=\"w-grid-item-anchor\" aria-label=\"Dr. S\u00fcleyman \u00d6zer\"><\/a>\r\n\t\t\t\t\t\t<div class=\"w-vwrapper usg_vwrapper_1 align_none valign_top\" style=\"--vwrapper-gap:0.5rem\"><h2 class=\"w-post-elm post_title usg_post_title_1 entry-title color_link_inherit\">Dr. S\u00fcleyman \u00d6zer<\/h2><\/div>\t\t<\/div>\r\n\t\t\t<\/article>\r\n\t<article class=\"w-grid-item size_1x1 post-4455 page type-page status-publish hentry\" data-id=\"4455\">\r\n\t\t<div class=\"w-grid-item-h\">\r\n\t\t\t\t\t\t\t<a href=\"https:\/\/drsuleymanozer.com\/tr\/operasyonlar\/\" class=\"w-grid-item-anchor\" aria-label=\"Operasyonlar\"><\/a>\r\n\t\t\t\t\t\t<div class=\"w-vwrapper usg_vwrapper_1 align_none valign_top\" style=\"--vwrapper-gap:0.5rem\"><h2 class=\"w-post-elm post_title usg_post_title_1 entry-title color_link_inherit\">Operasyonlar<\/h2><\/div>\t\t<\/div>\r\n\t\t\t<\/article>\r\n\t<article class=\"w-grid-item size_1x1 post-4447 page type-page status-publish hentry\" data-id=\"4447\">\r\n\t\t<div class=\"w-grid-item-h\">\r\n\t\t\t\t\t\t\t<a href=\"https:\/\/drsuleymanozer.com\/tr\/blog\/\" class=\"w-grid-item-anchor\" aria-label=\"Blog\"><\/a>\r\n\t\t\t\t\t\t<div class=\"w-vwrapper usg_vwrapper_1 align_none valign_top\" style=\"--vwrapper-gap:0.5rem\"><h2 class=\"w-post-elm post_title usg_post_title_1 entry-title color_link_inherit\">Blog<\/h2><\/div>\t\t<\/div>\r\n\t\t\t<\/article>\r\n\t<article class=\"w-grid-item size_1x1 post-4440 page type-page status-publish hentry\" data-id=\"4440\">\r\n\t\t<div class=\"w-grid-item-h\">\r\n\t\t\t\t\t\t\t<a href=\"https:\/\/drsuleymanozer.com\/tr\/iletisim\/\" class=\"w-grid-item-anchor\" aria-label=\"\u0130leti\u015fim\"><\/a>\r\n\t\t\t\t\t\t<div class=\"w-vwrapper usg_vwrapper_1 align_none valign_top\" style=\"--vwrapper-gap:0.5rem\"><h2 class=\"w-post-elm post_title usg_post_title_1 entry-title color_link_inherit\">\u0130leti\u015fim<\/h2><\/div>\t\t<\/div>\r\n\t\t\t<\/article>\r\n\t<article class=\"w-grid-item size_1x1 post-4501 page type-page status-publish hentry\" data-id=\"4501\">\r\n\t\t<div class=\"w-grid-item-h\">\r\n\t\t\t\t\t\t\t<a href=\"https:\/\/drsuleymanozer.com\/tr\/hakkimizda\/\" class=\"w-grid-item-anchor\" aria-label=\"Hakk\u0131m\u0131zda\"><\/a>\r\n\t\t\t\t\t\t<div class=\"w-vwrapper usg_vwrapper_1 align_none valign_top\" style=\"--vwrapper-gap:0.5rem\"><h2 class=\"w-post-elm post_title usg_post_title_1 entry-title color_link_inherit\">Hakk\u0131m\u0131zda<\/h2><\/div>\t\t<\/div>\r\n\t\t\t<\/article>\r\n\t<article class=\"w-grid-item size_1x1 post-4461 page type-page status-publish hentry\" data-id=\"4461\">\r\n\t\t<div class=\"w-grid-item-h\">\r\n\t\t\t\t\t\t\t<a href=\"https:\/\/drsuleymanozer.com\/tr\/ekibimiz\/\" class=\"w-grid-item-anchor\" aria-label=\"Ekibimiz\"><\/a>\r\n\t\t\t\t\t\t<div class=\"w-vwrapper usg_vwrapper_1 align_none valign_top\" style=\"--vwrapper-gap:0.5rem\"><h2 class=\"w-post-elm post_title usg_post_title_1 entry-title color_link_inherit\">Ekibimiz<\/h2><\/div>\t\t<\/div>\r\n\t\t\t<\/article>\r\n\t<article class=\"w-grid-item size_1x1 post-4943 page type-page status-publish hentry\" data-id=\"4943\">\r\n\t\t<div class=\"w-grid-item-h\">\r\n\t\t\t\t\t\t\t<a href=\"https:\/\/drsuleymanozer.com\/tr\/arama\/\" class=\"w-grid-item-anchor\" aria-label=\"Arama\"><\/a>\r\n\t\t\t\t\t\t<div class=\"w-vwrapper usg_vwrapper_1 align_none valign_top\" style=\"--vwrapper-gap:0.5rem\"><h2 class=\"w-post-elm post_title usg_post_title_1 entry-title color_link_inherit\">Arama<\/h2><\/div>\t\t<\/div>\r\n\t\t\t<\/article>\r\n\t<article class=\"w-grid-item size_1x1 post-4779 page type-page status-publish has-post-thumbnail hentry\" data-id=\"4779\">\r\n\t\t<div class=\"w-grid-item-h\">\r\n\t\t\t\t\t\t\t<a href=\"https:\/\/drsuleymanozer.com\/tr\/yuz-estetigi\/\" class=\"w-grid-item-anchor\" aria-label=\"Y\u00fcz Esteti\u011fi\"><\/a>\r\n\t\t\t\t\t\t<div class=\"w-vwrapper usg_vwrapper_1 align_none valign_top\" style=\"--vwrapper-gap:0.5rem\"><h2 class=\"w-post-elm post_title usg_post_title_1 entry-title color_link_inherit\">Y\u00fcz Esteti\u011fi<\/h2><\/div>\t\t<\/div>\r\n\t\t\t<\/article>\r\n\t<article class=\"w-grid-item size_1x1 post-4773 page type-page status-publish has-post-thumbnail hentry\" data-id=\"4773\">\r\n\t\t<div class=\"w-grid-item-h\">\r\n\t\t\t\t\t\t\t<a href=\"https:\/\/drsuleymanozer.com\/tr\/vucut-estetigi\/\" class=\"w-grid-item-anchor\" aria-label=\"V\u00fccut Esteti\u011fi\"><\/a>\r\n\t\t\t\t\t\t<div class=\"w-vwrapper usg_vwrapper_1 align_none valign_top\" style=\"--vwrapper-gap:0.5rem\"><h2 class=\"w-post-elm post_title usg_post_title_1 entry-title color_link_inherit\">V\u00fccut Esteti\u011fi<\/h2><\/div>\t\t<\/div>\r\n\t\t\t<\/article>\r\n\t<article class=\"w-grid-item size_1x1 post-4768 page type-page status-publish has-post-thumbnail hentry\" data-id=\"4768\">\r\n\t\t<div class=\"w-grid-item-h\">\r\n\t\t\t\t\t\t\t<a href=\"https:\/\/drsuleymanozer.com\/tr\/meme-estetigi\/\" class=\"w-grid-item-anchor\" aria-label=\"Meme Esteti\u011fi\"><\/a>\r\n\t\t\t\t\t\t<div class=\"w-vwrapper usg_vwrapper_1 align_none valign_top\" style=\"--vwrapper-gap:0.5rem\"><h2 class=\"w-post-elm post_title usg_post_title_1 entry-title color_link_inherit\">Meme Esteti\u011fi<\/h2><\/div>\t\t<\/div>\r\n\t\t\t<\/article>\r\n\t<article class=\"w-grid-item size_1x1 post-4453 page type-page status-publish hentry\" data-id=\"4453\">\r\n\t\t<div class=\"w-grid-item-h\">\r\n\t\t\t\t\t\t\t<a href=\"https:\/\/drsuleymanozer.com\/tr\/kariyer\/\" class=\"w-grid-item-anchor\" aria-label=\"Kariyer\"><\/a>\r\n\t\t\t\t\t\t<div class=\"w-vwrapper usg_vwrapper_1 align_none valign_top\" style=\"--vwrapper-gap:0.5rem\"><h2 class=\"w-post-elm post_title usg_post_title_1 entry-title color_link_inherit\">Kariyer<\/h2><\/div>\t\t<\/div>\r\n\t\t\t<\/article>\r\n\t<article class=\"w-grid-item size_1x1 post-4446 page type-page status-publish hentry\" data-id=\"4446\">\r\n\t\t<div class=\"w-grid-item-h\">\r\n\t\t\t\t\t\t\t<a href=\"https:\/\/drsuleymanozer.com\/tr\/medya-kiti\/\" class=\"w-grid-item-anchor\" aria-label=\"Medya Kiti\"><\/a>\r\n\t\t\t\t\t\t<div class=\"w-vwrapper usg_vwrapper_1 align_none valign_top\" style=\"--vwrapper-gap:0.5rem\"><h2 class=\"w-post-elm post_title usg_post_title_1 entry-title color_link_inherit\">Medya Kiti<\/h2><\/div>\t\t<\/div>\r\n\t\t\t<\/article>\r\n<\/div><div class=\"g-loadmore hidden\"><div class=\"g-preloader type_1\"><div><\/div><\/div><\/div><div class=\"w-grid-list-json hidden\" onclick='return {&quot;max_num_pages&quot;:0,&quot;paginationBase&quot;:&quot;page&quot;,&quot;pagination&quot;:&quot;none&quot;,&quot;paged&quot;:1,&quot;ajaxData&quot;:{&quot;action&quot;:&quot;us_ajax_post_list&quot;,&quot;meta_type&quot;:&quot;post&quot;,&quot;object_id&quot;:0,&quot;template_vars&quot;:{&quot;shortcode_base&quot;:&quot;us_post_list&quot;,&quot;paged&quot;:1,&quot;max_num_pages&quot;:0,&quot;no_results&quot;:false,&quot;us_post_content_design_css&quot;:[],&quot;found_posts&quot;:0,&quot;items_count&quot;:12,&quot;source&quot;:&quot;child_posts_of_current&quot;,&quot;ids&quot;:&quot;&quot;,&quot;post_type&quot;:&quot;post&quot;,&quot;attachment_ids&quot;:null,&quot;include_post_thumbnail&quot;:0,&quot;post_author&quot;:&quot;any&quot;,&quot;post_author_ids&quot;:&quot;&quot;,&quot;apply_url_params&quot;:0,&quot;exclude_children&quot;:0,&quot;exclude_current_post&quot;:1,&quot;exclude_prev_posts&quot;:0,&quot;enable_items_offset&quot;:0,&quot;items_offset&quot;:&quot;1&quot;,&quot;tax_query_relation&quot;:&quot;none&quot;,&quot;tax_query&quot;:[{&quot;operator&quot;:&quot;IN&quot;,&quot;taxonomy&quot;:&quot;category&quot;,&quot;terms&quot;:&quot;&quot;,&quot;include_children&quot;:0}],&quot;meta_query_relation&quot;:&quot;none&quot;,&quot;meta_query&quot;:[{&quot;key&quot;:&quot;custom_field_name&quot;,&quot;compare&quot;:&quot;=&quot;,&quot;value&quot;:&quot;&quot;}],&quot;orderby&quot;:&quot;date&quot;,&quot;orderby_custom_field&quot;:&quot;&quot;,&quot;orderby_custom_type&quot;:0,&quot;order_invert&quot;:0,&quot;show_all&quot;:0,&quot;quantity&quot;:&quot;12&quot;,&quot;posts_per_archive_page&quot;:0,&quot;no_items_action&quot;:&quot;message&quot;,&quot;no_items_message&quot;:&quot;Herhangi bir sonu\\u00e7 bulunamad\\u0131.&quot;,&quot;no_items_page_block&quot;:&quot;&quot;,&quot;pagination&quot;:&quot;none&quot;,&quot;pagination_style&quot;:&quot;&quot;,&quot;pagination_btn_text&quot;:&quot;Daha fazla&quot;,&quot;pagination_btn_size&quot;:&quot;&quot;,&quot;pagination_btn_style&quot;:&quot;1&quot;,&quot;pagination_btn_fullwidth&quot;:0,&quot;items_layout&quot;:&quot;1522&quot;,&quot;type&quot;:&quot;grid&quot;,&quot;items_valign&quot;:0,&quot;ignore_items_size&quot;:0,&quot;columns&quot;:&quot;1&quot;,&quot;items_gap&quot;:&quot;10px&quot;,&quot;load_animation&quot;:&quot;none&quot;,&quot;items_preload_style&quot;:&quot;spinner&quot;,&quot;img_size&quot;:&quot;default&quot;,&quot;title_size&quot;:&quot;&quot;,&quot;items_ratio&quot;:&quot;default&quot;,&quot;items_ratio_width&quot;:&quot;21&quot;,&quot;items_ratio_height&quot;:&quot;9&quot;,&quot;overriding_link&quot;:&quot;%7B%22type%22%3A%22post%22%7D&quot;,&quot;popup_page_template&quot;:&quot;0&quot;,&quot;popup_width&quot;:&quot;&quot;,&quot;popup_arrows&quot;:1,&quot;breakpoint_1_width&quot;:&quot;1381px&quot;,&quot;breakpoint_1_cols&quot;:&quot;default&quot;,&quot;breakpoint_1_quantity&quot;:&quot;&quot;,&quot;breakpoint_1_gap&quot;:&quot;&quot;,&quot;breakpoint_2_width&quot;:&quot;1025px&quot;,&quot;breakpoint_2_cols&quot;:&quot;2&quot;,&quot;breakpoint_2_quantity&quot;:&quot;&quot;,&quot;breakpoint_2_gap&quot;:&quot;&quot;,&quot;breakpoint_3_width&quot;:&quot;601px&quot;,&quot;breakpoint_3_cols&quot;:&quot;1&quot;,&quot;breakpoint_3_quantity&quot;:&quot;&quot;,&quot;breakpoint_3_gap&quot;:&quot;&quot;,&quot;conditions_operator&quot;:&quot;always&quot;,&quot;conditions&quot;:[],&quot;css&quot;:null,&quot;el_class&quot;:&quot;&quot;,&quot;el_id&quot;:&quot;&quot;,&quot;enable_custom_html_atts&quot;:0,&quot;custom_html_atts&quot;:null,&quot;hide_on_states&quot;:&quot;&quot;,&quot;hide_for_sticky&quot;:0,&quot;hide_for_not_sticky&quot;:0,&quot;hide_below&quot;:&quot;0px&quot;,&quot;hide_above&quot;:&quot;0px&quot;,&quot;classes&quot;:&quot;&quot;}},&quot;facetedFilter&quot;:[]}'><\/div><\/div><\/div><\/div><\/div><\/div><\/section>\n","protected":false},"excerpt":{"rendered":"Marka Varl\u0131klar\u0131 ve Bas\u0131n Materyalleri Medya yay\u0131nlar\u0131 ve kurumsal ileti\u015fim ihtiya\u00e7lar\u0131 i\u00e7in haz\u0131rlanm\u0131\u015f; logo dosyalar\u0131, onayl\u0131 g\u00f6rseller ve marka k\u0131lavuzuna buradan ula\u015fabilirsiniz. Koyu Logo PNG\u0130ndirBeyaz Logo PNG\u0130ndirAlt\u0131n Logo PNG\u0130ndirKoyu Logo SVG\u0130ndirBeyaz Logo SVG\u0130ndirAlt\u0131n Logo SVG\u0130ndir","protected":false},"author":1,"featured_media":0,"parent":0,"menu_order":0,"comment_status":"closed","ping_status":"closed","template":"","meta":{"footnotes":""},"class_list":["post-4453","page","type-page","status-publish","hentry"],"_links":{"self":[{"href":"https:\/\/drsuleymanozer.com\/tr\/wp-json\/wp\/v2\/pages\/4453","targetHints":{"allow":["GET"]}}],"collection":[{"href":"https:\/\/drsuleymanozer.com\/tr\/wp-json\/wp\/v2\/pages"}],"about":[{"href":"https:\/\/drsuleymanozer.com\/tr\/wp-json\/wp\/v2\/types\/page"}],"author":[{"embeddable":true,"href":"https:\/\/drsuleymanozer.com\/tr\/wp-json\/wp\/v2\/users\/1"}],"replies":[{"embeddable":true,"href":"https:\/\/drsuleymanozer.com\/tr\/wp-json\/wp\/v2\/comments?post=4453"}],"version-history":[{"count":3,"href":"https:\/\/drsuleymanozer.com\/tr\/wp-json\/wp\/v2\/pages\/4453\/revisions"}],"predecessor-version":[{"id":7827,"href":"https:\/\/drsuleymanozer.com\/tr\/wp-json\/wp\/v2\/pages\/4453\/revisions\/7827"}],"wp:attachment":[{"href":"https:\/\/drsuleymanozer.com\/tr\/wp-json\/wp\/v2\/media?parent=4453"}],"curies":[{"name":"wp","href":"https:\/\/api.w.org\/{rel}","templated":true}]}}