{"id":4455,"date":"2025-09-24T14:09:09","date_gmt":"2025-09-24T11:09:09","guid":{"rendered":"https:\/\/drsuleymanozer.com\/operasyonlar\/"},"modified":"2025-12-30T15:57:59","modified_gmt":"2025-12-30T12:57:59","slug":"operasyonlar","status":"publish","type":"page","link":"https:\/\/drsuleymanozer.com\/tr\/operasyonlar\/","title":{"rendered":"Operasyonlar"},"content":{"rendered":"<section class=\"l-section wpb_row us_custom_e8723c1f has_text_color height_large\"><div class=\"l-section-h i-cf\"><div class=\"g-cols vc_row via_grid cols_1 laptops-cols_inherit tablets-cols_inherit mobiles-cols_1 valign_top type_default stacking_default\"><div class=\"wpb_column vc_column_container\"><div class=\"vc_column-inner\"><div class=\"wpb_text_column\"><div class=\"wpb_wrapper\"><h1 style=\"text-align: center;\">Cerrahi Uygulamalar<\/h1>\n<p style=\"text-align: center;\">Dr. S\u00fcleyman \u00d6zer Klini\u011fi\u2019nde y\u00fcz esteti\u011fi, burun esteti\u011fi, meme esteti\u011fi ve v\u00fccut \u015fekillendirme ba\u015fta olmak \u00fczere geni\u015f bir cerrahi uygulama yelpazesi sunuyoruz. Her s\u00fcre\u00e7; detayl\u0131 de\u011ferlendirme, ki\u015fiye \u00f6zel planlama ve g\u00fcvenli cerrahi standartlar\u0131yla y\u00fcr\u00fct\u00fcl\u00fcr.\n<\/p>\n<p style=\"text-align: center;\">Hedefimiz; anatomik uyuma ve do\u011fal g\u00f6r\u00fcn\u00fcme odaklanarak, beklentilerinize uygun sonu\u00e7lar elde etmektir. Uygun i\u015flemi ve yakla\u015f\u0131m\u0131 birlikte belirlemek i\u00e7in bizimle ileti\u015fime ge\u00e7ebilirsiniz.<\/p>\n<\/div><\/div><div class=\"w-separator size_medium\"><\/div><nav class=\"g-breadcrumbs us_custom_6df4bc3a has_text_color separator_icon align_center\" itemscope itemtype=\"http:\/\/schema.org\/BreadcrumbList\"><div class=\"g-breadcrumbs-item\" itemscope itemprop=\"itemListElement\" itemtype=\"http:\/\/schema.org\/ListItem\"><a itemprop=\"item\" href=\"https:\/\/drsuleymanozer.com\/tr\/\"><span itemprop=\"name\">Anasayfa<\/span><\/a><meta itemprop=\"position\" content=\"1\"\/><\/div><div class=\"g-breadcrumbs-separator\"><i class=\"far fa-angle-right\"><\/i><\/div><div class=\"g-breadcrumbs-item\">Sayfalar<\/div><\/nav><\/div><\/div><\/div><\/div><\/section><section class=\"l-section wpb_row us_custom_44b472e0 height_large\"><div class=\"l-section-h i-cf\"><div class=\"g-cols vc_row via_grid cols_1 laptops-cols_inherit tablets-cols_inherit mobiles-cols_1 valign_top type_default stacking_default\"><div class=\"wpb_column vc_column_container\"><div class=\"vc_column-inner\"><div class=\"w-grid us_post_list type_grid layout_316 cols_4 preload_style_spinner ratio_3x4\" id=\"us_post_list_q0b5\" style=\"--columns:4;--gap:10px;--item-ratio:1.33333;\"><style>@media (max-width:1024px){#us_post_list_q0b5{--columns:2!important}}@media (max-width:600px){#us_post_list_q0b5{--columns:2!important}}.layout_316 .w-grid-item-h{border-radius:1rem;box-shadow:0 0rem 0rem rgba(0,0,0,0.1),0 0rem 0rem rgba(0,0,0,0.1);transition-duration:0.3s}.no-touch .layout_316 .w-grid-item-h:hover{box-shadow:0 0.12rem 0.24rem rgba(0,0,0,0.1),0 0.4rem 1.2rem rgba(0,0,0,0.15);z-index:4}.layout_316 .usg_post_image_1{position:absolute!important}.layout_316 .usg_vwrapper_1{position:absolute!important;left:0!important;bottom:0!important;right:0!important;padding:15% 7% 15% 7%!important}.layout_316 .usg_post_title_1{color:#fff!important;text-align:center!important;font-size:1.4rem!important;font-weight:700!important}@media (min-width:1025px) and (max-width:1380px){.layout_316 .usg_post_title_1{color:#fff!important;text-align:center!important;font-size:1.4rem!important;font-weight:700!important}}@media (min-width:601px) and (max-width:1024px){.layout_316 .usg_post_title_1{color:#fff!important;text-align:center!important;font-size:1rem!important;font-weight:700!important}}@media (max-width:600px){.layout_316 .usg_post_title_1{color:#fff!important;text-align:center!important;font-size:1rem!important;font-weight:700!important}}<\/style><div class=\"w-grid-list\">\t<article class=\"w-grid-item size_1x1 post-4779 page type-page status-publish has-post-thumbnail hentry\" data-id=\"4779\">\r\n\t\t<div class=\"w-grid-item-h\">\r\n\t\t\t\t\t\t\t<a href=\"https:\/\/drsuleymanozer.com\/tr\/yuz-estetigi\/\" class=\"w-grid-item-anchor\" aria-label=\"Y\u00fcz Esteti\u011fi\"><\/a>\r\n\t\t\t\t\t\t<div class=\"w-post-elm post_image usg_post_image_1 has_ratio\"><img loading=\"lazy\" decoding=\"async\" width=\"400\" height=\"533\" src=\"https:\/\/drsuleymanozer.com\/wp-content\/uploads\/2025\/11\/Face-Aesthetic.jpg\" class=\"attachment-full size-full wp-post-image\" alt=\"\" title=\"\"><div style=\"padding-bottom:133.3333%\"><\/div><\/div><div class=\"w-vwrapper usg_vwrapper_1 align_none valign_top\"><h2 class=\"w-post-elm post_title usg_post_title_1 has_text_color entry-title color_link_inherit\">Y\u00fcz Esteti\u011fi<\/h2><\/div>\t\t<\/div>\r\n\t\t\t<\/article>\r\n\t<article class=\"w-grid-item size_1x1 post-4773 page type-page status-publish has-post-thumbnail hentry\" data-id=\"4773\">\r\n\t\t<div class=\"w-grid-item-h\">\r\n\t\t\t\t\t\t\t<a href=\"https:\/\/drsuleymanozer.com\/tr\/vucut-estetigi\/\" class=\"w-grid-item-anchor\" aria-label=\"V\u00fccut Esteti\u011fi\"><\/a>\r\n\t\t\t\t\t\t<div class=\"w-post-elm post_image usg_post_image_1 has_ratio\"><img loading=\"lazy\" decoding=\"async\" width=\"400\" height=\"533\" src=\"https:\/\/drsuleymanozer.com\/wp-content\/uploads\/2025\/11\/Body-Aesthetic.jpg\" class=\"attachment-full size-full wp-post-image\" alt=\"\" title=\"\"><div style=\"padding-bottom:133.3333%\"><\/div><\/div><div class=\"w-vwrapper usg_vwrapper_1 align_none valign_top\"><h2 class=\"w-post-elm post_title usg_post_title_1 has_text_color entry-title color_link_inherit\">V\u00fccut Esteti\u011fi<\/h2><\/div>\t\t<\/div>\r\n\t\t\t<\/article>\r\n\t<article class=\"w-grid-item size_1x1 post-4768 page type-page status-publish has-post-thumbnail hentry\" data-id=\"4768\">\r\n\t\t<div class=\"w-grid-item-h\">\r\n\t\t\t\t\t\t\t<a href=\"https:\/\/drsuleymanozer.com\/tr\/meme-estetigi\/\" class=\"w-grid-item-anchor\" aria-label=\"Meme Esteti\u011fi\"><\/a>\r\n\t\t\t\t\t\t<div class=\"w-post-elm post_image usg_post_image_1 has_ratio\"><img loading=\"lazy\" decoding=\"async\" width=\"400\" height=\"533\" src=\"https:\/\/drsuleymanozer.com\/wp-content\/uploads\/2025\/11\/Breast-Aesthetic.jpg\" class=\"attachment-full size-full wp-post-image\" alt=\"\" title=\"\"><div style=\"padding-bottom:133.3333%\"><\/div><\/div><div class=\"w-vwrapper usg_vwrapper_1 align_none valign_top\"><h2 class=\"w-post-elm post_title usg_post_title_1 has_text_color entry-title color_link_inherit\">Meme Esteti\u011fi<\/h2><\/div>\t\t<\/div>\r\n\t\t\t<\/article>\r\n\t<article class=\"w-grid-item size_1x1 post-4356 page type-page status-publish has-post-thumbnail hentry\" data-id=\"4356\">\r\n\t\t<div class=\"w-grid-item-h\">\r\n\t\t\t\t\t\t\t<a href=\"https:\/\/drsuleymanozer.com\/tr\/rinoplasti-ameliyati\/\" class=\"w-grid-item-anchor\" aria-label=\"Rinoplasti Ameliyat\u0131\"><\/a>\r\n\t\t\t\t\t\t<div class=\"w-post-elm post_image usg_post_image_1 has_ratio\"><img loading=\"lazy\" decoding=\"async\" width=\"400\" height=\"533\" src=\"https:\/\/drsuleymanozer.com\/wp-content\/uploads\/2025\/11\/Rhinoplasty-Surgery.jpg\" class=\"attachment-full size-full wp-post-image\" alt=\"\" title=\"\"><div style=\"padding-bottom:133.3333%\"><\/div><\/div><div class=\"w-vwrapper usg_vwrapper_1 align_none valign_top\"><h2 class=\"w-post-elm post_title usg_post_title_1 has_text_color entry-title color_link_inherit\">Rinoplasti Ameliyat\u0131<\/h2><\/div>\t\t<\/div>\r\n\t\t\t<\/article>\r\n<\/div><div class=\"g-loadmore hidden\"><div class=\"g-preloader type_1\"><div><\/div><\/div><\/div><div class=\"w-grid-list-json hidden\" onclick='return {&quot;max_num_pages&quot;:0,&quot;paginationBase&quot;:&quot;page&quot;,&quot;pagination&quot;:&quot;none&quot;,&quot;paged&quot;:1,&quot;ajaxData&quot;:{&quot;action&quot;:&quot;us_ajax_post_list&quot;,&quot;meta_type&quot;:&quot;post&quot;,&quot;object_id&quot;:0,&quot;template_vars&quot;:{&quot;shortcode_base&quot;:&quot;us_post_list&quot;,&quot;paged&quot;:1,&quot;max_num_pages&quot;:0,&quot;no_results&quot;:false,&quot;us_post_content_design_css&quot;:[],&quot;found_posts&quot;:0,&quot;items_count&quot;:4,&quot;source&quot;:&quot;post__in&quot;,&quot;ids&quot;:&quot;972,3064,1097,1095&quot;,&quot;post_type&quot;:&quot;page&quot;,&quot;attachment_ids&quot;:null,&quot;include_post_thumbnail&quot;:0,&quot;post_author&quot;:&quot;any&quot;,&quot;post_author_ids&quot;:&quot;&quot;,&quot;apply_url_params&quot;:0,&quot;exclude_children&quot;:0,&quot;exclude_current_post&quot;:1,&quot;exclude_prev_posts&quot;:0,&quot;enable_items_offset&quot;:0,&quot;items_offset&quot;:&quot;1&quot;,&quot;tax_query_relation&quot;:&quot;none&quot;,&quot;tax_query&quot;:[{&quot;operator&quot;:&quot;IN&quot;,&quot;taxonomy&quot;:&quot;category&quot;,&quot;terms&quot;:&quot;&quot;,&quot;include_children&quot;:0}],&quot;meta_query_relation&quot;:&quot;none&quot;,&quot;meta_query&quot;:[{&quot;key&quot;:&quot;custom_field_name&quot;,&quot;compare&quot;:&quot;=&quot;,&quot;value&quot;:&quot;&quot;}],&quot;orderby&quot;:&quot;date&quot;,&quot;orderby_custom_field&quot;:&quot;&quot;,&quot;orderby_custom_type&quot;:0,&quot;order_invert&quot;:0,&quot;show_all&quot;:0,&quot;quantity&quot;:&quot;12&quot;,&quot;posts_per_archive_page&quot;:0,&quot;no_items_action&quot;:&quot;message&quot;,&quot;no_items_message&quot;:&quot;Herhangi bir sonu\\u00e7 bulunamad\\u0131.&quot;,&quot;no_items_page_block&quot;:&quot;&quot;,&quot;pagination&quot;:&quot;none&quot;,&quot;pagination_style&quot;:&quot;&quot;,&quot;pagination_btn_text&quot;:&quot;Daha fazla&quot;,&quot;pagination_btn_size&quot;:&quot;&quot;,&quot;pagination_btn_style&quot;:&quot;1&quot;,&quot;pagination_btn_fullwidth&quot;:0,&quot;items_layout&quot;:&quot;316&quot;,&quot;type&quot;:&quot;grid&quot;,&quot;items_valign&quot;:0,&quot;ignore_items_size&quot;:0,&quot;columns&quot;:&quot;4&quot;,&quot;items_gap&quot;:&quot;10px&quot;,&quot;load_animation&quot;:&quot;none&quot;,&quot;items_preload_style&quot;:&quot;spinner&quot;,&quot;img_size&quot;:&quot;default&quot;,&quot;title_size&quot;:&quot;&quot;,&quot;items_ratio&quot;:&quot;default&quot;,&quot;items_ratio_width&quot;:&quot;21&quot;,&quot;items_ratio_height&quot;:&quot;9&quot;,&quot;overriding_link&quot;:&quot;%7B%22type%22%3A%22post%22%7D&quot;,&quot;popup_page_template&quot;:&quot;0&quot;,&quot;popup_width&quot;:&quot;&quot;,&quot;popup_arrows&quot;:1,&quot;breakpoint_1_width&quot;:&quot;1381px&quot;,&quot;breakpoint_1_cols&quot;:&quot;default&quot;,&quot;breakpoint_1_quantity&quot;:&quot;&quot;,&quot;breakpoint_1_gap&quot;:&quot;&quot;,&quot;breakpoint_2_width&quot;:&quot;1025px&quot;,&quot;breakpoint_2_cols&quot;:&quot;2&quot;,&quot;breakpoint_2_quantity&quot;:&quot;&quot;,&quot;breakpoint_2_gap&quot;:&quot;&quot;,&quot;breakpoint_3_width&quot;:&quot;601px&quot;,&quot;breakpoint_3_cols&quot;:&quot;2&quot;,&quot;breakpoint_3_quantity&quot;:&quot;&quot;,&quot;breakpoint_3_gap&quot;:&quot;&quot;,&quot;conditions_operator&quot;:&quot;always&quot;,&quot;conditions&quot;:[],&quot;css&quot;:null,&quot;el_class&quot;:&quot;&quot;,&quot;el_id&quot;:&quot;&quot;,&quot;enable_custom_html_atts&quot;:0,&quot;custom_html_atts&quot;:null,&quot;hide_on_states&quot;:&quot;&quot;,&quot;hide_for_sticky&quot;:0,&quot;hide_for_not_sticky&quot;:0,&quot;hide_below&quot;:&quot;0px&quot;,&quot;hide_above&quot;:&quot;0px&quot;,&quot;classes&quot;:&quot;&quot;}},&quot;facetedFilter&quot;:[]}'><\/div><\/div><\/div><\/div><\/div><\/div><\/section>\n","protected":false},"excerpt":{"rendered":"Rinoplasti Ameliyat\u0131 Rinoplasti prosed\u00fcrlerimizle zaman\u0131 geri al\u0131n ve do\u011fal g\u00fczelli\u011finizi art\u0131r\u0131n. \u0130ster \u015fekli d\u00fczeltmek, ister asimetriyi d\u00fczeltmek, nefes almay\u0131 iyile\u015ftirmek veya \u00f6nceki cerrahi sonu\u00e7lar\u0131 ele almak isteyin, T\u00fcrkiye&#8217;deki uzman cerrahlar\u0131m\u0131z do\u011fal, uyumlu ve estetik a\u00e7\u0131dan ho\u015f bir burun elde etmek i\u00e7in ki\u015fiselle\u015ftirilmi\u015f \u00e7\u00f6z\u00fcmler sunar. AnasayfaSayfalar Dr. S\u00fcleyman \u00d6zer Operasyonlar Blog \u0130leti\u015fim Hakk\u0131m\u0131zda Ekibimiz Arama Y\u00fcz...","protected":false},"author":1,"featured_media":0,"parent":0,"menu_order":0,"comment_status":"closed","ping_status":"closed","template":"","meta":{"footnotes":""},"class_list":["post-4455","page","type-page","status-publish","hentry"],"_links":{"self":[{"href":"https:\/\/drsuleymanozer.com\/tr\/wp-json\/wp\/v2\/pages\/4455","targetHints":{"allow":["GET"]}}],"collection":[{"href":"https:\/\/drsuleymanozer.com\/tr\/wp-json\/wp\/v2\/pages"}],"about":[{"href":"https:\/\/drsuleymanozer.com\/tr\/wp-json\/wp\/v2\/types\/page"}],"author":[{"embeddable":true,"href":"https:\/\/drsuleymanozer.com\/tr\/wp-json\/wp\/v2\/users\/1"}],"replies":[{"embeddable":true,"href":"https:\/\/drsuleymanozer.com\/tr\/wp-json\/wp\/v2\/comments?post=4455"}],"version-history":[{"count":5,"href":"https:\/\/drsuleymanozer.com\/tr\/wp-json\/wp\/v2\/pages\/4455\/revisions"}],"predecessor-version":[{"id":7837,"href":"https:\/\/drsuleymanozer.com\/tr\/wp-json\/wp\/v2\/pages\/4455\/revisions\/7837"}],"wp:attachment":[{"href":"https:\/\/drsuleymanozer.com\/tr\/wp-json\/wp\/v2\/media?parent=4455"}],"curies":[{"name":"wp","href":"https:\/\/api.w.org\/{rel}","templated":true}]}}