{"id":4501,"date":"2025-09-29T21:12:00","date_gmt":"2025-09-29T18:12:00","guid":{"rendered":"https:\/\/drsuleymanozer.com\/hakkinda\/"},"modified":"2026-01-02T10:50:22","modified_gmt":"2026-01-02T07:50:22","slug":"hakkimizda","status":"publish","type":"page","link":"https:\/\/drsuleymanozer.com\/tr\/hakkimizda\/","title":{"rendered":"Hakk\u0131m\u0131zda"},"content":{"rendered":"<section class=\"l-section wpb_row height_large\"><div class=\"l-section-h i-cf\"><div class=\"g-cols vc_row via_grid cols_1 laptops-cols_inherit tablets-cols_inherit mobiles-cols_1 valign_top type_default stacking_default\"><div class=\"wpb_column vc_column_container\"><div class=\"vc_column-inner\"><div class=\"g-cols wpb_row us_custom_de69c693 via_grid cols_2 laptops-cols_inherit tablets-cols_inherit mobiles-cols_1 valign_middle type_default reversed stacking_default\" style=\"--columns-gap:3rem;\"><div class=\"wpb_column vc_column_container\"><div class=\"vc_column-inner\"><div class=\"wpb_text_column us_custom_a5c88937\"><div class=\"wpb_wrapper\"><p><strong>Dr. S\u00fcleyman \u00d6zer<\/strong>, t\u0131p e\u011fitimini \u0130stanbul \u00dcniversitesi \u0130stanbul T\u0131p Fak\u00fcltesi\u2019nde tamamlayarak T\u0131p Doktoru unvan\u0131n\u0131 alm\u0131\u015ft\u0131r. Mezuniyetinin ard\u0131ndan, estetik t\u0131p ve plastik cerrahi alan\u0131ndaki bilgisini ulusal ve uluslararas\u0131 e\u011fitimlerle s\u00fcrekli geli\u015ftirmi\u015ftir.<\/p>\n<p>Modern teknolojileri, g\u00fcncel cerrahi yakla\u015f\u0131mlar\u0131 ve g\u00fc\u00e7l\u00fc klinik deneyimini bir araya getirerek; her hastan\u0131n ihtiya\u00e7 ve beklentilerine uygun, ki\u015fiselle\u015ftirilmi\u015f tedavi planlar\u0131 olu\u015fturur. Dr. \u00d6zer\u2019in yakla\u015f\u0131m\u0131nda hedef; g\u00fcvenli bir s\u00fcre\u00e7 y\u00f6netimiyle do\u011fal, dengeli ve y\u00fcz\/v\u00fccut anatomisiyle uyumlu sonu\u00e7lar elde etmektir.<\/p>\n<p>Bug\u00fcn Dr. S\u00fcleyman \u00d6zer, hasta memnuniyetini merkeze alan hizmet anlay\u0131\u015f\u0131yla; kalite standartlar\u0131n\u0131 ve s\u00fcrekli geli\u015fimi \u00f6nceliklendirerek estetik \u00e7\u00f6z\u00fcmler sunmaya devam etmektedir.<\/p>\n<\/div><\/div><\/div><\/div><div class=\"wpb_column vc_column_container\"><div class=\"vc_column-inner\"><div class=\"w-slider style_none fit_cover nav_none has_ratio count_3\" style=\"--aspect-ratio: 1\/1;\"><div class=\"w-slider-h\"><div class=\"royalSlider\"><div class=\"rsContent\"><a class=\"rsImg\" data-rsw=\"2560\" data-rsh=\"1707\" data-rsBigImg=\"https:\/\/drsuleymanozer.com\/wp-content\/uploads\/2025\/11\/Dr-Suleyman-Ozer-scaled.jpg\" href=\"https:\/\/drsuleymanozer.com\/wp-content\/uploads\/2025\/11\/Dr-Suleyman-Ozer-scaled.jpg\"><span data-alt=\"\"><\/span><\/a><\/div><div class=\"rsContent\"><a class=\"rsImg\" data-rsw=\"1705\" data-rsh=\"1730\" data-rsBigImg=\"https:\/\/drsuleymanozer.com\/wp-content\/uploads\/2025\/11\/Dr-Suleyman-Ozer-2-scaled-e1763377753983.webp\" href=\"https:\/\/drsuleymanozer.com\/wp-content\/uploads\/2025\/11\/Dr-Suleyman-Ozer-2-scaled-e1763377753983.webp\"><span data-alt=\"\"><\/span><\/a><\/div><div class=\"rsContent\"><a class=\"rsImg\" data-rsw=\"1550\" data-rsh=\"1813\" data-rsBigImg=\"https:\/\/drsuleymanozer.com\/wp-content\/uploads\/2025\/11\/Dr-Suleyman-Ozer-1-scaled-e1763376546145.webp\" href=\"https:\/\/drsuleymanozer.com\/wp-content\/uploads\/2025\/11\/Dr-Suleyman-Ozer-1-scaled-e1763376546145.webp\"><span data-alt=\"\"><\/span><\/a><\/div><\/div><img decoding=\"async\" src=\"https:\/\/drsuleymanozer.com\/wp-content\/uploads\/2025\/11\/Dr-Suleyman-Ozer-scaled.jpg\" width=\"2560\" height=\"1707\" loading=\"lazy\" alt=\"\" title=\"\"><\/div><div class=\"w-slider-json\" onclick='return {&quot;autoScaleSlider&quot;:false,&quot;addActiveClass&quot;:true,&quot;loop&quot;:true,&quot;fadeInLoadedSlide&quot;:false,&quot;slidesSpacing&quot;:0,&quot;imageScalePadding&quot;:0,&quot;numImagesToPreload&quot;:2,&quot;arrowsNav&quot;:true,&quot;arrowsNavAutoHide&quot;:false,&quot;transitionType&quot;:&quot;move&quot;,&quot;transitionSpeed&quot;:250,&quot;block&quot;:{&quot;moveEffect&quot;:&quot;none&quot;,&quot;speed&quot;:300},&quot;thumbs&quot;:{&quot;fitInViewport&quot;:false,&quot;firstMargin&quot;:false,&quot;spacing&quot;:4},&quot;controlNavigation&quot;:&quot;none&quot;,&quot;fullscreen&quot;:{&quot;enabled&quot;:true}}'><\/div><\/div><\/div><\/div><\/div><\/div><\/div><\/div><\/div><\/section><section class=\"l-section wpb_row us_custom_ab7619de height_large\"><div class=\"l-section-h i-cf\"><div class=\"g-cols vc_row via_grid cols_1 laptops-cols_inherit tablets-cols_inherit mobiles-cols_1 valign_top type_default stacking_default\"><div class=\"wpb_column vc_column_container\"><div class=\"vc_column-inner\"><div class=\"g-cols wpb_row us_custom_eb849559 via_grid cols_1 laptops-cols_inherit tablets-cols_inherit mobiles-cols_1 valign_top type_default stacking_default\" style=\"--columns-gap:3rem;\"><div class=\"wpb_column vc_column_container\"><div class=\"vc_column-inner\"><div class=\"w-tabs layout_hor style_timeline switch_hover has_scrolling\" style=\"--sections-title-size:18px\"><div class=\"w-tabs-list items_8 align_center\"><div class=\"w-tabs-list-h\"><button class=\"w-tabs-item active\" aria-controls=\"content-md00\" aria-expanded=\"false\"><span class=\"w-tabs-item-title\">1994<\/span><\/button><button class=\"w-tabs-item\" aria-controls=\"content-ee53\" aria-expanded=\"false\"><span class=\"w-tabs-item-title\">2005<\/span><\/button><button class=\"w-tabs-item\" aria-controls=\"content-nf96\" aria-expanded=\"false\"><span class=\"w-tabs-item-title\">2011<\/span><\/button><button class=\"w-tabs-item\" aria-controls=\"content-r105\" aria-expanded=\"false\"><span class=\"w-tabs-item-title\">2012<\/span><\/button><button class=\"w-tabs-item\" aria-controls=\"content-b240\" aria-expanded=\"false\"><span class=\"w-tabs-item-title\">2013<\/span><\/button><button class=\"w-tabs-item\" aria-controls=\"content-e379\" aria-expanded=\"false\"><span class=\"w-tabs-item-title\">2014<\/span><\/button><button class=\"w-tabs-item\" aria-controls=\"content-y4ca\" aria-expanded=\"false\"><span class=\"w-tabs-item-title\">2020<\/span><\/button><button class=\"w-tabs-item\" aria-controls=\"content-p5fc\" aria-expanded=\"false\"><span class=\"w-tabs-item-title\">2021<\/span><\/button><\/div><\/div><div class=\"w-tabs-sections titles-align_none icon_chevron cpos_right\"><div class=\"w-tabs-section active\" id=\"md00\"><button class=\"w-tabs-section-header active\" aria-controls=\"content-md00\" aria-expanded=\"true\"><div class=\"w-tabs-section-title\">1994<\/div><div class=\"w-tabs-section-control\"><\/div><\/button><div  class=\"w-tabs-section-content\" id=\"content-md00\"><div class=\"w-tabs-section-content-h i-cf\"><div class=\"wpb_text_column\"><div class=\"wpb_wrapper\"><p>1994 &#8211; 2005 &#8211; \u0130lkokul, Ortaokul, Lise E\u011fitimi -\u015eanl\u0131urfa<\/p>\n<\/div><\/div><\/div><\/div><\/div><div class=\"w-tabs-section\" id=\"ee53\"><button class=\"w-tabs-section-header\" aria-controls=\"content-ee53\" aria-expanded=\"false\"><div class=\"w-tabs-section-title\">2005<\/div><div class=\"w-tabs-section-control\"><\/div><\/button><div  class=\"w-tabs-section-content\" id=\"content-ee53\"><div class=\"w-tabs-section-content-h i-cf\"><div class=\"wpb_text_column\"><div class=\"wpb_wrapper\"><p>2005 &#8211; 2011 &#8211; \u0130stanbul \u00dcniversitesi \u0130stanbul T\u0131p Fak\u00fcltesi &#8211; \u0130stanbul<\/p>\n<\/div><\/div><\/div><\/div><\/div><div class=\"w-tabs-section\" id=\"nf96\"><button class=\"w-tabs-section-header\" aria-controls=\"content-nf96\" aria-expanded=\"false\"><div class=\"w-tabs-section-title\">2011<\/div><div class=\"w-tabs-section-control\"><\/div><\/button><div  class=\"w-tabs-section-content\" id=\"content-nf96\"><div class=\"w-tabs-section-content-h i-cf\"><div class=\"wpb_text_column\"><div class=\"wpb_wrapper\"><p>2011 &#8211; Nusaybin Toplum Sa\u011fl\u0131\u011f\u0131 Merkezi<\/p>\n<\/div><\/div><\/div><\/div><\/div><div class=\"w-tabs-section\" id=\"r105\"><button class=\"w-tabs-section-header\" aria-controls=\"content-r105\" aria-expanded=\"false\"><div class=\"w-tabs-section-title\">2012<\/div><div class=\"w-tabs-section-control\"><\/div><\/button><div  class=\"w-tabs-section-content\" id=\"content-r105\"><div class=\"w-tabs-section-content-h i-cf\"><div class=\"wpb_text_column\"><div class=\"wpb_wrapper\"><p>2012 &#8211; Nusaybin Devlet Hastanesi acil hekimi, Nusaybin Devlet Hastanesi evde bak\u0131m merkezleri sorumlu hekimi &#8211; Mardin<\/p>\n<\/div><\/div><\/div><\/div><\/div><div class=\"w-tabs-section\" id=\"b240\"><button class=\"w-tabs-section-header\" aria-controls=\"content-b240\" aria-expanded=\"false\"><div class=\"w-tabs-section-title\">2013<\/div><div class=\"w-tabs-section-control\"><\/div><\/button><div  class=\"w-tabs-section-content\" id=\"content-b240\"><div class=\"w-tabs-section-content-h i-cf\"><div class=\"wpb_text_column\"><div class=\"wpb_wrapper\"><p>2013 &#8211; Gaziantep \u00dcniversitesi T\u0131p Fak\u00fcltesi Halk Sa\u011fl\u0131\u011f\u0131 Anabilim Dal\u0131 Ar\u015f. Bkz. Dr.<\/p>\n<\/div><\/div><\/div><\/div><\/div><div class=\"w-tabs-section\" id=\"e379\"><button class=\"w-tabs-section-header\" aria-controls=\"content-e379\" aria-expanded=\"false\"><div class=\"w-tabs-section-title\">2014<\/div><div class=\"w-tabs-section-control\"><\/div><\/button><div  class=\"w-tabs-section-content\" id=\"content-e379\"><div class=\"w-tabs-section-content-h i-cf\"><div class=\"wpb_text_column\"><div class=\"wpb_wrapper\"><p>2014 &#8211; 2019 &#8211; T\u0131pta Uzmanl\u0131k E\u011fitimi; Ufuk \u00dcniversitesi T\u0131p Fak\u00fcltesi, Plastik Rekonstr\u00fcktif ve Estetik Cerrahi Anabilim Dal\u0131, Ar\u015f. Bak. Dr. Ankara<\/p>\n<\/div><\/div><\/div><\/div><\/div><div class=\"w-tabs-section\" id=\"y4ca\"><button class=\"w-tabs-section-header\" aria-controls=\"content-y4ca\" aria-expanded=\"false\"><div class=\"w-tabs-section-title\">2020<\/div><div class=\"w-tabs-section-control\"><\/div><\/button><div  class=\"w-tabs-section-content\" id=\"content-y4ca\"><div class=\"w-tabs-section-content-h i-cf\"><div class=\"wpb_text_column\"><div class=\"wpb_wrapper\"><p>2020 &#8211; Ba\u015fak\u015fehir \u00c7am ve Sakura Hastanesi Plastik,<br \/>\nRekonstr\u00fcktif ve Estetik Cerrahi Uzman\u0131<\/p>\n<\/div><\/div><\/div><\/div><\/div><div class=\"w-tabs-section\" id=\"p5fc\"><button class=\"w-tabs-section-header\" aria-controls=\"content-p5fc\" aria-expanded=\"false\"><div class=\"w-tabs-section-title\">2021<\/div><div class=\"w-tabs-section-control\"><\/div><\/button><div  class=\"w-tabs-section-content\" id=\"content-p5fc\"><div class=\"w-tabs-section-content-h i-cf\"><div class=\"wpb_text_column\"><div class=\"wpb_wrapper\"><p>Okullar \/ E\u011fitimler: 2021 &#8211; \u00d6zel Klinik<\/p>\n<\/div><\/div><\/div><\/div><\/div><\/div><\/div><\/div><\/div><\/div><\/div><\/div><\/div><\/div><\/section><section class=\"l-section wpb_row height_large\"><div class=\"l-section-h i-cf\"><div class=\"g-cols vc_row via_grid cols_1 laptops-cols_inherit tablets-cols_inherit mobiles-cols_1 valign_top type_default stacking_default\"><div class=\"wpb_column vc_column_container\"><div class=\"vc_column-inner\"><div class=\"g-cols wpb_row us_custom_de69c693 via_grid cols_2 laptops-cols_inherit tablets-cols_inherit mobiles-cols_1 valign_middle type_default stacking_default\" style=\"--columns-gap:3rem;\"><div class=\"wpb_column vc_column_container\"><div class=\"vc_column-inner\"><div class=\"wpb_text_column\"><div class=\"wpb_wrapper\"><p><strong>Uzmanl\u0131k Alanlar\u0131<\/strong><\/p>\n<p>Dr. \u00d6zer\u2019in uygulama alan\u0131; y\u00fcz gen\u00e7le\u015ftirme, v\u00fccut \u015fekillendirme ve meme cerrahileri ba\u015fta olmak \u00fczere geni\u015f bir yelpazeyi kapsar. G\u00fcncel teknikleri yak\u0131ndan takip ederek, her vaka i\u00e7in en do\u011fru y\u00f6ntemi belirlemeyi hedefler.<\/p>\n<p><strong>Estetik Yakla\u015f\u0131m<\/strong><\/p>\n<p>Estetik bak\u0131\u015f a\u00e7\u0131s\u0131n\u0131 g\u00fc\u00e7l\u00fc bir anatomi bilgisiyle birle\u015ftiren Dr. \u00d6zer, her i\u015flemi ki\u015fiye \u00f6zel bir planlama s\u00fcreci olarak ele al\u0131r. Y\u00fcz hatlar\u0131 ve v\u00fccut konturunda; do\u011fal g\u00f6r\u00fcn\u00fcm, oran ve uyum temel \u00f6nceliklerdir.<\/p>\n<p><strong>Hasta Odakl\u0131 \u0130leti\u015fim<\/strong><\/p>\n<p>Dr. \u00d6zer\u2019in hasta yakla\u015f\u0131m\u0131; a\u00e7\u0131k ileti\u015fim, \u015feffaf bilgilendirme ve g\u00fcven \u00fczerine kuruludur. S\u00fcre\u00e7 boyunca sorular\u0131n\u0131z\u0131 net \u015fekilde yan\u0131tlayarak, karar a\u015famas\u0131ndan iyile\u015fme d\u00f6nemine kadar ihtiya\u00e7 duydu\u011funuz rehberli\u011fi sa\u011flar.<\/p>\n<p><strong>Teknoloji ve Klinik Standartlar<\/strong><\/p>\n<p>Dr. \u00d6zer, alan\u0131ndaki teknolojik geli\u015fmeleri yak\u0131ndan takip eder ve uygun g\u00f6r\u00fclen yenilikleri klinik uygulamalar\u0131na entegre eder. Ama\u00e7; cerrahi hassasiyeti art\u0131rmak, hasta g\u00fcvenli\u011fini g\u00fc\u00e7lendirmek ve iyile\u015fme s\u00fcrecini daha \u00f6ng\u00f6r\u00fclebilir hale getirmektir.<\/p>\n<p><strong>Dr. S\u00fcleyman \u00d6zer<\/strong> ile y\u00fcz, v\u00fccut ve meme esteti\u011fi ba\u015fta olmak \u00fczere farkl\u0131 alanlarda; uzmanl\u0131k, planlama ve modern yakla\u015f\u0131m\u0131n birle\u015fti\u011fi bir tedavi deneyimi hedeflenir. Size uygun de\u011ferlendirme ve ki\u015fiselle\u015ftirilmi\u015f plan i\u00e7in klini\u011fimizle ileti\u015fime ge\u00e7ebilirsiniz.<\/p>\n<\/div><\/div><\/div><\/div><div class=\"wpb_column vc_column_container\"><div class=\"vc_column-inner\"><div class=\"w-image us_custom_9cf479d2 align_none\"><div class=\"w-image-h\"><img decoding=\"async\" width=\"683\" height=\"1024\" src=\"https:\/\/drsuleymanozer.com\/wp-content\/uploads\/2025\/10\/DR-Suleyman-Ozer-9-683x1024.webp\" class=\"attachment-large size-large\" alt=\"\" loading=\"lazy\" srcset=\"https:\/\/drsuleymanozer.com\/wp-content\/uploads\/2025\/10\/DR-Suleyman-Ozer-9-683x1024.webp 683w, https:\/\/drsuleymanozer.com\/wp-content\/uploads\/2025\/10\/DR-Suleyman-Ozer-9-200x300.webp 200w, https:\/\/drsuleymanozer.com\/wp-content\/uploads\/2025\/10\/DR-Suleyman-Ozer-9.webp 1000w\" sizes=\"auto, (max-width: 683px) 100vw, 683px\" title=\"\"><\/div><\/div><\/div><\/div><\/div><\/div><\/div><\/div><\/div><\/section><section class=\"l-section wpb_row us_custom_ab7619de height_large\"><div class=\"l-section-h i-cf\"><div class=\"g-cols vc_row via_grid cols_1 laptops-cols_inherit tablets-cols_inherit mobiles-cols_1 valign_top type_default stacking_default\"><div class=\"wpb_column vc_column_container\"><div class=\"vc_column-inner\"><div class=\"wpb_text_column\"><div class=\"wpb_wrapper\"><h2 style=\"text-align: center;\">Sertifikalar<\/h2>\n<\/div><\/div><div class=\"w-separator size_medium with_line width_30 thick_1 style_solid color_border align_center\"><div class=\"w-separator-h\"><\/div><\/div><div class=\"w-gallery fit_cover type_grid action_popup_image ratio_4x3 count_9\" style=\"--columns:3;--items-gap:10px;\"><div class=\"w-gallery-list\"><div class=\"w-gallery-item\"><div class=\"w-gallery-item-img\"><img loading=\"lazy\" decoding=\"async\" width=\"1024\" height=\"761\" src=\"https:\/\/drsuleymanozer.com\/wp-content\/uploads\/2025\/11\/b-9-1024x761.webp\" class=\"attachment-large size-large\" alt=\"\" srcset=\"https:\/\/drsuleymanozer.com\/wp-content\/uploads\/2025\/11\/b-9-1024x761.webp 1024w, https:\/\/drsuleymanozer.com\/wp-content\/uploads\/2025\/11\/b-9-300x223.webp 300w\" sizes=\"auto, (max-width: 1024px) 100vw, 1024px\" title=\"\"><\/div><a class=\"w-gallery-item-link\" aria-label=\"b-9\" href=\"https:\/\/drsuleymanozer.com\/wp-content\/uploads\/2025\/11\/b-9-scaled.webp\"><\/a><\/div><div class=\"w-gallery-item\"><div class=\"w-gallery-item-img\"><img loading=\"lazy\" decoding=\"async\" width=\"1024\" height=\"761\" src=\"https:\/\/drsuleymanozer.com\/wp-content\/uploads\/2025\/11\/b-10-1024x761.webp\" class=\"attachment-large size-large\" alt=\"\" srcset=\"https:\/\/drsuleymanozer.com\/wp-content\/uploads\/2025\/11\/b-10-1024x761.webp 1024w, https:\/\/drsuleymanozer.com\/wp-content\/uploads\/2025\/11\/b-10-300x223.webp 300w\" sizes=\"auto, (max-width: 1024px) 100vw, 1024px\" title=\"\"><\/div><a class=\"w-gallery-item-link\" aria-label=\"b-10\" href=\"https:\/\/drsuleymanozer.com\/wp-content\/uploads\/2025\/11\/b-10-scaled.webp\"><\/a><\/div><div class=\"w-gallery-item\"><div class=\"w-gallery-item-img\"><img loading=\"lazy\" decoding=\"async\" width=\"1024\" height=\"724\" src=\"https:\/\/drsuleymanozer.com\/wp-content\/uploads\/2025\/11\/b-3-1024x724.webp\" class=\"attachment-large size-large\" alt=\"\" srcset=\"https:\/\/drsuleymanozer.com\/wp-content\/uploads\/2025\/11\/b-3-1024x724.webp 1024w, https:\/\/drsuleymanozer.com\/wp-content\/uploads\/2025\/11\/b-3-300x212.webp 300w\" sizes=\"auto, (max-width: 1024px) 100vw, 1024px\" title=\"\"><\/div><a class=\"w-gallery-item-link\" aria-label=\"b-3\" href=\"https:\/\/drsuleymanozer.com\/wp-content\/uploads\/2025\/11\/b-3-scaled.webp\"><\/a><\/div><div class=\"w-gallery-item\"><div class=\"w-gallery-item-img\"><img loading=\"lazy\" decoding=\"async\" width=\"1024\" height=\"812\" src=\"https:\/\/drsuleymanozer.com\/wp-content\/uploads\/2025\/11\/b-8-1024x812.webp\" class=\"attachment-large size-large\" alt=\"\" srcset=\"https:\/\/drsuleymanozer.com\/wp-content\/uploads\/2025\/11\/b-8-1024x812.webp 1024w, https:\/\/drsuleymanozer.com\/wp-content\/uploads\/2025\/11\/b-8-300x238.webp 300w\" sizes=\"auto, (max-width: 1024px) 100vw, 1024px\" title=\"\"><\/div><a class=\"w-gallery-item-link\" aria-label=\"b-8\" href=\"https:\/\/drsuleymanozer.com\/wp-content\/uploads\/2025\/11\/b-8-scaled.webp\"><\/a><\/div><div class=\"w-gallery-item\"><div class=\"w-gallery-item-img\"><img loading=\"lazy\" decoding=\"async\" width=\"1024\" height=\"724\" src=\"https:\/\/drsuleymanozer.com\/wp-content\/uploads\/2025\/11\/b-7-1024x724.webp\" class=\"attachment-large size-large\" alt=\"\" srcset=\"https:\/\/drsuleymanozer.com\/wp-content\/uploads\/2025\/11\/b-7-1024x724.webp 1024w, https:\/\/drsuleymanozer.com\/wp-content\/uploads\/2025\/11\/b-7-300x212.webp 300w\" sizes=\"auto, (max-width: 1024px) 100vw, 1024px\" title=\"\"><\/div><a class=\"w-gallery-item-link\" aria-label=\"b-7\" href=\"https:\/\/drsuleymanozer.com\/wp-content\/uploads\/2025\/11\/b-7-scaled.webp\"><\/a><\/div><div class=\"w-gallery-item\"><div class=\"w-gallery-item-img\"><img loading=\"lazy\" decoding=\"async\" width=\"1024\" height=\"724\" src=\"https:\/\/drsuleymanozer.com\/wp-content\/uploads\/2025\/11\/b-6-1024x724.webp\" class=\"attachment-large size-large\" alt=\"\" srcset=\"https:\/\/drsuleymanozer.com\/wp-content\/uploads\/2025\/11\/b-6-1024x724.webp 1024w, https:\/\/drsuleymanozer.com\/wp-content\/uploads\/2025\/11\/b-6-300x212.webp 300w\" sizes=\"auto, (max-width: 1024px) 100vw, 1024px\" title=\"\"><\/div><a class=\"w-gallery-item-link\" aria-label=\"b-6\" href=\"https:\/\/drsuleymanozer.com\/wp-content\/uploads\/2025\/11\/b-6-scaled.webp\"><\/a><\/div><div class=\"w-gallery-item\"><div class=\"w-gallery-item-img\"><img loading=\"lazy\" decoding=\"async\" width=\"1024\" height=\"724\" src=\"https:\/\/drsuleymanozer.com\/wp-content\/uploads\/2025\/11\/b-5-1024x724.webp\" class=\"attachment-large size-large\" alt=\"\" srcset=\"https:\/\/drsuleymanozer.com\/wp-content\/uploads\/2025\/11\/b-5-1024x724.webp 1024w, https:\/\/drsuleymanozer.com\/wp-content\/uploads\/2025\/11\/b-5-300x212.webp 300w\" sizes=\"auto, (max-width: 1024px) 100vw, 1024px\" title=\"\"><\/div><a class=\"w-gallery-item-link\" aria-label=\"b-5\" href=\"https:\/\/drsuleymanozer.com\/wp-content\/uploads\/2025\/11\/b-5-scaled.webp\"><\/a><\/div><div class=\"w-gallery-item\"><div class=\"w-gallery-item-img\"><img loading=\"lazy\" decoding=\"async\" width=\"1024\" height=\"724\" src=\"https:\/\/drsuleymanozer.com\/wp-content\/uploads\/2025\/11\/b-4-1024x724.webp\" class=\"attachment-large size-large\" alt=\"\" srcset=\"https:\/\/drsuleymanozer.com\/wp-content\/uploads\/2025\/11\/b-4-1024x724.webp 1024w, https:\/\/drsuleymanozer.com\/wp-content\/uploads\/2025\/11\/b-4-300x212.webp 300w\" sizes=\"auto, (max-width: 1024px) 100vw, 1024px\" title=\"\"><\/div><a class=\"w-gallery-item-link\" aria-label=\"b-4\" href=\"https:\/\/drsuleymanozer.com\/wp-content\/uploads\/2025\/11\/b-4-scaled.webp\"><\/a><\/div><div class=\"w-gallery-item\"><div class=\"w-gallery-item-img\"><img loading=\"lazy\" decoding=\"async\" width=\"813\" height=\"1024\" src=\"https:\/\/drsuleymanozer.com\/wp-content\/uploads\/2025\/11\/b-1-scaled-e1762242273333-813x1024.webp\" class=\"attachment-large size-large\" alt=\"\" srcset=\"https:\/\/drsuleymanozer.com\/wp-content\/uploads\/2025\/11\/b-1-scaled-e1762242273333-813x1024.webp 813w, https:\/\/drsuleymanozer.com\/wp-content\/uploads\/2025\/11\/b-1-scaled-e1762242273333-238x300.webp 238w, https:\/\/drsuleymanozer.com\/wp-content\/uploads\/2025\/11\/b-1-scaled-e1762242273333.webp 2032w\" sizes=\"auto, (max-width: 813px) 100vw, 813px\" title=\"\"><\/div><a class=\"w-gallery-item-link\" aria-label=\"b-1\" href=\"https:\/\/drsuleymanozer.com\/wp-content\/uploads\/2025\/11\/b-1-scaled-e1762242273333.webp\"><\/a><\/div><\/div><\/div><\/div><\/div><\/div><\/div><\/section>\n","protected":false},"excerpt":{"rendered":"Dr. S\u00fcleyman \u00d6zer, t\u0131p e\u011fitimini \u0130stanbul \u00dcniversitesi \u0130stanbul T\u0131p Fak\u00fcltesi\u2019nde tamamlayarak T\u0131p Doktoru unvan\u0131n\u0131 alm\u0131\u015ft\u0131r. Mezuniyetinin ard\u0131ndan, estetik t\u0131p ve plastik cerrahi alan\u0131ndaki bilgisini ulusal ve uluslararas\u0131 e\u011fitimlerle s\u00fcrekli geli\u015ftirmi\u015ftir. Modern teknolojileri, g\u00fcncel cerrahi yakla\u015f\u0131mlar\u0131 ve g\u00fc\u00e7l\u00fc klinik deneyimini bir araya getirerek; her hastan\u0131n ihtiya\u00e7 ve beklentilerine uygun, ki\u015fiselle\u015ftirilmi\u015f tedavi planlar\u0131 olu\u015fturur. Dr. \u00d6zer\u2019in yakla\u015f\u0131m\u0131nda...","protected":false},"author":1,"featured_media":0,"parent":0,"menu_order":0,"comment_status":"closed","ping_status":"closed","template":"","meta":{"footnotes":""},"class_list":["post-4501","page","type-page","status-publish","hentry"],"_links":{"self":[{"href":"https:\/\/drsuleymanozer.com\/tr\/wp-json\/wp\/v2\/pages\/4501","targetHints":{"allow":["GET"]}}],"collection":[{"href":"https:\/\/drsuleymanozer.com\/tr\/wp-json\/wp\/v2\/pages"}],"about":[{"href":"https:\/\/drsuleymanozer.com\/tr\/wp-json\/wp\/v2\/types\/page"}],"author":[{"embeddable":true,"href":"https:\/\/drsuleymanozer.com\/tr\/wp-json\/wp\/v2\/users\/1"}],"replies":[{"embeddable":true,"href":"https:\/\/drsuleymanozer.com\/tr\/wp-json\/wp\/v2\/comments?post=4501"}],"version-history":[{"count":7,"href":"https:\/\/drsuleymanozer.com\/tr\/wp-json\/wp\/v2\/pages\/4501\/revisions"}],"predecessor-version":[{"id":9245,"href":"https:\/\/drsuleymanozer.com\/tr\/wp-json\/wp\/v2\/pages\/4501\/revisions\/9245"}],"wp:attachment":[{"href":"https:\/\/drsuleymanozer.com\/tr\/wp-json\/wp\/v2\/media?parent=4501"}],"curies":[{"name":"wp","href":"https:\/\/api.w.org\/{rel}","templated":true}]}}