{"id":4768,"date":"2025-10-16T09:59:44","date_gmt":"2025-10-16T06:59:44","guid":{"rendered":"https:\/\/drsuleymanozer.com\/meme-estetigi\/"},"modified":"2025-12-30T15:56:06","modified_gmt":"2025-12-30T12:56:06","slug":"meme-estetigi","status":"publish","type":"page","link":"https:\/\/drsuleymanozer.com\/tr\/meme-estetigi\/","title":{"rendered":"Meme Esteti\u011fi"},"content":{"rendered":"<section class=\"l-section wpb_row us_custom_e8723c1f has_text_color height_large\"><div class=\"l-section-h i-cf\"><div class=\"g-cols vc_row via_grid cols_1 laptops-cols_inherit tablets-cols_inherit mobiles-cols_1 valign_top type_default stacking_default\"><div class=\"wpb_column vc_column_container\"><div class=\"vc_column-inner\"><div class=\"wpb_text_column\"><div class=\"wpb_wrapper\"><h1 style=\"text-align: center;\">Meme Esteti\u011fi<\/h1>\n<p style=\"text-align: center;\">Kapsaml\u0131 estetik prosed\u00fcrlerimizle g\u00fczel, orant\u0131l\u0131 g\u00f6\u011f\u00fcslere kavu\u015fun. Tamamen do\u011fal g\u00f6r\u00fcnen ve hissedilen sonu\u00e7lar sa\u011flamak i\u00e7in geli\u015fmi\u015f teknikler kullanarak meme b\u00fcy\u00fctme, k\u00fc\u00e7\u00fcltme, dikle\u015ftirme ve meme ucu d\u00fczeltme konusunda uzman\u0131z.<\/p>\n<\/div><\/div><div class=\"w-separator size_medium\"><\/div><nav class=\"g-breadcrumbs us_custom_6df4bc3a has_text_color separator_icon align_center\" itemscope itemtype=\"http:\/\/schema.org\/BreadcrumbList\"><div class=\"g-breadcrumbs-item\" itemscope itemprop=\"itemListElement\" itemtype=\"http:\/\/schema.org\/ListItem\"><a itemprop=\"item\" href=\"https:\/\/drsuleymanozer.com\/tr\/\"><span itemprop=\"name\">Anasayfa<\/span><\/a><meta itemprop=\"position\" content=\"1\"\/><\/div><div class=\"g-breadcrumbs-separator\"><i class=\"far fa-angle-right\"><\/i><\/div><div class=\"g-breadcrumbs-item\">Sayfalar<\/div><\/nav><\/div><\/div><\/div><\/div><\/section><section class=\"l-section wpb_row us_custom_44b472e0 height_large\"><div class=\"l-section-h i-cf\"><div class=\"g-cols vc_row via_grid cols_1 laptops-cols_inherit tablets-cols_inherit mobiles-cols_1 valign_top type_default stacking_default\"><div class=\"wpb_column vc_column_container\"><div class=\"vc_column-inner\"><div class=\"w-grid us_post_list type_grid layout_316 cols_4 preload_style_spinner ratio_3x4\" id=\"us_post_list_o32a\" style=\"--columns:4;--gap:10px;--item-ratio:1.33333;\"><style>@media (max-width:1024px){#us_post_list_o32a{--columns:2!important}}@media (max-width:600px){#us_post_list_o32a{--columns:2!important}}.layout_316 .w-grid-item-h{border-radius:1rem;box-shadow:0 0rem 0rem rgba(0,0,0,0.1),0 0rem 0rem rgba(0,0,0,0.1);transition-duration:0.3s}.no-touch .layout_316 .w-grid-item-h:hover{box-shadow:0 0.12rem 0.24rem rgba(0,0,0,0.1),0 0.4rem 1.2rem rgba(0,0,0,0.15);z-index:4}.layout_316 .usg_post_image_1{position:absolute!important}.layout_316 .usg_vwrapper_1{position:absolute!important;left:0!important;bottom:0!important;right:0!important;padding:15% 7% 15% 7%!important}.layout_316 .usg_post_title_1{color:#fff!important;text-align:center!important;font-size:1.4rem!important;font-weight:700!important}@media (min-width:1025px) and (max-width:1380px){.layout_316 .usg_post_title_1{color:#fff!important;text-align:center!important;font-size:1.4rem!important;font-weight:700!important}}@media (min-width:601px) and (max-width:1024px){.layout_316 .usg_post_title_1{color:#fff!important;text-align:center!important;font-size:1rem!important;font-weight:700!important}}@media (max-width:600px){.layout_316 .usg_post_title_1{color:#fff!important;text-align:center!important;font-size:1rem!important;font-weight:700!important}}<\/style><div class=\"w-grid-list\">\t<article class=\"w-grid-item size_1x1 post-4481 page type-page status-publish has-post-thumbnail hentry\" data-id=\"4481\">\r\n\t\t<div class=\"w-grid-item-h\">\r\n\t\t\t\t\t\t\t<a href=\"https:\/\/drsuleymanozer.com\/tr\/\" class=\"w-grid-item-anchor\" aria-label=\"Dr. S\u00fcleyman \u00d6zer\"><\/a>\r\n\t\t\t\t\t\t<div class=\"w-post-elm post_image usg_post_image_1 has_ratio\"><img loading=\"lazy\" decoding=\"async\" width=\"431\" height=\"389\" src=\"https:\/\/drsuleymanozer.com\/wp-content\/uploads\/2025\/09\/screenshot.jpg\" class=\"attachment-full size-full wp-post-image\" alt=\"\" title=\"\"><div style=\"padding-bottom:133.3333%\"><\/div><\/div><div class=\"w-vwrapper usg_vwrapper_1 align_none valign_top\"><h2 class=\"w-post-elm post_title usg_post_title_1 has_text_color entry-title color_link_inherit\">Dr. S\u00fcleyman \u00d6zer<\/h2><\/div>\t\t<\/div>\r\n\t\t\t<\/article>\r\n\t<article class=\"w-grid-item size_1x1 post-4455 page type-page status-publish hentry\" data-id=\"4455\">\r\n\t\t<div class=\"w-grid-item-h\">\r\n\t\t\t\t\t\t\t<a href=\"https:\/\/drsuleymanozer.com\/tr\/operasyonlar\/\" class=\"w-grid-item-anchor\" aria-label=\"Operasyonlar\"><\/a>\r\n\t\t\t\t\t\t<div class=\"w-vwrapper usg_vwrapper_1 align_none valign_top\"><h2 class=\"w-post-elm post_title usg_post_title_1 has_text_color entry-title color_link_inherit\">Operasyonlar<\/h2><\/div>\t\t<\/div>\r\n\t\t\t<\/article>\r\n\t<article class=\"w-grid-item size_1x1 post-4447 page type-page status-publish hentry\" data-id=\"4447\">\r\n\t\t<div class=\"w-grid-item-h\">\r\n\t\t\t\t\t\t\t<a href=\"https:\/\/drsuleymanozer.com\/tr\/blog\/\" class=\"w-grid-item-anchor\" aria-label=\"Blog\"><\/a>\r\n\t\t\t\t\t\t<div class=\"w-vwrapper usg_vwrapper_1 align_none valign_top\"><h2 class=\"w-post-elm post_title usg_post_title_1 has_text_color entry-title color_link_inherit\">Blog<\/h2><\/div>\t\t<\/div>\r\n\t\t\t<\/article>\r\n\t<article class=\"w-grid-item size_1x1 post-4440 page type-page status-publish hentry\" data-id=\"4440\">\r\n\t\t<div class=\"w-grid-item-h\">\r\n\t\t\t\t\t\t\t<a href=\"https:\/\/drsuleymanozer.com\/tr\/iletisim\/\" class=\"w-grid-item-anchor\" aria-label=\"\u0130leti\u015fim\"><\/a>\r\n\t\t\t\t\t\t<div class=\"w-vwrapper usg_vwrapper_1 align_none valign_top\"><h2 class=\"w-post-elm post_title usg_post_title_1 has_text_color entry-title color_link_inherit\">\u0130leti\u015fim<\/h2><\/div>\t\t<\/div>\r\n\t\t\t<\/article>\r\n\t<article class=\"w-grid-item size_1x1 post-4501 page type-page status-publish hentry\" data-id=\"4501\">\r\n\t\t<div class=\"w-grid-item-h\">\r\n\t\t\t\t\t\t\t<a href=\"https:\/\/drsuleymanozer.com\/tr\/hakkimizda\/\" class=\"w-grid-item-anchor\" aria-label=\"Hakk\u0131m\u0131zda\"><\/a>\r\n\t\t\t\t\t\t<div class=\"w-vwrapper usg_vwrapper_1 align_none valign_top\"><h2 class=\"w-post-elm post_title usg_post_title_1 has_text_color entry-title color_link_inherit\">Hakk\u0131m\u0131zda<\/h2><\/div>\t\t<\/div>\r\n\t\t\t<\/article>\r\n\t<article class=\"w-grid-item size_1x1 post-4461 page type-page status-publish hentry\" data-id=\"4461\">\r\n\t\t<div class=\"w-grid-item-h\">\r\n\t\t\t\t\t\t\t<a href=\"https:\/\/drsuleymanozer.com\/tr\/ekibimiz\/\" class=\"w-grid-item-anchor\" aria-label=\"Ekibimiz\"><\/a>\r\n\t\t\t\t\t\t<div class=\"w-vwrapper usg_vwrapper_1 align_none valign_top\"><h2 class=\"w-post-elm post_title usg_post_title_1 has_text_color entry-title color_link_inherit\">Ekibimiz<\/h2><\/div>\t\t<\/div>\r\n\t\t\t<\/article>\r\n\t<article class=\"w-grid-item size_1x1 post-4943 page type-page status-publish hentry\" data-id=\"4943\">\r\n\t\t<div class=\"w-grid-item-h\">\r\n\t\t\t\t\t\t\t<a href=\"https:\/\/drsuleymanozer.com\/tr\/arama\/\" class=\"w-grid-item-anchor\" aria-label=\"Arama\"><\/a>\r\n\t\t\t\t\t\t<div class=\"w-vwrapper usg_vwrapper_1 align_none valign_top\"><h2 class=\"w-post-elm post_title usg_post_title_1 has_text_color entry-title color_link_inherit\">Arama<\/h2><\/div>\t\t<\/div>\r\n\t\t\t<\/article>\r\n\t<article class=\"w-grid-item size_1x1 post-4779 page type-page status-publish has-post-thumbnail hentry\" data-id=\"4779\">\r\n\t\t<div class=\"w-grid-item-h\">\r\n\t\t\t\t\t\t\t<a href=\"https:\/\/drsuleymanozer.com\/tr\/yuz-estetigi\/\" class=\"w-grid-item-anchor\" aria-label=\"Y\u00fcz Esteti\u011fi\"><\/a>\r\n\t\t\t\t\t\t<div class=\"w-post-elm post_image usg_post_image_1 has_ratio\"><img loading=\"lazy\" decoding=\"async\" width=\"400\" height=\"533\" src=\"https:\/\/drsuleymanozer.com\/wp-content\/uploads\/2025\/11\/Face-Aesthetic.jpg\" class=\"attachment-full size-full wp-post-image\" alt=\"\" title=\"\"><div style=\"padding-bottom:133.3333%\"><\/div><\/div><div class=\"w-vwrapper usg_vwrapper_1 align_none valign_top\"><h2 class=\"w-post-elm post_title usg_post_title_1 has_text_color entry-title color_link_inherit\">Y\u00fcz Esteti\u011fi<\/h2><\/div>\t\t<\/div>\r\n\t\t\t<\/article>\r\n\t<article class=\"w-grid-item size_1x1 post-4773 page type-page status-publish has-post-thumbnail hentry\" data-id=\"4773\">\r\n\t\t<div class=\"w-grid-item-h\">\r\n\t\t\t\t\t\t\t<a href=\"https:\/\/drsuleymanozer.com\/tr\/vucut-estetigi\/\" class=\"w-grid-item-anchor\" aria-label=\"V\u00fccut Esteti\u011fi\"><\/a>\r\n\t\t\t\t\t\t<div class=\"w-post-elm post_image usg_post_image_1 has_ratio\"><img loading=\"lazy\" decoding=\"async\" width=\"400\" height=\"533\" src=\"https:\/\/drsuleymanozer.com\/wp-content\/uploads\/2025\/11\/Body-Aesthetic.jpg\" class=\"attachment-full size-full wp-post-image\" alt=\"\" title=\"\"><div style=\"padding-bottom:133.3333%\"><\/div><\/div><div class=\"w-vwrapper usg_vwrapper_1 align_none valign_top\"><h2 class=\"w-post-elm post_title usg_post_title_1 has_text_color entry-title color_link_inherit\">V\u00fccut Esteti\u011fi<\/h2><\/div>\t\t<\/div>\r\n\t\t\t<\/article>\r\n\t<article class=\"w-grid-item size_1x1 post-4768 page type-page status-publish has-post-thumbnail hentry\" data-id=\"4768\">\r\n\t\t<div class=\"w-grid-item-h\">\r\n\t\t\t\t\t\t\t<a href=\"https:\/\/drsuleymanozer.com\/tr\/meme-estetigi\/\" class=\"w-grid-item-anchor\" aria-label=\"Meme Esteti\u011fi\"><\/a>\r\n\t\t\t\t\t\t<div class=\"w-post-elm post_image usg_post_image_1 has_ratio\"><img loading=\"lazy\" decoding=\"async\" width=\"400\" height=\"533\" src=\"https:\/\/drsuleymanozer.com\/wp-content\/uploads\/2025\/11\/Breast-Aesthetic.jpg\" class=\"attachment-full size-full wp-post-image\" alt=\"\" title=\"\"><div style=\"padding-bottom:133.3333%\"><\/div><\/div><div class=\"w-vwrapper usg_vwrapper_1 align_none valign_top\"><h2 class=\"w-post-elm post_title usg_post_title_1 has_text_color entry-title color_link_inherit\">Meme Esteti\u011fi<\/h2><\/div>\t\t<\/div>\r\n\t\t\t<\/article>\r\n\t<article class=\"w-grid-item size_1x1 post-4453 page type-page status-publish hentry\" data-id=\"4453\">\r\n\t\t<div class=\"w-grid-item-h\">\r\n\t\t\t\t\t\t\t<a href=\"https:\/\/drsuleymanozer.com\/tr\/kariyer\/\" class=\"w-grid-item-anchor\" aria-label=\"Kariyer\"><\/a>\r\n\t\t\t\t\t\t<div class=\"w-vwrapper usg_vwrapper_1 align_none valign_top\"><h2 class=\"w-post-elm post_title usg_post_title_1 has_text_color entry-title color_link_inherit\">Kariyer<\/h2><\/div>\t\t<\/div>\r\n\t\t\t<\/article>\r\n\t<article class=\"w-grid-item size_1x1 post-4446 page type-page status-publish hentry\" data-id=\"4446\">\r\n\t\t<div class=\"w-grid-item-h\">\r\n\t\t\t\t\t\t\t<a href=\"https:\/\/drsuleymanozer.com\/tr\/medya-kiti\/\" class=\"w-grid-item-anchor\" aria-label=\"Medya Kiti\"><\/a>\r\n\t\t\t\t\t\t<div class=\"w-vwrapper usg_vwrapper_1 align_none valign_top\"><h2 class=\"w-post-elm post_title usg_post_title_1 has_text_color entry-title color_link_inherit\">Medya Kiti<\/h2><\/div>\t\t<\/div>\r\n\t\t\t<\/article>\r\n<\/div><div class=\"g-loadmore hidden\"><div class=\"g-preloader type_1\"><div><\/div><\/div><\/div><div class=\"w-grid-list-json hidden\" onclick='return {&quot;max_num_pages&quot;:0,&quot;paginationBase&quot;:&quot;page&quot;,&quot;pagination&quot;:&quot;none&quot;,&quot;paged&quot;:1,&quot;ajaxData&quot;:{&quot;action&quot;:&quot;us_ajax_post_list&quot;,&quot;meta_type&quot;:&quot;post&quot;,&quot;object_id&quot;:0,&quot;template_vars&quot;:{&quot;shortcode_base&quot;:&quot;us_post_list&quot;,&quot;paged&quot;:1,&quot;max_num_pages&quot;:0,&quot;no_results&quot;:false,&quot;us_post_content_design_css&quot;:[],&quot;found_posts&quot;:0,&quot;items_count&quot;:12,&quot;source&quot;:&quot;child_posts_of_current&quot;,&quot;ids&quot;:&quot;&quot;,&quot;post_type&quot;:&quot;post&quot;,&quot;attachment_ids&quot;:null,&quot;include_post_thumbnail&quot;:0,&quot;post_author&quot;:&quot;any&quot;,&quot;post_author_ids&quot;:&quot;&quot;,&quot;apply_url_params&quot;:0,&quot;exclude_children&quot;:0,&quot;exclude_current_post&quot;:1,&quot;exclude_prev_posts&quot;:0,&quot;enable_items_offset&quot;:0,&quot;items_offset&quot;:&quot;1&quot;,&quot;tax_query_relation&quot;:&quot;none&quot;,&quot;tax_query&quot;:[{&quot;operator&quot;:&quot;IN&quot;,&quot;taxonomy&quot;:&quot;category&quot;,&quot;terms&quot;:&quot;&quot;,&quot;include_children&quot;:0}],&quot;meta_query_relation&quot;:&quot;none&quot;,&quot;meta_query&quot;:[{&quot;key&quot;:&quot;custom_field_name&quot;,&quot;compare&quot;:&quot;=&quot;,&quot;value&quot;:&quot;&quot;}],&quot;orderby&quot;:&quot;date&quot;,&quot;orderby_custom_field&quot;:&quot;&quot;,&quot;orderby_custom_type&quot;:0,&quot;order_invert&quot;:0,&quot;show_all&quot;:0,&quot;quantity&quot;:&quot;12&quot;,&quot;posts_per_archive_page&quot;:0,&quot;no_items_action&quot;:&quot;message&quot;,&quot;no_items_message&quot;:&quot;Herhangi bir sonu\\u00e7 bulunamad\\u0131.&quot;,&quot;no_items_page_block&quot;:&quot;&quot;,&quot;pagination&quot;:&quot;none&quot;,&quot;pagination_style&quot;:&quot;&quot;,&quot;pagination_btn_text&quot;:&quot;Daha fazla&quot;,&quot;pagination_btn_size&quot;:&quot;&quot;,&quot;pagination_btn_style&quot;:&quot;1&quot;,&quot;pagination_btn_fullwidth&quot;:0,&quot;items_layout&quot;:&quot;316&quot;,&quot;type&quot;:&quot;grid&quot;,&quot;items_valign&quot;:0,&quot;ignore_items_size&quot;:0,&quot;columns&quot;:&quot;4&quot;,&quot;items_gap&quot;:&quot;10px&quot;,&quot;load_animation&quot;:&quot;none&quot;,&quot;items_preload_style&quot;:&quot;spinner&quot;,&quot;img_size&quot;:&quot;default&quot;,&quot;title_size&quot;:&quot;&quot;,&quot;items_ratio&quot;:&quot;default&quot;,&quot;items_ratio_width&quot;:&quot;21&quot;,&quot;items_ratio_height&quot;:&quot;9&quot;,&quot;overriding_link&quot;:&quot;%7B%22type%22%3A%22post%22%7D&quot;,&quot;popup_page_template&quot;:&quot;0&quot;,&quot;popup_width&quot;:&quot;&quot;,&quot;popup_arrows&quot;:1,&quot;breakpoint_1_width&quot;:&quot;1381px&quot;,&quot;breakpoint_1_cols&quot;:&quot;default&quot;,&quot;breakpoint_1_quantity&quot;:&quot;&quot;,&quot;breakpoint_1_gap&quot;:&quot;&quot;,&quot;breakpoint_2_width&quot;:&quot;1025px&quot;,&quot;breakpoint_2_cols&quot;:&quot;2&quot;,&quot;breakpoint_2_quantity&quot;:&quot;&quot;,&quot;breakpoint_2_gap&quot;:&quot;&quot;,&quot;breakpoint_3_width&quot;:&quot;601px&quot;,&quot;breakpoint_3_cols&quot;:&quot;2&quot;,&quot;breakpoint_3_quantity&quot;:&quot;&quot;,&quot;breakpoint_3_gap&quot;:&quot;&quot;,&quot;conditions_operator&quot;:&quot;always&quot;,&quot;conditions&quot;:[],&quot;css&quot;:null,&quot;el_class&quot;:&quot;&quot;,&quot;el_id&quot;:&quot;&quot;,&quot;enable_custom_html_atts&quot;:0,&quot;custom_html_atts&quot;:null,&quot;hide_on_states&quot;:&quot;&quot;,&quot;hide_for_sticky&quot;:0,&quot;hide_for_not_sticky&quot;:0,&quot;hide_below&quot;:&quot;0px&quot;,&quot;hide_above&quot;:&quot;0px&quot;,&quot;classes&quot;:&quot;&quot;}},&quot;facetedFilter&quot;:[]}'><\/div><\/div><div class=\"w-separator size_medium\"><\/div><div class=\"g-cols wpb_row via_grid cols_2 laptops-cols_inherit tablets-cols_inherit mobiles-cols_1 valign_top type_default stacking_default\" style=\"--columns-gap:20px;\"><div class=\"wpb_column vc_column_container\"><div class=\"vc_column-inner\"><div class=\"w-flipbox animation_cardflip direction_w\"><div class=\"w-flipbox-h easing_ease\" style=\"transition-duration:0.5s;\"><div class=\"w-flipbox-hh\"><div class=\"w-flipbox-front us_custom_f11d7508\" style=\"background:var(--color-mia-color);color:#ffffff;background-image:url(https:\/\/drsuleymanozer.com\/wp-content\/uploads\/2025\/11\/mia-bg.webp);\"><div class=\"w-flipbox-front-h\"><div class=\"w-flipbox-front-icon type_image\" style=\"width:180px;\"><img loading=\"lazy\" decoding=\"async\" width=\"254\" height=\"163\" src=\"https:\/\/drsuleymanozer.com\/wp-content\/uploads\/2025\/11\/mia-beyaz-1.png\" class=\"attachment-medium size-medium\" alt=\"\" title=\"\"><\/div><\/div><\/div><div class=\"w-flipbox-back us_custom_f11d7508\" style=\"display:none;background:var(--color-mia-color);color:#ffffff;\"><div class=\"w-flipbox-back-h\"><h2 class=\"w-flipbox-back-title\">Mia Femtech<\/h2><div class=\"w-flipbox-back-desc\"><p>Geli\u015fmi\u015f Mia Femtech\u2122 teknolojisiyle g\u00f6\u011f\u00fcs esteti\u011finde yeni bir d\u00f6nem.<\/p>\n<\/div><\/div><\/div><\/div><\/div><a href=\"https:\/\/drsuleymanozer.com\/tr\/mia-femtech\/\"><\/a><\/div><\/div><\/div><div class=\"wpb_column vc_column_container\"><div class=\"vc_column-inner\"><div class=\"w-flipbox animation_cardflip direction_w\"><div class=\"w-flipbox-h easing_ease\" style=\"transition-duration:0.5s;\"><div class=\"w-flipbox-hh\"><div class=\"w-flipbox-front us_custom_f11d7508\" style=\"background:var(--color-chrome-toolbar);color:#ffffff;background-image:url(https:\/\/drsuleymanozer.com\/wp-content\/uploads\/2025\/11\/preserve-bg.png);\"><div class=\"w-flipbox-front-h\"><div class=\"w-flipbox-front-icon type_image\" style=\"width:200px;\"><img loading=\"lazy\" decoding=\"async\" width=\"300\" height=\"58\" src=\"https:\/\/drsuleymanozer.com\/wp-content\/uploads\/2025\/12\/preserve-logo-white-300x58.png\" class=\"attachment-medium size-medium\" alt=\"\" title=\"\"><\/div><\/div><\/div><div class=\"w-flipbox-back us_custom_f11d7508\" style=\"display:none;background:var(--color-chrome-toolbar);color:#ffffff;\"><div class=\"w-flipbox-back-h\"><h2 class=\"w-flipbox-back-title\">Preserve<\/h2><div class=\"w-flipbox-back-desc\"><p>Preserve\u2122: Anatomik Koruma ile Meme B\u00fcy\u00fctmenin Yeniden Tan\u0131mlanmas\u0131<\/p>\n<\/div><\/div><\/div><\/div><\/div><a href=\"https:\/\/drsuleymanozer.com\/tr\/preserve\/\"><\/a><\/div><\/div><\/div><\/div><\/div><\/div><\/div><\/div><\/section><section class=\"l-section wpb_row height_large\"><div class=\"l-section-h i-cf\"><div class=\"g-cols vc_row via_grid cols_1 laptops-cols_inherit tablets-cols_inherit mobiles-cols_1 valign_top type_default stacking_default\"><div class=\"wpb_column vc_column_container\"><div class=\"vc_column-inner\"><div class=\"wpb_text_column\"><div class=\"wpb_wrapper\"><h2 style=\"text-align: center;\">Meme Esteti\u011fi Hakk\u0131nda S\u0131k\u00e7a Sorulan Sorular<\/h2>\n<\/div><\/div><div class=\"w-separator size_medium\"><\/div><div class=\"w-tabs style_default switch_click accordion\" style=\"--sections-title-size:inherit\"><div class=\"w-tabs-sections titles-align_none icon_chevron cpos_right\"><div class=\"w-tabs-section\" id=\"k0e8\"><button class=\"w-tabs-section-header\" aria-controls=\"content-k0e8\" aria-expanded=\"false\"><div class=\"w-tabs-section-title\">Uluslararas\u0131 hastalar meme b\u00fcy\u00fctme i\u00e7in neden T\u00fcrkiye&#8217;yi tercih ediyor?<\/div><div class=\"w-tabs-section-control\"><\/div><\/button><div  class=\"w-tabs-section-content\" id=\"content-k0e8\"><div class=\"w-tabs-section-content-h i-cf\"><div class=\"wpb_text_column\"><div class=\"wpb_wrapper\"><p>T\u00fcrk cerrahlar, do\u011fal g\u00f6r\u00fcn\u00fcml\u00fc sonu\u00e7lar elde eden sanatsal yakla\u015f\u0131mlar\u0131yla \u00fcnl\u00fcd\u00fcr. Y\u00fcksek kaliteli, sertifikal\u0131 implantlar\u0131n kullan\u0131m\u0131 ve %60&#8217;a varan maliyet tasarrufu ile birle\u015fti\u011finde, T\u00fcrkiye meme cerrahisi i\u00e7in rakipsiz bir de\u011fer \u00f6nerisi sunmaktad\u0131r.<\/p>\n<\/div><\/div><\/div><\/div><\/div><div class=\"w-tabs-section\" id=\"m273\"><button class=\"w-tabs-section-header\" aria-controls=\"content-m273\" aria-expanded=\"false\"><div class=\"w-tabs-section-title\">T\u00fcrkiye&#8217;de kullan\u0131lan meme implantlar\u0131 g\u00fcvenli ve sertifikal\u0131 m\u0131?<\/div><div class=\"w-tabs-section-control\"><\/div><\/button><div  class=\"w-tabs-section-content\" id=\"content-m273\"><div class=\"w-tabs-section-content-h i-cf\"><div class=\"wpb_text_column\"><div class=\"wpb_wrapper\"><p>Evet, istisnas\u0131z. T\u00fcm kliniklerde d\u00fcnyan\u0131n \u00f6nde gelen \u00fcreticilerinin (Mentor, Natrelle ve Polytech gibi) CE ve FDA onayl\u0131 implantlar\u0131 kullan\u0131lmaktad\u0131r. G\u00fcvenli\u011finiz ve malzemelerin kalitesi en \u00f6nemli \u00f6nceli\u011fimizdir.<\/p>\n<\/div><\/div><\/div><\/div><\/div><div class=\"w-tabs-section\" id=\"i3fe\"><button class=\"w-tabs-section-header\" aria-controls=\"content-i3fe\" aria-expanded=\"false\"><div class=\"w-tabs-section-title\">Meme ameliyat\u0131n\u0131 T\u00fcrkiye&#8217;de bir tatille birle\u015ftirebilir miyim?<\/div><div class=\"w-tabs-section-control\"><\/div><\/button><div  class=\"w-tabs-section-content\" id=\"content-i3fe\"><div class=\"w-tabs-section-content-h i-cf\"><div class=\"wpb_text_column\"><div class=\"wpb_wrapper\"><p>Yorucu aktiviteler yasak olsa da, bir\u00e7ok hasta nazik bir &#8220;iyile\u015fme tatilinin&#8221; tad\u0131n\u0131 \u00e7\u0131kar\u0131r. Her \u015fey dahil paketlerimiz genellikle konforlu otel konaklamalar\u0131n\u0131 i\u00e7erir ve eve d\u00f6nmeden \u00f6nce yeni bir ortamda rahatlaman\u0131za ve iyile\u015fmenize olanak tan\u0131r.<\/p>\n<\/div><\/div><\/div><\/div><\/div><div class=\"w-tabs-section\" id=\"p565\"><button class=\"w-tabs-section-header\" aria-controls=\"content-p565\" aria-expanded=\"false\"><div class=\"w-tabs-section-title\">Uluslararas\u0131 hastalar i\u00e7in ne t\u00fcr bir bak\u0131m sonras\u0131 destek sa\u011fl\u0131yorsunuz?<\/div><div class=\"w-tabs-section-control\"><\/div><\/button><div  class=\"w-tabs-section-content\" id=\"content-p565\"><div class=\"w-tabs-section-content-h i-cf\"><div class=\"wpb_text_column\"><div class=\"wpb_wrapper\"><p>Ayr\u0131nt\u0131l\u0131 iyile\u015fme talimatlar\u0131, 7\/24 hasta koordinat\u00f6r\u00fc eri\u015fimi ve sonu\u00e7lar\u0131n\u0131z\u0131n m\u00fckemmel oldu\u011fundan emin olmak i\u00e7in eve d\u00f6nd\u00fckten sonra cerrah\u0131n\u0131zla sanal takip kons\u00fcltasyonlar\u0131 dahil olmak \u00fczere kapsaml\u0131 ameliyat sonras\u0131 bak\u0131m sa\u011fl\u0131yoruz.<\/p>\n<\/div><\/div><\/div><\/div><\/div><div class=\"w-tabs-section\" id=\"d6a1\"><button class=\"w-tabs-section-header\" aria-controls=\"content-d6a1\" aria-expanded=\"false\"><div class=\"w-tabs-section-title\">T\u00fcrk\u00e7e bilmiyorsam cerrah\u0131mla nas\u0131l ileti\u015fim kurabilirim?<\/div><div class=\"w-tabs-section-control\"><\/div><\/button><div  class=\"w-tabs-section-content\" id=\"content-d6a1\"><div class=\"w-tabs-section-content-h i-cf\"><div class=\"wpb_text_column\"><div class=\"wpb_wrapper\"><p>Bu, basit bir \u00e7\u00f6z\u00fcm\u00fc olan yayg\u0131n bir endi\u015fedir. Yolculu\u011funuzun her ad\u0131m\u0131 profesyonel, ak\u0131c\u0131 \u0130ngilizce konu\u015fan \u00e7evirmenler ve hasta koordinat\u00f6rleri taraf\u0131ndan desteklenir ve t\u0131bbi ekibinizle net bir ileti\u015fim sa\u011flan\u0131r.<\/p>\n<\/div><\/div><\/div><\/div><\/div><\/div><\/div><\/div><\/div><\/div><\/div><\/section>\n","protected":false},"excerpt":{"rendered":"Marka Varl\u0131klar\u0131 ve Bas\u0131n Materyalleri Medya yay\u0131nlar\u0131 ve kurumsal ileti\u015fim ihtiya\u00e7lar\u0131 i\u00e7in haz\u0131rlanm\u0131\u015f; logo dosyalar\u0131, onayl\u0131 g\u00f6rseller ve marka k\u0131lavuzuna buradan ula\u015fabilirsiniz. Koyu Logo PNG\u0130ndirBeyaz Logo PNG\u0130ndirAlt\u0131n Logo PNG\u0130ndirKoyu Logo SVG\u0130ndirBeyaz Logo SVG\u0130ndirAlt\u0131n Logo SVG\u0130ndir","protected":false},"author":1,"featured_media":4769,"parent":0,"menu_order":0,"comment_status":"closed","ping_status":"closed","template":"","meta":{"footnotes":""},"class_list":["post-4768","page","type-page","status-publish","has-post-thumbnail","hentry"],"_links":{"self":[{"href":"https:\/\/drsuleymanozer.com\/tr\/wp-json\/wp\/v2\/pages\/4768","targetHints":{"allow":["GET"]}}],"collection":[{"href":"https:\/\/drsuleymanozer.com\/tr\/wp-json\/wp\/v2\/pages"}],"about":[{"href":"https:\/\/drsuleymanozer.com\/tr\/wp-json\/wp\/v2\/types\/page"}],"author":[{"embeddable":true,"href":"https:\/\/drsuleymanozer.com\/tr\/wp-json\/wp\/v2\/users\/1"}],"replies":[{"embeddable":true,"href":"https:\/\/drsuleymanozer.com\/tr\/wp-json\/wp\/v2\/comments?post=4768"}],"version-history":[{"count":15,"href":"https:\/\/drsuleymanozer.com\/tr\/wp-json\/wp\/v2\/pages\/4768\/revisions"}],"predecessor-version":[{"id":8778,"href":"https:\/\/drsuleymanozer.com\/tr\/wp-json\/wp\/v2\/pages\/4768\/revisions\/8778"}],"wp:featuredmedia":[{"embeddable":true,"href":"https:\/\/drsuleymanozer.com\/tr\/wp-json\/wp\/v2\/media\/4769"}],"wp:attachment":[{"href":"https:\/\/drsuleymanozer.com\/tr\/wp-json\/wp\/v2\/media?parent=4768"}],"curies":[{"name":"wp","href":"https:\/\/api.w.org\/{rel}","templated":true}]}}